{"id":32176,"date":"2026-02-27T00:16:17","date_gmt":"2026-02-27T00:16:17","guid":{"rendered":"https:\/\/nordicmart.andreevmaster.com\/product\/vasagle-ruokapoydan-tuoli-4-kpl-chenille-kangas-karamellinruskea\/"},"modified":"2026-02-27T09:38:16","modified_gmt":"2026-02-27T09:38:16","slug":"vasagle-ruokapoydan-tuoli-4-kpl-chenille-kangas-karamellinruskea","status":"publish","type":"product","link":"https:\/\/nordicmart.andreevmaster.com\/fi\/tuote\/vasagle-ruokapoydan-tuoli-4-kpl-chenille-kangas-karamellinruskea\/","title":{"rendered":"VASAGLE ruokap\u00f6yd\u00e4n tuoli, 4 kpl, chenille-kangas, karamellinruskea"},"content":{"rendered":"<p>VASAGLE ruokap\u00f6yd\u00e4n tuolien 4 kpl:n sarja, keitti\u00f6tuoli, verhoiltu tuoli, metallijalat, s\u00e4\u00e4dett\u00e4v\u00e4t jalat, helppohoitoinen, chenille-kangas, PU, j\u00e4\u00e4tik\u00f6iden inspiroima kuvio, kermanvalkoinen KDC188W01<br \/>\nV\u00e4ri: karamellinruskea<br \/>\nMateriaali: vaneri, ter\u00e4s, PU, chenille, vaahtomuovi<br \/>\nKoko per tuoli: 55 x 43,5 x 85,5 cm (S x L x K)<br \/>\nPaino per tuoli: 4,7 kg<br \/>\nSuurin staattinen kantavuus per tuoli: 120 kg<\/p>\n","protected":false},"excerpt":{"rendered":"<p>VASAGLE ruokap\u00f6yd\u00e4n tuolien 4 kpl:n sarja, keitti\u00f6tuoli, verhoiltu tuoli, metallijalat, s\u00e4\u00e4dett\u00e4v\u00e4t jalat, helppohoitoinen, chenille-kangas, PU, j\u00e4\u00e4tik\u00f6iden inspiroima kuvio, kermanvalkoinen KDC188W01<\/p>\n","protected":false},"featured_media":41222,"comment_status":"open","ping_status":"closed","template":"","meta":[],"product_brand":[],"product_cat":[32],"product_tag":[],"class_list":{"0":"post-32176","1":"product","2":"type-product","3":"status-publish","4":"has-post-thumbnail","6":"product_cat-uncategorized-fi","8":"first","9":"instock","10":"shipping-taxable","11":"purchasable","12":"product-type-simple"},"_links":{"self":[{"href":"https:\/\/nordicmart.andreevmaster.com\/fi\/wp-json\/wp\/v2\/product\/32176","targetHints":{"allow":["GET"]}}],"collection":[{"href":"https:\/\/nordicmart.andreevmaster.com\/fi\/wp-json\/wp\/v2\/product"}],"about":[{"href":"https:\/\/nordicmart.andreevmaster.com\/fi\/wp-json\/wp\/v2\/types\/product"}],"replies":[{"embeddable":true,"href":"https:\/\/nordicmart.andreevmaster.com\/fi\/wp-json\/wp\/v2\/comments?post=32176"}],"wp:featuredmedia":[{"embeddable":true,"href":"https:\/\/nordicmart.andreevmaster.com\/fi\/wp-json\/wp\/v2\/media\/41222"}],"wp:attachment":[{"href":"https:\/\/nordicmart.andreevmaster.com\/fi\/wp-json\/wp\/v2\/media?parent=32176"}],"wp:term":[{"taxonomy":"product_brand","embeddable":true,"href":"https:\/\/nordicmart.andreevmaster.com\/fi\/wp-json\/wp\/v2\/product_brand?post=32176"},{"taxonomy":"product_cat","embeddable":true,"href":"https:\/\/nordicmart.andreevmaster.com\/fi\/wp-json\/wp\/v2\/product_cat?post=32176"},{"taxonomy":"product_tag","embeddable":true,"href":"https:\/\/nordicmart.andreevmaster.com\/fi\/wp-json\/wp\/v2\/product_tag?post=32176"}],"curies":[{"name":"wp","href":"https:\/\/api.w.org\/{rel}","templated":true}]}}