{"id":32173,"date":"2026-02-27T00:16:17","date_gmt":"2026-02-27T00:16:17","guid":{"rendered":"https:\/\/nordicmart.andreevmaster.com\/product\/vasagle-ruokapoydan-tuoli-2-kpl-ulospain-suuntautuvat-jalat\/"},"modified":"2026-02-27T09:38:15","modified_gmt":"2026-02-27T09:38:15","slug":"vasagle-ruokapoydan-tuoli-2-kpl-ulospain-suuntautuvat-jalat","status":"publish","type":"product","link":"https:\/\/nordicmart.andreevmaster.com\/fi\/tuote\/vasagle-ruokapoydan-tuoli-2-kpl-ulospain-suuntautuvat-jalat\/","title":{"rendered":"VASAGLE ruokap\u00f6yd\u00e4n tuoli, 2 kpl, ulosp\u00e4in suuntautuvat jalat"},"content":{"rendered":"<p>VASAGLE ruokap\u00f6yd\u00e4n tuoli 2 kpl, keitti\u00f6tuoli, kantavuus 120 kg, tyyny 5,5 cm paksulla vaahtomuovilla pehmustettu, ulosp\u00e4in osoittavat jalat, toimistoon tai olohuoneeseen<br \/>\nV\u00e4ri: kermanvalkoinen-pilvinen valkoinen<br \/>\nMateriaali: vaneri, ter\u00e4s, polyuretaani, fleece, vaahtomuovi<br \/>\nKoko per tuoli: 61 x 56 x 81,5 cm (S x L x K)<br \/>\nPaino per tuoli: 12,4 kg<br \/>\nSuurin staattinen kantavuus per tuoli: 120 kg<\/p>\n","protected":false},"excerpt":{"rendered":"<p>VASAGLE ruokap\u00f6yd\u00e4n tuoli 2 kpl, keitti\u00f6tuoli, kantavuus 120 kg, tyyny 5,5 cm paksulla vaahtomuovilla pehmustettu, ulosp\u00e4in osoittavat jalat, toimistoon tai olohuoneeseen<\/p>\n","protected":false},"featured_media":41219,"comment_status":"open","ping_status":"closed","template":"","meta":[],"product_brand":[],"product_cat":[32],"product_tag":[],"class_list":{"0":"post-32173","1":"product","2":"type-product","3":"status-publish","4":"has-post-thumbnail","6":"product_cat-uncategorized-fi","8":"first","9":"instock","10":"shipping-taxable","11":"purchasable","12":"product-type-simple"},"_links":{"self":[{"href":"https:\/\/nordicmart.andreevmaster.com\/fi\/wp-json\/wp\/v2\/product\/32173","targetHints":{"allow":["GET"]}}],"collection":[{"href":"https:\/\/nordicmart.andreevmaster.com\/fi\/wp-json\/wp\/v2\/product"}],"about":[{"href":"https:\/\/nordicmart.andreevmaster.com\/fi\/wp-json\/wp\/v2\/types\/product"}],"replies":[{"embeddable":true,"href":"https:\/\/nordicmart.andreevmaster.com\/fi\/wp-json\/wp\/v2\/comments?post=32173"}],"wp:featuredmedia":[{"embeddable":true,"href":"https:\/\/nordicmart.andreevmaster.com\/fi\/wp-json\/wp\/v2\/media\/41219"}],"wp:attachment":[{"href":"https:\/\/nordicmart.andreevmaster.com\/fi\/wp-json\/wp\/v2\/media?parent=32173"}],"wp:term":[{"taxonomy":"product_brand","embeddable":true,"href":"https:\/\/nordicmart.andreevmaster.com\/fi\/wp-json\/wp\/v2\/product_brand?post=32173"},{"taxonomy":"product_cat","embeddable":true,"href":"https:\/\/nordicmart.andreevmaster.com\/fi\/wp-json\/wp\/v2\/product_cat?post=32173"},{"taxonomy":"product_tag","embeddable":true,"href":"https:\/\/nordicmart.andreevmaster.com\/fi\/wp-json\/wp\/v2\/product_tag?post=32173"}],"curies":[{"name":"wp","href":"https:\/\/api.w.org\/{rel}","templated":true}]}}