{"id":32169,"date":"2026-02-27T00:16:16","date_gmt":"2026-02-27T00:16:16","guid":{"rendered":"https:\/\/nordicmart.andreevmaster.com\/product\/songmics-ruokapoydan-tuoli-kasinojilla-vihrea-mustan-musta\/"},"modified":"2026-02-27T09:38:15","modified_gmt":"2026-02-27T09:38:15","slug":"songmics-ruokapoydan-tuoli-kasinojilla-vihrea-mustan-musta","status":"publish","type":"product","link":"https:\/\/nordicmart.andreevmaster.com\/fi\/tuote\/songmics-ruokapoydan-tuoli-kasinojilla-vihrea-mustan-musta\/","title":{"rendered":"SONGMICS ruokap\u00f6yd\u00e4n tuoli k\u00e4sinojilla, vihre\u00e4-mustan musta"},"content":{"rendered":"<p>SONGMICS ruokap\u00f6yd\u00e4n tuoli, keitti\u00f6tuoli, k\u00e4\u00e4ntyv\u00e4 tuoli, sametti, verhoiltu tuoli k\u00e4sinojilla, kantavuus 120 kg, ter\u00e4sjalat, ruokailuhuoneeseen tai keitti\u00f6\u00f6n, karamellinruskea-mustanmusta KDC161K01<br \/>\nV\u00e4ri: vihre\u00e4-mustanmusta<br \/>\nMateriaali: ter\u00e4s, sametti, vaahtomuovi, vaneri<br \/>\nKoko: 60 x 60 x 81,5 cm (S x L x K)<br \/>\nIstuimen leveys: 46,1 cm<br \/>\nIstuinsyvyys: 43 cm<br \/>\nSelk\u00e4nojan korkeus: 36,5 cm<br \/>\nIstuintyynyn paksuus: 8 cm<br \/>\nPaino: 7,6 kg<br \/>\nMaks. staattinen kantavuus: 120 kg<\/p>\n","protected":false},"excerpt":{"rendered":"<p>SONGMICS ruokap\u00f6yd\u00e4n tuoli, keitti\u00f6tuoli, k\u00e4\u00e4ntyv\u00e4 tuoli, sametti, verhoiltu tuoli k\u00e4sinojilla, kantavuus 120 kg, ter\u00e4sjalat, ruokailuhuoneeseen tai keitti\u00f6\u00f6n, karamellinruskea-mustanmusta KDC161K01<\/p>\n","protected":false},"featured_media":41215,"comment_status":"open","ping_status":"closed","template":"","meta":[],"product_brand":[],"product_cat":[32],"product_tag":[],"class_list":{"0":"post-32169","1":"product","2":"type-product","3":"status-publish","4":"has-post-thumbnail","6":"product_cat-uncategorized-fi","8":"first","9":"instock","10":"shipping-taxable","11":"purchasable","12":"product-type-simple"},"_links":{"self":[{"href":"https:\/\/nordicmart.andreevmaster.com\/fi\/wp-json\/wp\/v2\/product\/32169","targetHints":{"allow":["GET"]}}],"collection":[{"href":"https:\/\/nordicmart.andreevmaster.com\/fi\/wp-json\/wp\/v2\/product"}],"about":[{"href":"https:\/\/nordicmart.andreevmaster.com\/fi\/wp-json\/wp\/v2\/types\/product"}],"replies":[{"embeddable":true,"href":"https:\/\/nordicmart.andreevmaster.com\/fi\/wp-json\/wp\/v2\/comments?post=32169"}],"wp:featuredmedia":[{"embeddable":true,"href":"https:\/\/nordicmart.andreevmaster.com\/fi\/wp-json\/wp\/v2\/media\/41215"}],"wp:attachment":[{"href":"https:\/\/nordicmart.andreevmaster.com\/fi\/wp-json\/wp\/v2\/media?parent=32169"}],"wp:term":[{"taxonomy":"product_brand","embeddable":true,"href":"https:\/\/nordicmart.andreevmaster.com\/fi\/wp-json\/wp\/v2\/product_brand?post=32169"},{"taxonomy":"product_cat","embeddable":true,"href":"https:\/\/nordicmart.andreevmaster.com\/fi\/wp-json\/wp\/v2\/product_cat?post=32169"},{"taxonomy":"product_tag","embeddable":true,"href":"https:\/\/nordicmart.andreevmaster.com\/fi\/wp-json\/wp\/v2\/product_tag?post=32169"}],"curies":[{"name":"wp","href":"https:\/\/api.w.org\/{rel}","templated":true}]}}