{"id":32167,"date":"2026-02-27T00:16:15","date_gmt":"2026-02-27T00:16:15","guid":{"rendered":"https:\/\/nordicmart.andreevmaster.com\/product\/vasagle-ruokapoydan-tuoli-2-kpl-kaksoispehmuste-harmaansininen\/"},"modified":"2026-02-27T09:38:14","modified_gmt":"2026-02-27T09:38:14","slug":"vasagle-ruokapoydan-tuoli-2-kpl-kaksoispehmuste-harmaansininen","status":"publish","type":"product","link":"https:\/\/nordicmart.andreevmaster.com\/fi\/tuote\/vasagle-ruokapoydan-tuoli-2-kpl-kaksoispehmuste-harmaansininen\/","title":{"rendered":"VASAGLE ruokap\u00f6yd\u00e4n tuoli, 2 kpl, kaksoispehmuste, harmaansininen"},"content":{"rendered":"<p>VASAGLE ruokap\u00f6yd\u00e4n tuoli 2 kpl, keitti\u00f6tuoli, verhoiltu tuoli, chenille, tuoli, kantavuus 120 kg, kaksoispehmuste, metallijalat, moderni, ruokasaliin, keitti\u00f6\u00f6n, kyyhkynharmaa KDC151G01<br \/>\nV\u00e4ri: kyyhkynharmaa<br \/>\nMateriaali: ter\u00e4s, chenille-kangas, vaahtomuovi, kaareva vanerilevy<br \/>\nKokonaismitat per tuoli: 56 x 50 x 81 cm (S x L x K)<br \/>\nIstuimen leveys: 48 cm<br \/>\nIstuinsyvyys: 43,5 cm<br \/>\nSelk\u00e4nojan korkeus: 42,5 cm<br \/>\nIstuinkorkeus (lattiasta): 42,1 cm<br \/>\nKokonaispaino: 13,1 kg<br \/>\nSuurin staattinen kuormitus per tuoli: 120 kg<\/p>\n","protected":false},"excerpt":{"rendered":"<p>VASAGLE ruokap\u00f6yd\u00e4n tuoli 2 kpl, keitti\u00f6tuoli, verhoiltu tuoli, chenille, tuoli, kantavuus 120 kg, kaksoispehmuste, metallijalat, moderni, ruokasaliin, keitti\u00f6\u00f6n, kyyhkynharmaa KDC151G01<\/p>\n","protected":false},"featured_media":41213,"comment_status":"open","ping_status":"closed","template":"","meta":[],"product_brand":[],"product_cat":[32],"product_tag":[],"class_list":{"0":"post-32167","1":"product","2":"type-product","3":"status-publish","4":"has-post-thumbnail","6":"product_cat-uncategorized-fi","8":"first","9":"instock","10":"shipping-taxable","11":"purchasable","12":"product-type-simple"},"_links":{"self":[{"href":"https:\/\/nordicmart.andreevmaster.com\/fi\/wp-json\/wp\/v2\/product\/32167","targetHints":{"allow":["GET"]}}],"collection":[{"href":"https:\/\/nordicmart.andreevmaster.com\/fi\/wp-json\/wp\/v2\/product"}],"about":[{"href":"https:\/\/nordicmart.andreevmaster.com\/fi\/wp-json\/wp\/v2\/types\/product"}],"replies":[{"embeddable":true,"href":"https:\/\/nordicmart.andreevmaster.com\/fi\/wp-json\/wp\/v2\/comments?post=32167"}],"wp:featuredmedia":[{"embeddable":true,"href":"https:\/\/nordicmart.andreevmaster.com\/fi\/wp-json\/wp\/v2\/media\/41213"}],"wp:attachment":[{"href":"https:\/\/nordicmart.andreevmaster.com\/fi\/wp-json\/wp\/v2\/media?parent=32167"}],"wp:term":[{"taxonomy":"product_brand","embeddable":true,"href":"https:\/\/nordicmart.andreevmaster.com\/fi\/wp-json\/wp\/v2\/product_brand?post=32167"},{"taxonomy":"product_cat","embeddable":true,"href":"https:\/\/nordicmart.andreevmaster.com\/fi\/wp-json\/wp\/v2\/product_cat?post=32167"},{"taxonomy":"product_tag","embeddable":true,"href":"https:\/\/nordicmart.andreevmaster.com\/fi\/wp-json\/wp\/v2\/product_tag?post=32167"}],"curies":[{"name":"wp","href":"https:\/\/api.w.org\/{rel}","templated":true}]}}