{"id":32162,"date":"2026-02-27T00:16:14","date_gmt":"2026-02-27T00:16:14","guid":{"rendered":"https:\/\/nordicmart.andreevmaster.com\/product\/songmics-maustehylly-4-kpl-keittiohylly\/"},"modified":"2026-02-27T09:38:13","modified_gmt":"2026-02-27T09:38:13","slug":"songmics-maustehylly-4-kpl-keittiohylly","status":"publish","type":"product","link":"https:\/\/nordicmart.andreevmaster.com\/fi\/tuote\/songmics-maustehylly-4-kpl-keittiohylly\/","title":{"rendered":"SONGMICS maustehylly, 4 kpl, keitti\u00f6hylly"},"content":{"rendered":"<p>Keitti\u00f6ss\u00e4: Aseta hylly kaappiin tai tiskille, jotta saat lis\u00e4\u00e4 tasoja ja s\u00e4ilytystilaa muropakkauksille, maustepurkeille, lasille, kulhoille ja muille tavaroille. Keitti\u00f6ss\u00e4 ei voi koskaan olla liikaa hyllyj\u00e4, eik\u00f6 niin? Olohuoneessa: N\u00e4iden hyllyjen avulla voit luoda siistin kahvikulman: alhaalla kahvikupit, ylh\u00e4\u00e4ll\u00e4 teekannu. Kahvitarvikkeillesi l\u00f6ytyy t\u00e4\u00e4lt\u00e4 paikkansa. Toimistossa: Pinoa hyllyt ty\u00f6p\u00f6yd\u00e4llesi lis\u00e4t\u00e4ksesi tilaa. J\u00e4rjest\u00e4 mukit, nitojat, paperiliittimet ja muut p\u00e4ivitt\u00e4iset toimistotarvikkeet eri tasoille luodaksesi siistin ty\u00f6p\u00f6yd\u00e4n.Mit\u00e4 aiot tehd\u00e4 t\u00e4ll\u00e4 setill\u00e4? Tuotetiedot: V\u00e4ri: musta-luonnonv\u00e4rit Materiaali: metalli, bambu Suuren hyllyn mitat: 19,5 x 29,7 x 15,5 cm (S x L x K) Pienen hyllyn mitat: 18,5 x 29,7 x 13,6 cm (S x L x K) Kokonaispaino: 2,6 kg Maks. staattinen kantavuus hylly\u00e4 kohti: 15 kg Toimitus sis\u00e4lt\u00e4\u00e4: 4 x keitti\u00f6n j\u00e4rjestelij\u00e4 1 x lis\u00e4varustepaketti 1 x ohjeet SONGMICS Huomautukset: Noudata ohjeita pinoamisessa. V\u00e4lt\u00e4 pitk\u00e4aikaista k\u00e4ytt\u00f6\u00e4 kosteissa ymp\u00e4rist\u00f6iss\u00e4.<\/p>\n","protected":false},"excerpt":{"rendered":"<p>Maustehylly, 4 kpl, keitti\u00f6hylly, keitti\u00f6n j\u00e4rjestelij\u00e4, laajennettava, pinottava, metallirunkoinen, 19,5 x 29,7 x 15,8 cm, musta-luonnonbeige<\/p>\n","protected":false},"featured_media":41208,"comment_status":"open","ping_status":"closed","template":"","meta":[],"product_brand":[],"product_cat":[32],"product_tag":[],"class_list":{"0":"post-32162","1":"product","2":"type-product","3":"status-publish","4":"has-post-thumbnail","6":"product_cat-uncategorized-fi","8":"first","9":"instock","10":"shipping-taxable","11":"purchasable","12":"product-type-simple"},"_links":{"self":[{"href":"https:\/\/nordicmart.andreevmaster.com\/fi\/wp-json\/wp\/v2\/product\/32162","targetHints":{"allow":["GET"]}}],"collection":[{"href":"https:\/\/nordicmart.andreevmaster.com\/fi\/wp-json\/wp\/v2\/product"}],"about":[{"href":"https:\/\/nordicmart.andreevmaster.com\/fi\/wp-json\/wp\/v2\/types\/product"}],"replies":[{"embeddable":true,"href":"https:\/\/nordicmart.andreevmaster.com\/fi\/wp-json\/wp\/v2\/comments?post=32162"}],"wp:featuredmedia":[{"embeddable":true,"href":"https:\/\/nordicmart.andreevmaster.com\/fi\/wp-json\/wp\/v2\/media\/41208"}],"wp:attachment":[{"href":"https:\/\/nordicmart.andreevmaster.com\/fi\/wp-json\/wp\/v2\/media?parent=32162"}],"wp:term":[{"taxonomy":"product_brand","embeddable":true,"href":"https:\/\/nordicmart.andreevmaster.com\/fi\/wp-json\/wp\/v2\/product_brand?post=32162"},{"taxonomy":"product_cat","embeddable":true,"href":"https:\/\/nordicmart.andreevmaster.com\/fi\/wp-json\/wp\/v2\/product_cat?post=32162"},{"taxonomy":"product_tag","embeddable":true,"href":"https:\/\/nordicmart.andreevmaster.com\/fi\/wp-json\/wp\/v2\/product_tag?post=32162"}],"curies":[{"name":"wp","href":"https:\/\/api.w.org\/{rel}","templated":true}]}}