{"id":32157,"date":"2026-02-27T00:16:13","date_gmt":"2026-02-27T00:16:13","guid":{"rendered":"https:\/\/nordicmart.andreevmaster.com\/product\/songmics-maustehylly-2-kpl-keittion-jarjestelijaa-keittiohylly\/"},"modified":"2026-02-27T09:38:12","modified_gmt":"2026-02-27T09:38:12","slug":"songmics-maustehylly-2-kpl-keittion-jarjestelijaa-keittiohylly","status":"publish","type":"product","link":"https:\/\/nordicmart.andreevmaster.com\/fi\/tuote\/songmics-maustehylly-2-kpl-keittion-jarjestelijaa-keittiohylly\/","title":{"rendered":"SONGMICS maustehylly, 2 kpl keitti\u00f6n j\u00e4rjestelij\u00e4\u00e4, keitti\u00f6hylly"},"content":{"rendered":"<p>Siivoa ty\u00f6tasosi: Ty\u00f6tason sotkuinen aineistokasa voi aiheuttaa turhautumista ja vaikeuttaa oikean maustepurkin l\u00f6yt\u00e4mist\u00e4 sekunnin murto-osassa ruoanlaittoa varten. Ratkaisu on t\u00e4ss\u00e4: n\u00e4m\u00e4 vieh\u00e4tt\u00e4v\u00e4t hyllyt tarjoavat sinulle 2 tasoa, joilla saat takaisin tilaa, j\u00e4rjestyst\u00e4 ja tyyli\u00e4. Anna mielikuvituksesi lent\u00e4\u00e4: luo mini-teepiste olohuoneeseen, k\u00e4yt\u00e4 hyllyj\u00e4 kylpyhuoneessa kosmetiikkatuotteiden ja meikkien s\u00e4ilytt\u00e4miseen tai laita p\u00e4ivitt\u00e4iset toimistotarvikkeet niille, jotta saat ty\u00f6p\u00f6yt\u00e4si taas siistiksi. T\u00e4m\u00e4 hyllykk\u00f6setti ei ole suunniteltu vain maustepulloille ja lasille! Tuotetiedot: V\u00e4ri: vintage-ruskea-musta Materiaali: metalli, lastulevy Suuren hyllyn koko: 29,7 x 19,5 x 15,5 cm (P x L x K)Pienen hyllyn koko: 29,7 x 18,5 x 13,6 cm (P x L x K) Kokonaispaino: 1,3 kg Maks. staattinen kantavuus per hylly: 15 kg Toimitus sis\u00e4lt\u00e4\u00e4: 2 x maustehylly 1 x lis\u00e4varustepaketti 1 x ohjeet SONGMICS Huomautukset: Nostaaksesi hyllyj\u00e4 p\u00e4\u00e4llekk\u00e4in, noudata ohjeita.V\u00e4lt\u00e4 pitk\u00e4aikaista k\u00e4ytt\u00f6\u00e4 kosteissa ymp\u00e4rist\u00f6iss\u00e4.<\/p>\n","protected":false},"excerpt":{"rendered":"<p>Maustehylly, 2 kpl keitti\u00f6n j\u00e4rjestelij\u00e4\u00e4, keitti\u00f6hylly, kaapin j\u00e4rjestelij\u00e4 keitti\u00f6\u00f6n, laajennettava, pinottava, musta-vintage-ruskea<\/p>\n","protected":false},"featured_media":41203,"comment_status":"open","ping_status":"closed","template":"","meta":[],"product_brand":[],"product_cat":[32],"product_tag":[],"class_list":{"0":"post-32157","1":"product","2":"type-product","3":"status-publish","4":"has-post-thumbnail","6":"product_cat-uncategorized-fi","8":"first","9":"instock","10":"shipping-taxable","11":"purchasable","12":"product-type-simple"},"_links":{"self":[{"href":"https:\/\/nordicmart.andreevmaster.com\/fi\/wp-json\/wp\/v2\/product\/32157","targetHints":{"allow":["GET"]}}],"collection":[{"href":"https:\/\/nordicmart.andreevmaster.com\/fi\/wp-json\/wp\/v2\/product"}],"about":[{"href":"https:\/\/nordicmart.andreevmaster.com\/fi\/wp-json\/wp\/v2\/types\/product"}],"replies":[{"embeddable":true,"href":"https:\/\/nordicmart.andreevmaster.com\/fi\/wp-json\/wp\/v2\/comments?post=32157"}],"wp:featuredmedia":[{"embeddable":true,"href":"https:\/\/nordicmart.andreevmaster.com\/fi\/wp-json\/wp\/v2\/media\/41203"}],"wp:attachment":[{"href":"https:\/\/nordicmart.andreevmaster.com\/fi\/wp-json\/wp\/v2\/media?parent=32157"}],"wp:term":[{"taxonomy":"product_brand","embeddable":true,"href":"https:\/\/nordicmart.andreevmaster.com\/fi\/wp-json\/wp\/v2\/product_brand?post=32157"},{"taxonomy":"product_cat","embeddable":true,"href":"https:\/\/nordicmart.andreevmaster.com\/fi\/wp-json\/wp\/v2\/product_cat?post=32157"},{"taxonomy":"product_tag","embeddable":true,"href":"https:\/\/nordicmart.andreevmaster.com\/fi\/wp-json\/wp\/v2\/product_tag?post=32157"}],"curies":[{"name":"wp","href":"https:\/\/api.w.org\/{rel}","templated":true}]}}