{"id":32153,"date":"2026-02-27T00:16:12","date_gmt":"2026-02-27T00:16:12","guid":{"rendered":"https:\/\/nordicmart.andreevmaster.com\/product\/songmics-keittion-jarjestelijat-4-kpln-sarja\/"},"modified":"2026-02-27T09:38:12","modified_gmt":"2026-02-27T09:38:12","slug":"songmics-keittion-jarjestelijat-4-kpln-sarja","status":"publish","type":"product","link":"https:\/\/nordicmart.andreevmaster.com\/fi\/tuote\/songmics-keittion-jarjestelijat-4-kpln-sarja\/","title":{"rendered":"SONGMICS keitti\u00f6n j\u00e4rjestelij\u00e4t, 4 kpl:n sarja"},"content":{"rendered":"<p>Tuotetiedot: V\u00e4ri: valkoinen-luonnonv\u00e4ri Materiaali: metalli, bambu Suuren hyllyn mitat: 19,5 x 29,7 x 15,5 cm (S x L x K) Pienen hyllyn mitat: 18,5 x 29,7 x 13,6 cm (S x L x K) Kokonaispaino: 2,6 kg Maks. staattinen kantavuus hylly\u00e4 kohti: 15 kg Toimitus sis\u00e4lt\u00e4\u00e4: 4 x keitti\u00f6n j\u00e4rjestelij\u00e4 1 x lis\u00e4varustepaketti 1 x ohjeet SONGMICS Huomautukset: Noudata ohjeita pinoamisessa. V\u00e4lt\u00e4 pitk\u00e4aikaista k\u00e4ytt\u00f6\u00e4 kosteissa ymp\u00e4rist\u00f6iss\u00e4.<\/p>\n","protected":false},"excerpt":{"rendered":"<p>SONGMICS keitti\u00f6n j\u00e4rjestelij\u00e4, 4 keitti\u00f6hylly\u00e4, kaappivarastointi, pinottava, laajennettava, metalli ja bambu, valkoinen-luonnonv\u00e4ri KCS010N01<\/p>\n","protected":false},"featured_media":41199,"comment_status":"open","ping_status":"closed","template":"","meta":[],"product_brand":[],"product_cat":[32],"product_tag":[],"class_list":{"0":"post-32153","1":"product","2":"type-product","3":"status-publish","4":"has-post-thumbnail","6":"product_cat-uncategorized-fi","8":"first","9":"instock","10":"shipping-taxable","11":"purchasable","12":"product-type-simple"},"_links":{"self":[{"href":"https:\/\/nordicmart.andreevmaster.com\/fi\/wp-json\/wp\/v2\/product\/32153","targetHints":{"allow":["GET"]}}],"collection":[{"href":"https:\/\/nordicmart.andreevmaster.com\/fi\/wp-json\/wp\/v2\/product"}],"about":[{"href":"https:\/\/nordicmart.andreevmaster.com\/fi\/wp-json\/wp\/v2\/types\/product"}],"replies":[{"embeddable":true,"href":"https:\/\/nordicmart.andreevmaster.com\/fi\/wp-json\/wp\/v2\/comments?post=32153"}],"wp:featuredmedia":[{"embeddable":true,"href":"https:\/\/nordicmart.andreevmaster.com\/fi\/wp-json\/wp\/v2\/media\/41199"}],"wp:attachment":[{"href":"https:\/\/nordicmart.andreevmaster.com\/fi\/wp-json\/wp\/v2\/media?parent=32153"}],"wp:term":[{"taxonomy":"product_brand","embeddable":true,"href":"https:\/\/nordicmart.andreevmaster.com\/fi\/wp-json\/wp\/v2\/product_brand?post=32153"},{"taxonomy":"product_cat","embeddable":true,"href":"https:\/\/nordicmart.andreevmaster.com\/fi\/wp-json\/wp\/v2\/product_cat?post=32153"},{"taxonomy":"product_tag","embeddable":true,"href":"https:\/\/nordicmart.andreevmaster.com\/fi\/wp-json\/wp\/v2\/product_tag?post=32153"}],"curies":[{"name":"wp","href":"https:\/\/api.w.org\/{rel}","templated":true}]}}