{"id":32152,"date":"2026-02-27T00:16:12","date_gmt":"2026-02-27T00:16:12","guid":{"rendered":"https:\/\/nordicmart.andreevmaster.com\/product\/songmics-astiankuivaushylly-silikonimatolla-ja-valumalaitteella-mattavalkoinen-kyyhkynharmaa\/"},"modified":"2026-02-27T09:38:11","modified_gmt":"2026-02-27T09:38:11","slug":"songmics-astiankuivaushylly-silikonimatolla-ja-valumalaitteella-mattavalkoinen-kyyhkynharmaa","status":"publish","type":"product","link":"https:\/\/nordicmart.andreevmaster.com\/fi\/tuote\/songmics-astiankuivaushylly-silikonimatolla-ja-valumalaitteella-mattavalkoinen-kyyhkynharmaa\/","title":{"rendered":"SONGMICS astiankuivaushylly silikonimatolla ja valumalaitteella, mattavalkoinen-kyyhkynharmaa"},"content":{"rendered":"<p>SONGMICS astiankuivaushylly, astiankuivausjalusta, 360\u00b0 k\u00e4\u00e4ntyv\u00e4 ja ulosvedett\u00e4v\u00e4 valutus, valutusastia, ruokailuv\u00e4lineiden pidike, keitti\u00f6, 31 x 42 x 18,5 cm, musta KCS550B01<br \/>\nV\u00e4ri: mattavalkoinen-kyyhkynharmaa<br \/>\nMateriaali: ter\u00e4s, PP-muovi (polypropeeni)<br \/>\nKoko: (31-56) x 42 x 20 cm (S x L x K)<br \/>\nPaino: 2,1 kg<\/p>\n","protected":false},"excerpt":{"rendered":"<p>SONGMICS astiankuivaushylly, astiankuivausjalusta, 360\u00b0 k\u00e4\u00e4ntyv\u00e4 ja ulosvedett\u00e4v\u00e4 valutus, valutusastia, ruokailuv\u00e4lineiden pidike, keitti\u00f6, 31 x 42 x 18,5 cm, musta KCS550B01<\/p>\n","protected":false},"featured_media":41198,"comment_status":"open","ping_status":"closed","template":"","meta":[],"product_brand":[],"product_cat":[32],"product_tag":[],"class_list":{"0":"post-32152","1":"product","2":"type-product","3":"status-publish","4":"has-post-thumbnail","6":"product_cat-uncategorized-fi","8":"first","9":"instock","10":"shipping-taxable","11":"purchasable","12":"product-type-simple"},"_links":{"self":[{"href":"https:\/\/nordicmart.andreevmaster.com\/fi\/wp-json\/wp\/v2\/product\/32152","targetHints":{"allow":["GET"]}}],"collection":[{"href":"https:\/\/nordicmart.andreevmaster.com\/fi\/wp-json\/wp\/v2\/product"}],"about":[{"href":"https:\/\/nordicmart.andreevmaster.com\/fi\/wp-json\/wp\/v2\/types\/product"}],"replies":[{"embeddable":true,"href":"https:\/\/nordicmart.andreevmaster.com\/fi\/wp-json\/wp\/v2\/comments?post=32152"}],"wp:featuredmedia":[{"embeddable":true,"href":"https:\/\/nordicmart.andreevmaster.com\/fi\/wp-json\/wp\/v2\/media\/41198"}],"wp:attachment":[{"href":"https:\/\/nordicmart.andreevmaster.com\/fi\/wp-json\/wp\/v2\/media?parent=32152"}],"wp:term":[{"taxonomy":"product_brand","embeddable":true,"href":"https:\/\/nordicmart.andreevmaster.com\/fi\/wp-json\/wp\/v2\/product_brand?post=32152"},{"taxonomy":"product_cat","embeddable":true,"href":"https:\/\/nordicmart.andreevmaster.com\/fi\/wp-json\/wp\/v2\/product_cat?post=32152"},{"taxonomy":"product_tag","embeddable":true,"href":"https:\/\/nordicmart.andreevmaster.com\/fi\/wp-json\/wp\/v2\/product_tag?post=32152"}],"curies":[{"name":"wp","href":"https:\/\/api.w.org\/{rel}","templated":true}]}}