{"id":32147,"date":"2026-02-27T00:16:11","date_gmt":"2026-02-27T00:16:11","guid":{"rendered":"https:\/\/nordicmart.andreevmaster.com\/product\/songmics-maustehylly-2-kpl-laajennettava-pinottava-hopea\/"},"modified":"2026-02-27T09:38:11","modified_gmt":"2026-02-27T09:38:11","slug":"songmics-maustehylly-2-kpl-laajennettava-pinottava-hopea","status":"publish","type":"product","link":"https:\/\/nordicmart.andreevmaster.com\/fi\/tuote\/songmics-maustehylly-2-kpl-laajennettava-pinottava-hopea\/","title":{"rendered":"SONGMICS maustehylly, 2 kpl, laajennettava, pinottava, hopea"},"content":{"rendered":"<p>SONGMICS maustehylly, 2 kpl, keitti\u00f6hylly, keitti\u00f6n j\u00e4rjestelij\u00e4, keitti\u00f6, maustepidike, laajennettava, pinottava, pieni hylly, metalli, musta KCS401B01<br \/>\nV\u00e4ri: hopea<br \/>\nMateriaali: metalli<br \/>\nSuuren hyllyn koko: 22,9 x 40 x 15,4 cm (S x L x K)<br \/>\nPienen hyllyn koko: 21,9 x 40 x 13,7 cm (S x L x K)<br \/>\nKokonaispaino: 1,9 kg<br \/>\nHyllyn suurin staattinen kantavuus: 16 kg<\/p>\n","protected":false},"excerpt":{"rendered":"<p>SONGMICS maustehylly, 2 kpl, keitti\u00f6hylly, keitti\u00f6n j\u00e4rjestelij\u00e4, keitti\u00f6, maustepidike, laajennettava, pinottava, pieni hylly, metalli, musta KCS401B01<\/p>\n","protected":false},"featured_media":41193,"comment_status":"open","ping_status":"closed","template":"","meta":[],"product_brand":[],"product_cat":[32],"product_tag":[],"class_list":{"0":"post-32147","1":"product","2":"type-product","3":"status-publish","4":"has-post-thumbnail","6":"product_cat-uncategorized-fi","8":"first","9":"instock","10":"shipping-taxable","11":"purchasable","12":"product-type-simple"},"_links":{"self":[{"href":"https:\/\/nordicmart.andreevmaster.com\/fi\/wp-json\/wp\/v2\/product\/32147","targetHints":{"allow":["GET"]}}],"collection":[{"href":"https:\/\/nordicmart.andreevmaster.com\/fi\/wp-json\/wp\/v2\/product"}],"about":[{"href":"https:\/\/nordicmart.andreevmaster.com\/fi\/wp-json\/wp\/v2\/types\/product"}],"replies":[{"embeddable":true,"href":"https:\/\/nordicmart.andreevmaster.com\/fi\/wp-json\/wp\/v2\/comments?post=32147"}],"wp:featuredmedia":[{"embeddable":true,"href":"https:\/\/nordicmart.andreevmaster.com\/fi\/wp-json\/wp\/v2\/media\/41193"}],"wp:attachment":[{"href":"https:\/\/nordicmart.andreevmaster.com\/fi\/wp-json\/wp\/v2\/media?parent=32147"}],"wp:term":[{"taxonomy":"product_brand","embeddable":true,"href":"https:\/\/nordicmart.andreevmaster.com\/fi\/wp-json\/wp\/v2\/product_brand?post=32147"},{"taxonomy":"product_cat","embeddable":true,"href":"https:\/\/nordicmart.andreevmaster.com\/fi\/wp-json\/wp\/v2\/product_cat?post=32147"},{"taxonomy":"product_tag","embeddable":true,"href":"https:\/\/nordicmart.andreevmaster.com\/fi\/wp-json\/wp\/v2\/product_tag?post=32147"}],"curies":[{"name":"wp","href":"https:\/\/api.w.org\/{rel}","templated":true}]}}