{"id":32143,"date":"2026-02-27T00:16:09","date_gmt":"2026-02-27T00:16:09","guid":{"rendered":"https:\/\/nordicmart.andreevmaster.com\/product\/songmics-maustehylly-3-kpln-sarja-pinottava-ja-laajennettava-antrasiitinharmaa-matta-musta\/"},"modified":"2026-02-27T09:38:10","modified_gmt":"2026-02-27T09:38:10","slug":"songmics-maustehylly-3-kpln-sarja-pinottava-ja-laajennettava-antrasiitinharmaa-matta-musta","status":"publish","type":"product","link":"https:\/\/nordicmart.andreevmaster.com\/fi\/tuote\/songmics-maustehylly-3-kpln-sarja-pinottava-ja-laajennettava-antrasiitinharmaa-matta-musta\/","title":{"rendered":"SONGMICS maustehylly 3 kpl:n sarja, pinottava ja laajennettava, antrasiitinharmaa-matta musta"},"content":{"rendered":"<p>SONGMICS maustehylly, 3 kpl keitti\u00f6n j\u00e4rjestelij\u00e4\u00e4, keitti\u00f6hylly, pinottava, laajennettava, metalli ja bambu, musta-luonnonbeige KCS014B01<br \/>\nV\u00e4ri: antrasiitinharmaa-matta musta<br \/>\nMateriaali: metalli, puumateriaali<br \/>\nSuuremman hyllyn koko: 19,5 x 29,7 x 15,8 cm (S x L x K)<br \/>\nKeskikokoisen hyllyn koko: 18,5 x 29,7 x 13,7 cm (S x L x K)<br \/>\nPienemm\u00e4n hyllyn koko: 17,5 x 29,7 x 11,6 cm (S x L x K)<br \/>\nKokonaispaino: 2,4 kg<br \/>\nHyllyn suurin staattinen kantavuus: 5 kg<\/p>\n","protected":false},"excerpt":{"rendered":"<p>SONGMICS maustehylly, 3 kpl keitti\u00f6n j\u00e4rjestelij\u00e4\u00e4, keitti\u00f6hylly, pinottava, laajennettava, metalli ja bambu, musta-luonnonbeige KCS014B01<\/p>\n","protected":false},"featured_media":41189,"comment_status":"open","ping_status":"closed","template":"","meta":[],"product_brand":[],"product_cat":[32],"product_tag":[],"class_list":{"0":"post-32143","1":"product","2":"type-product","3":"status-publish","4":"has-post-thumbnail","6":"product_cat-uncategorized-fi","8":"first","9":"instock","10":"shipping-taxable","11":"purchasable","12":"product-type-simple"},"_links":{"self":[{"href":"https:\/\/nordicmart.andreevmaster.com\/fi\/wp-json\/wp\/v2\/product\/32143","targetHints":{"allow":["GET"]}}],"collection":[{"href":"https:\/\/nordicmart.andreevmaster.com\/fi\/wp-json\/wp\/v2\/product"}],"about":[{"href":"https:\/\/nordicmart.andreevmaster.com\/fi\/wp-json\/wp\/v2\/types\/product"}],"replies":[{"embeddable":true,"href":"https:\/\/nordicmart.andreevmaster.com\/fi\/wp-json\/wp\/v2\/comments?post=32143"}],"wp:featuredmedia":[{"embeddable":true,"href":"https:\/\/nordicmart.andreevmaster.com\/fi\/wp-json\/wp\/v2\/media\/41189"}],"wp:attachment":[{"href":"https:\/\/nordicmart.andreevmaster.com\/fi\/wp-json\/wp\/v2\/media?parent=32143"}],"wp:term":[{"taxonomy":"product_brand","embeddable":true,"href":"https:\/\/nordicmart.andreevmaster.com\/fi\/wp-json\/wp\/v2\/product_brand?post=32143"},{"taxonomy":"product_cat","embeddable":true,"href":"https:\/\/nordicmart.andreevmaster.com\/fi\/wp-json\/wp\/v2\/product_cat?post=32143"},{"taxonomy":"product_tag","embeddable":true,"href":"https:\/\/nordicmart.andreevmaster.com\/fi\/wp-json\/wp\/v2\/product_tag?post=32143"}],"curies":[{"name":"wp","href":"https:\/\/api.w.org\/{rel}","templated":true}]}}