{"id":32142,"date":"2026-02-27T00:16:09","date_gmt":"2026-02-27T00:16:09","guid":{"rendered":"https:\/\/nordicmart.andreevmaster.com\/product\/songmics-maustehyllyt-2-kpl-kussakin-4-hyllya-luonnonbeige-pilvinen-valkoinen\/"},"modified":"2026-02-27T09:38:10","modified_gmt":"2026-02-27T09:38:10","slug":"songmics-maustehyllyt-2-kpl-kussakin-4-hyllya-luonnonbeige-pilvinen-valkoinen","status":"publish","type":"product","link":"https:\/\/nordicmart.andreevmaster.com\/fi\/tuote\/songmics-maustehyllyt-2-kpl-kussakin-4-hyllya-luonnonbeige-pilvinen-valkoinen\/","title":{"rendered":"SONGMICS maustehyllyt, 2 kpl, kussakin 4 hylly\u00e4, luonnonbeige-pilvinen valkoinen"},"content":{"rendered":"<p>SONGMICS maustehyllyt, keitti\u00f6hyllyt, keitti\u00f6n j\u00e4rjestelij\u00e4t, 2 kpl, puumateriaali, 4 hylly\u00e4 kussakin, ulosvedett\u00e4v\u00e4t, pinottavat, ruokakomeroon, ty\u00f6tasolle<br \/>\nV\u00e4ri: luonnonbeige-pilvinen valkoinen<br \/>\nMateriaali: puumateriaali, ter\u00e4s<br \/>\nSuuren hyllyn koko: 31,9 x 32 x 14,8 cm (S x L x K)<br \/>\nPienen hyllyn koko: 31 x 32 x 12,8 cm (S x L x K)<br \/>\nKokonaispaino: 2,2 kg<br \/>\nMaks. staattinen kantavuus per taso: 3 kg<br \/>\nHyllyn maks. staattinen kantavuus yhteens\u00e4: 12 kg<\/p>\n","protected":false},"excerpt":{"rendered":"<p>SONGMICS maustehyllyt, keitti\u00f6hyllyt, keitti\u00f6n j\u00e4rjestelij\u00e4t, 2 kpl, puumateriaali, 4 hylly\u00e4 kussakin, ulosvedett\u00e4v\u00e4t, pinottavat, ruokakomeroon, ty\u00f6tasolle<\/p>\n","protected":false},"featured_media":41188,"comment_status":"open","ping_status":"closed","template":"","meta":[],"product_brand":[],"product_cat":[32],"product_tag":[],"class_list":{"0":"post-32142","1":"product","2":"type-product","3":"status-publish","4":"has-post-thumbnail","6":"product_cat-uncategorized-fi","8":"first","9":"instock","10":"shipping-taxable","11":"purchasable","12":"product-type-simple"},"_links":{"self":[{"href":"https:\/\/nordicmart.andreevmaster.com\/fi\/wp-json\/wp\/v2\/product\/32142","targetHints":{"allow":["GET"]}}],"collection":[{"href":"https:\/\/nordicmart.andreevmaster.com\/fi\/wp-json\/wp\/v2\/product"}],"about":[{"href":"https:\/\/nordicmart.andreevmaster.com\/fi\/wp-json\/wp\/v2\/types\/product"}],"replies":[{"embeddable":true,"href":"https:\/\/nordicmart.andreevmaster.com\/fi\/wp-json\/wp\/v2\/comments?post=32142"}],"wp:featuredmedia":[{"embeddable":true,"href":"https:\/\/nordicmart.andreevmaster.com\/fi\/wp-json\/wp\/v2\/media\/41188"}],"wp:attachment":[{"href":"https:\/\/nordicmart.andreevmaster.com\/fi\/wp-json\/wp\/v2\/media?parent=32142"}],"wp:term":[{"taxonomy":"product_brand","embeddable":true,"href":"https:\/\/nordicmart.andreevmaster.com\/fi\/wp-json\/wp\/v2\/product_brand?post=32142"},{"taxonomy":"product_cat","embeddable":true,"href":"https:\/\/nordicmart.andreevmaster.com\/fi\/wp-json\/wp\/v2\/product_cat?post=32142"},{"taxonomy":"product_tag","embeddable":true,"href":"https:\/\/nordicmart.andreevmaster.com\/fi\/wp-json\/wp\/v2\/product_tag?post=32142"}],"curies":[{"name":"wp","href":"https:\/\/api.w.org\/{rel}","templated":true}]}}