{"id":32136,"date":"2026-02-27T00:16:08","date_gmt":"2026-02-27T00:16:08","guid":{"rendered":"https:\/\/nordicmart.andreevmaster.com\/product\/songmics-keittiohylly-4-kpln-sarja-laajennettava-pilvinen-valkoinen-luonnonbeige\/"},"modified":"2026-02-27T09:38:08","modified_gmt":"2026-02-27T09:38:08","slug":"songmics-keittiohylly-4-kpln-sarja-laajennettava-pilvinen-valkoinen-luonnonbeige","status":"publish","type":"product","link":"https:\/\/nordicmart.andreevmaster.com\/fi\/tuote\/songmics-keittiohylly-4-kpln-sarja-laajennettava-pilvinen-valkoinen-luonnonbeige\/","title":{"rendered":"SONGMICS keitti\u00f6hylly 4 kpl:n sarja, laajennettava, pilvinen valkoinen-luonnonbeige"},"content":{"rendered":"<p>SONGMICS keitti\u00f6n j\u00e4rjestelij\u00e4, 4 keitti\u00f6hylly\u00e4, kaappivarastointi, pinottava, laajennettava, metalli ja bambu, musta-luonnonv\u00e4ri KCS10NB<\/p>\n<p>V\u00e4ri: pilvinen valkoinen-luonnonbeige<br \/>\nMateriaali: metalli, puumateriaali<br \/>\nSuuren hyllyn koko: 19,5 x 39,7 x 15,5 cm (S x L x K)<br \/>\nPienen hyllyn koko: 18,5 x 39,7 x 13,6 cm (S x L x K)<br \/>\nKokonaispaino: 3,8 kg<br \/>\nHyllyn suurin staattinen kantavuus: 15 kg<\/p>\n","protected":false},"excerpt":{"rendered":"<p>SONGMICS keitti\u00f6n j\u00e4rjestelij\u00e4, 4 keitti\u00f6hylly\u00e4, kaappivarastointi, pinottava, laajennettava, metalli ja bambu, musta-luonnonv\u00e4ri KCS10NB<\/p>\n","protected":false},"featured_media":41182,"comment_status":"open","ping_status":"closed","template":"","meta":[],"product_brand":[],"product_cat":[32],"product_tag":[],"class_list":{"0":"post-32136","1":"product","2":"type-product","3":"status-publish","4":"has-post-thumbnail","6":"product_cat-uncategorized-fi","8":"first","9":"instock","10":"shipping-taxable","11":"purchasable","12":"product-type-simple"},"_links":{"self":[{"href":"https:\/\/nordicmart.andreevmaster.com\/fi\/wp-json\/wp\/v2\/product\/32136","targetHints":{"allow":["GET"]}}],"collection":[{"href":"https:\/\/nordicmart.andreevmaster.com\/fi\/wp-json\/wp\/v2\/product"}],"about":[{"href":"https:\/\/nordicmart.andreevmaster.com\/fi\/wp-json\/wp\/v2\/types\/product"}],"replies":[{"embeddable":true,"href":"https:\/\/nordicmart.andreevmaster.com\/fi\/wp-json\/wp\/v2\/comments?post=32136"}],"wp:featuredmedia":[{"embeddable":true,"href":"https:\/\/nordicmart.andreevmaster.com\/fi\/wp-json\/wp\/v2\/media\/41182"}],"wp:attachment":[{"href":"https:\/\/nordicmart.andreevmaster.com\/fi\/wp-json\/wp\/v2\/media?parent=32136"}],"wp:term":[{"taxonomy":"product_brand","embeddable":true,"href":"https:\/\/nordicmart.andreevmaster.com\/fi\/wp-json\/wp\/v2\/product_brand?post=32136"},{"taxonomy":"product_cat","embeddable":true,"href":"https:\/\/nordicmart.andreevmaster.com\/fi\/wp-json\/wp\/v2\/product_cat?post=32136"},{"taxonomy":"product_tag","embeddable":true,"href":"https:\/\/nordicmart.andreevmaster.com\/fi\/wp-json\/wp\/v2\/product_tag?post=32136"}],"curies":[{"name":"wp","href":"https:\/\/api.w.org\/{rel}","templated":true}]}}