{"id":32130,"date":"2026-02-27T00:16:06","date_gmt":"2026-02-27T00:16:06","guid":{"rendered":"https:\/\/nordicmart.andreevmaster.com\/product\/songmics-magneettinen-maustehyllymetallisetti-ilman-poraamista\/"},"modified":"2026-02-27T09:38:07","modified_gmt":"2026-02-27T09:38:07","slug":"songmics-magneettinen-maustehyllymetallisetti-ilman-poraamista","status":"publish","type":"product","link":"https:\/\/nordicmart.andreevmaster.com\/fi\/tuote\/songmics-magneettinen-maustehyllymetallisetti-ilman-poraamista\/","title":{"rendered":"SONGMICS Magneettinen maustehyllymetallisetti ilman poraamista"},"content":{"rendered":"<p>SONGMICS magneettinen maustehylly, 4 kpl:n sarja, 2 isoa ja 2 pient\u00e4 hylly\u00e4, mausteiden j\u00e4rjestelij\u00e4 ilman poraamista, magneettihylly, keitti\u00f6\u00f6n, j\u00e4\u00e4kaappiin, mikroaaltouuniin, pesukoneeseen, musta KCS061B01<br \/>\nV\u00e4ri: musta<br \/>\nMateriaali: ter\u00e4s, magneetti<br \/>\nKoko per iso hylly: 10 x 30 x 7,5 cm (S x L x K)<br \/>\nPienen hyllyn koko: 9 x 27,5 x 7,5 cm (S x L x K)<br \/>\nKokonaispaino: 1,7 kg<br \/>\nSuurin staattinen kantavuus per iso hylly: 4,5 kg<br \/>\nPienen hyllyn maks. staattinen kantavuus: 4 kg<\/p>\n","protected":false},"excerpt":{"rendered":"<p>SONGMICS magneettinen maustehylly, 4 kpl:n sarja, 2 isoa ja 2 pient\u00e4 hylly\u00e4, mausteiden j\u00e4rjestelij\u00e4 ilman poraamista, magneettihylly, keitti\u00f6\u00f6n, j\u00e4\u00e4kaappiin, mikroaaltouuniin, pesukoneeseen, musta KCS061B01<\/p>\n","protected":false},"featured_media":41176,"comment_status":"open","ping_status":"closed","template":"","meta":[],"product_brand":[],"product_cat":[32],"product_tag":[],"class_list":{"0":"post-32130","1":"product","2":"type-product","3":"status-publish","4":"has-post-thumbnail","6":"product_cat-uncategorized-fi","8":"first","9":"instock","10":"shipping-taxable","11":"purchasable","12":"product-type-simple"},"_links":{"self":[{"href":"https:\/\/nordicmart.andreevmaster.com\/fi\/wp-json\/wp\/v2\/product\/32130","targetHints":{"allow":["GET"]}}],"collection":[{"href":"https:\/\/nordicmart.andreevmaster.com\/fi\/wp-json\/wp\/v2\/product"}],"about":[{"href":"https:\/\/nordicmart.andreevmaster.com\/fi\/wp-json\/wp\/v2\/types\/product"}],"replies":[{"embeddable":true,"href":"https:\/\/nordicmart.andreevmaster.com\/fi\/wp-json\/wp\/v2\/comments?post=32130"}],"wp:featuredmedia":[{"embeddable":true,"href":"https:\/\/nordicmart.andreevmaster.com\/fi\/wp-json\/wp\/v2\/media\/41176"}],"wp:attachment":[{"href":"https:\/\/nordicmart.andreevmaster.com\/fi\/wp-json\/wp\/v2\/media?parent=32130"}],"wp:term":[{"taxonomy":"product_brand","embeddable":true,"href":"https:\/\/nordicmart.andreevmaster.com\/fi\/wp-json\/wp\/v2\/product_brand?post=32130"},{"taxonomy":"product_cat","embeddable":true,"href":"https:\/\/nordicmart.andreevmaster.com\/fi\/wp-json\/wp\/v2\/product_cat?post=32130"},{"taxonomy":"product_tag","embeddable":true,"href":"https:\/\/nordicmart.andreevmaster.com\/fi\/wp-json\/wp\/v2\/product_tag?post=32130"}],"curies":[{"name":"wp","href":"https:\/\/api.w.org\/{rel}","templated":true}]}}