{"id":32129,"date":"2026-02-27T00:16:06","date_gmt":"2026-02-27T00:16:06","guid":{"rendered":"https:\/\/nordicmart.andreevmaster.com\/product\/songmics-home-maustehylly-2-kpln-sarja-ulosvedettava-luonnonbeige-kermanvalkoinen\/"},"modified":"2026-02-27T09:38:07","modified_gmt":"2026-02-27T09:38:07","slug":"songmics-home-maustehylly-2-kpln-sarja-ulosvedettava-luonnonbeige-kermanvalkoinen","status":"publish","type":"product","link":"https:\/\/nordicmart.andreevmaster.com\/fi\/tuote\/songmics-home-maustehylly-2-kpln-sarja-ulosvedettava-luonnonbeige-kermanvalkoinen\/","title":{"rendered":"SONGMICS HOME Maustehylly 2 kpl:n sarja, ulosvedett\u00e4v\u00e4, luonnonbeige-kermanvalkoinen"},"content":{"rendered":"<p>SONGMICS HOME maustehylly, 2 kpl, ulosvedett\u00e4v\u00e4, keitti\u00f6n j\u00e4rjestelij\u00e4, keitti\u00f6hylly, kaapin j\u00e4rjestelij\u00e4, maustepidike, keitti\u00f6, pieni hylly, pinottava, p\u00f6yt\u00e4j\u00e4rjestelij\u00e4, luonnonbeige-mustanmusta KCS051B01<br \/>\nV\u00e4ri: luonnonbeige-kermanvalkoinen<br \/>\nMateriaali: bambu, ter\u00e4s<br \/>\nHyllyn koko: 20 x (33-54) x 16 cm (S x L x K)<br \/>\nKokonaispaino: 2,3 kg<br \/>\nHyllyn enimm\u00e4iskuormitus: 21 kg<\/p>\n","protected":false},"excerpt":{"rendered":"<p>SONGMICS HOME maustehylly, 2 kpl, ulosvedett\u00e4v\u00e4, keitti\u00f6n j\u00e4rjestelij\u00e4, keitti\u00f6hylly, kaapin j\u00e4rjestelij\u00e4, maustepidike, keitti\u00f6, pieni hylly, pinottava, p\u00f6yt\u00e4j\u00e4rjestelij\u00e4, luonnonbeige-mustanmusta KCS051B01<\/p>\n","protected":false},"featured_media":41175,"comment_status":"open","ping_status":"closed","template":"","meta":[],"product_brand":[],"product_cat":[32],"product_tag":[],"class_list":{"0":"post-32129","1":"product","2":"type-product","3":"status-publish","4":"has-post-thumbnail","6":"product_cat-uncategorized-fi","8":"first","9":"instock","10":"shipping-taxable","11":"purchasable","12":"product-type-simple"},"_links":{"self":[{"href":"https:\/\/nordicmart.andreevmaster.com\/fi\/wp-json\/wp\/v2\/product\/32129","targetHints":{"allow":["GET"]}}],"collection":[{"href":"https:\/\/nordicmart.andreevmaster.com\/fi\/wp-json\/wp\/v2\/product"}],"about":[{"href":"https:\/\/nordicmart.andreevmaster.com\/fi\/wp-json\/wp\/v2\/types\/product"}],"replies":[{"embeddable":true,"href":"https:\/\/nordicmart.andreevmaster.com\/fi\/wp-json\/wp\/v2\/comments?post=32129"}],"wp:featuredmedia":[{"embeddable":true,"href":"https:\/\/nordicmart.andreevmaster.com\/fi\/wp-json\/wp\/v2\/media\/41175"}],"wp:attachment":[{"href":"https:\/\/nordicmart.andreevmaster.com\/fi\/wp-json\/wp\/v2\/media?parent=32129"}],"wp:term":[{"taxonomy":"product_brand","embeddable":true,"href":"https:\/\/nordicmart.andreevmaster.com\/fi\/wp-json\/wp\/v2\/product_brand?post=32129"},{"taxonomy":"product_cat","embeddable":true,"href":"https:\/\/nordicmart.andreevmaster.com\/fi\/wp-json\/wp\/v2\/product_cat?post=32129"},{"taxonomy":"product_tag","embeddable":true,"href":"https:\/\/nordicmart.andreevmaster.com\/fi\/wp-json\/wp\/v2\/product_tag?post=32129"}],"curies":[{"name":"wp","href":"https:\/\/api.w.org\/{rel}","templated":true}]}}