{"id":32127,"date":"2026-02-27T00:16:05","date_gmt":"2026-02-27T00:16:05","guid":{"rendered":"https:\/\/nordicmart.andreevmaster.com\/product\/songmics-astiankuivaushylly-ja-pidikkeet-ruokailuvalineille-hopeanharmaa\/"},"modified":"2026-02-27T09:38:07","modified_gmt":"2026-02-27T09:38:07","slug":"songmics-astiankuivaushylly-ja-pidikkeet-ruokailuvalineille-hopeanharmaa","status":"publish","type":"product","link":"https:\/\/nordicmart.andreevmaster.com\/fi\/tuote\/songmics-astiankuivaushylly-ja-pidikkeet-ruokailuvalineille-hopeanharmaa\/","title":{"rendered":"SONGMICS astiankuivaushylly ja pidikkeet ruokailuv\u00e4lineille, hopeanharmaa"},"content":{"rendered":"<p>SONGMICS astiankuivaushylly, astiankuivaushylly ruostumatonta ter\u00e4st\u00e4, ulosvedett\u00e4v\u00e4, k\u00e4\u00e4nnett\u00e4v\u00e4 valutus, pidikkeet ruokailuv\u00e4lineille, kuppeille, laseille, leikkuulaudalle ja pannuille, hopeanmusta KCS037B01<br \/>\nV\u00e4ri: hopeanharmaa<br \/>\nMateriaali: ruostumaton ter\u00e4s, PP-muovi (polypropeeni)<br \/>\nKoko: (31,7\u201350,7) x 48,6 x 22,7 cm (S x L x K)<br \/>\nPaino: 1,8 kg<br \/>\nMaks. staattinen kokonaiskuormitus: 26 kg<\/p>\n","protected":false},"excerpt":{"rendered":"<p>SONGMICS astiankuivaushylly, astiankuivaushylly ruostumatonta ter\u00e4st\u00e4, ulosvedett\u00e4v\u00e4, k\u00e4\u00e4nnett\u00e4v\u00e4 valutus, pidikkeet ruokailuv\u00e4lineille, kuppeille, laseille, leikkuulaudalle ja pannuille, hopeanmusta KCS037B01<\/p>\n","protected":false},"featured_media":41173,"comment_status":"open","ping_status":"closed","template":"","meta":[],"product_brand":[],"product_cat":[32],"product_tag":[],"class_list":{"0":"post-32127","1":"product","2":"type-product","3":"status-publish","4":"has-post-thumbnail","6":"product_cat-uncategorized-fi","8":"first","9":"instock","10":"shipping-taxable","11":"purchasable","12":"product-type-simple"},"_links":{"self":[{"href":"https:\/\/nordicmart.andreevmaster.com\/fi\/wp-json\/wp\/v2\/product\/32127","targetHints":{"allow":["GET"]}}],"collection":[{"href":"https:\/\/nordicmart.andreevmaster.com\/fi\/wp-json\/wp\/v2\/product"}],"about":[{"href":"https:\/\/nordicmart.andreevmaster.com\/fi\/wp-json\/wp\/v2\/types\/product"}],"replies":[{"embeddable":true,"href":"https:\/\/nordicmart.andreevmaster.com\/fi\/wp-json\/wp\/v2\/comments?post=32127"}],"wp:featuredmedia":[{"embeddable":true,"href":"https:\/\/nordicmart.andreevmaster.com\/fi\/wp-json\/wp\/v2\/media\/41173"}],"wp:attachment":[{"href":"https:\/\/nordicmart.andreevmaster.com\/fi\/wp-json\/wp\/v2\/media?parent=32127"}],"wp:term":[{"taxonomy":"product_brand","embeddable":true,"href":"https:\/\/nordicmart.andreevmaster.com\/fi\/wp-json\/wp\/v2\/product_brand?post=32127"},{"taxonomy":"product_cat","embeddable":true,"href":"https:\/\/nordicmart.andreevmaster.com\/fi\/wp-json\/wp\/v2\/product_cat?post=32127"},{"taxonomy":"product_tag","embeddable":true,"href":"https:\/\/nordicmart.andreevmaster.com\/fi\/wp-json\/wp\/v2\/product_tag?post=32127"}],"curies":[{"name":"wp","href":"https:\/\/api.w.org\/{rel}","templated":true}]}}