{"id":32125,"date":"2026-02-27T00:16:05","date_gmt":"2026-02-27T00:16:05","guid":{"rendered":"https:\/\/nordicmart.andreevmaster.com\/product\/songmics-2-tasoinen-astiankuivaushylly-hopeanharmaa-astiatelineella\/"},"modified":"2026-02-27T09:38:07","modified_gmt":"2026-02-27T09:38:07","slug":"songmics-2-tasoinen-astiankuivaushylly-hopeanharmaa-astiatelineella","status":"publish","type":"product","link":"https:\/\/nordicmart.andreevmaster.com\/fi\/tuote\/songmics-2-tasoinen-astiankuivaushylly-hopeanharmaa-astiatelineella\/","title":{"rendered":"SONGMICS 2-tasoinen astiankuivaushylly, hopeanharmaa, astiatelineell\u00e4"},"content":{"rendered":"<p>SONGMICS astiankuivaushylly, ulosvedett\u00e4v\u00e4 astiankuivaushylly, astiankuivaushylly ja astiateline, ruostumaton, astioille, veitsille, lusikoille, haarukoille, hopeanmusta KCS035B01<br \/>\nV\u00e4ri: hopeanharmaa<br \/>\nMateriaali: ruostumaton ter\u00e4s, PP-muovi (polypropeeni)<br \/>\nKoko: (25\u201344) x 40 x 33,4 cm (S x L x K)<br \/>\nPaino: 1,6 kg<br \/>\nMaks. staattinen kokonaiskuormitus: 22 kg<\/p>\n","protected":false},"excerpt":{"rendered":"<p>SONGMICS astiankuivaushylly, ulosvedett\u00e4v\u00e4 astiankuivaushylly, astiankuivaushylly ja astiateline, ruostumaton, astioille, veitsille, lusikoille, haarukoille, hopeanmusta KCS035B01<\/p>\n","protected":false},"featured_media":41171,"comment_status":"open","ping_status":"closed","template":"","meta":[],"product_brand":[],"product_cat":[32],"product_tag":[],"class_list":{"0":"post-32125","1":"product","2":"type-product","3":"status-publish","4":"has-post-thumbnail","6":"product_cat-uncategorized-fi","8":"first","9":"instock","10":"shipping-taxable","11":"purchasable","12":"product-type-simple"},"_links":{"self":[{"href":"https:\/\/nordicmart.andreevmaster.com\/fi\/wp-json\/wp\/v2\/product\/32125","targetHints":{"allow":["GET"]}}],"collection":[{"href":"https:\/\/nordicmart.andreevmaster.com\/fi\/wp-json\/wp\/v2\/product"}],"about":[{"href":"https:\/\/nordicmart.andreevmaster.com\/fi\/wp-json\/wp\/v2\/types\/product"}],"replies":[{"embeddable":true,"href":"https:\/\/nordicmart.andreevmaster.com\/fi\/wp-json\/wp\/v2\/comments?post=32125"}],"wp:featuredmedia":[{"embeddable":true,"href":"https:\/\/nordicmart.andreevmaster.com\/fi\/wp-json\/wp\/v2\/media\/41171"}],"wp:attachment":[{"href":"https:\/\/nordicmart.andreevmaster.com\/fi\/wp-json\/wp\/v2\/media?parent=32125"}],"wp:term":[{"taxonomy":"product_brand","embeddable":true,"href":"https:\/\/nordicmart.andreevmaster.com\/fi\/wp-json\/wp\/v2\/product_brand?post=32125"},{"taxonomy":"product_cat","embeddable":true,"href":"https:\/\/nordicmart.andreevmaster.com\/fi\/wp-json\/wp\/v2\/product_cat?post=32125"},{"taxonomy":"product_tag","embeddable":true,"href":"https:\/\/nordicmart.andreevmaster.com\/fi\/wp-json\/wp\/v2\/product_tag?post=32125"}],"curies":[{"name":"wp","href":"https:\/\/api.w.org\/{rel}","templated":true}]}}