{"id":32120,"date":"2026-02-27T00:16:04","date_gmt":"2026-02-27T00:16:04","guid":{"rendered":"https:\/\/nordicmart.andreevmaster.com\/product\/songmics-ruostumattomasta-teraksesta-valmistettu-astioiden-kuivaushylly-hopeanmusta\/"},"modified":"2026-02-27T09:38:06","modified_gmt":"2026-02-27T09:38:06","slug":"songmics-ruostumattomasta-teraksesta-valmistettu-astioiden-kuivaushylly-hopeanmusta","status":"publish","type":"product","link":"https:\/\/nordicmart.andreevmaster.com\/fi\/tuote\/songmics-ruostumattomasta-teraksesta-valmistettu-astioiden-kuivaushylly-hopeanmusta\/","title":{"rendered":"SONGMICS ruostumattomasta ter\u00e4ksest\u00e4 valmistettu astioiden kuivaushylly hopeanmusta"},"content":{"rendered":"<p>SONGMICS astiankuivaushylly, astiankuivaushylly pesualtaan p\u00e4\u00e4lle, astiankuivausjalusta, astiankuivausritil\u00e4 ruostumatonta ter\u00e4st\u00e4, astiankuivausastia, ruokailuv\u00e4lineiden pidike, kupinpidin ruostumaton, astioille, hopeanmusta KCS034B01<br \/>\nV\u00e4ri: hopeanmusta<br \/>\nMateriaali: ruostumaton ter\u00e4s, PP-muovi (polypropeeni)<br \/>\nKoko: 20,6 x 44,5 x 13,1 cm (S x L x K)<br \/>\nPaino: 1 kg<br \/>\nMaks. staattinen kokonaiskuormitus: 12 kg<\/p>\n","protected":false},"excerpt":{"rendered":"<p>SONGMICS astiankuivaushylly, astiankuivaushylly pesualtaan p\u00e4\u00e4lle, astiankuivausjalusta, astiankuivausritil\u00e4 ruostumatonta ter\u00e4st\u00e4, astiankuivausastia, ruokailuv\u00e4lineiden pidike, kupinpidin ruostumaton, astioille, hopeanmusta KCS034B01<\/p>\n","protected":false},"featured_media":41166,"comment_status":"open","ping_status":"closed","template":"","meta":[],"product_brand":[],"product_cat":[32],"product_tag":[],"class_list":{"0":"post-32120","1":"product","2":"type-product","3":"status-publish","4":"has-post-thumbnail","6":"product_cat-uncategorized-fi","8":"first","9":"instock","10":"shipping-taxable","11":"purchasable","12":"product-type-simple"},"_links":{"self":[{"href":"https:\/\/nordicmart.andreevmaster.com\/fi\/wp-json\/wp\/v2\/product\/32120","targetHints":{"allow":["GET"]}}],"collection":[{"href":"https:\/\/nordicmart.andreevmaster.com\/fi\/wp-json\/wp\/v2\/product"}],"about":[{"href":"https:\/\/nordicmart.andreevmaster.com\/fi\/wp-json\/wp\/v2\/types\/product"}],"replies":[{"embeddable":true,"href":"https:\/\/nordicmart.andreevmaster.com\/fi\/wp-json\/wp\/v2\/comments?post=32120"}],"wp:featuredmedia":[{"embeddable":true,"href":"https:\/\/nordicmart.andreevmaster.com\/fi\/wp-json\/wp\/v2\/media\/41166"}],"wp:attachment":[{"href":"https:\/\/nordicmart.andreevmaster.com\/fi\/wp-json\/wp\/v2\/media?parent=32120"}],"wp:term":[{"taxonomy":"product_brand","embeddable":true,"href":"https:\/\/nordicmart.andreevmaster.com\/fi\/wp-json\/wp\/v2\/product_brand?post=32120"},{"taxonomy":"product_cat","embeddable":true,"href":"https:\/\/nordicmart.andreevmaster.com\/fi\/wp-json\/wp\/v2\/product_cat?post=32120"},{"taxonomy":"product_tag","embeddable":true,"href":"https:\/\/nordicmart.andreevmaster.com\/fi\/wp-json\/wp\/v2\/product_tag?post=32120"}],"curies":[{"name":"wp","href":"https:\/\/api.w.org\/{rel}","templated":true}]}}