{"id":32119,"date":"2026-02-27T00:16:03","date_gmt":"2026-02-27T00:16:03","guid":{"rendered":"https:\/\/nordicmart.andreevmaster.com\/product\/songmics-astiankuivaushylly-ja-tippakaukalo\/"},"modified":"2026-02-27T09:38:06","modified_gmt":"2026-02-27T09:38:06","slug":"songmics-astiankuivaushylly-ja-tippakaukalo","status":"publish","type":"product","link":"https:\/\/nordicmart.andreevmaster.com\/fi\/tuote\/songmics-astiankuivaushylly-ja-tippakaukalo\/","title":{"rendered":"SONGMICS astiankuivaushylly ja tippakaukalo"},"content":{"rendered":"<p>Laajennettava ja mukautettava muotoilu: T\u00e4ss\u00e4 astiankuivaushyllyss\u00e4 on tippakaukalo, jonka pituutta voi s\u00e4\u00e4t\u00e4\u00e4 53,5 cm:st\u00e4 71,6 cm:iin. N\u00e4in voit s\u00e4\u00e4t\u00e4\u00e4 tippakaukalon kokoa, jotta saat lis\u00e4\u00e4 s\u00e4ilytystilaa tai s\u00e4\u00e4st\u00e4t tilaa keitti\u00f6n ty\u00f6tasolla. Tippakaukalon alla oleva 360 astetta k\u00e4\u00e4ntyv\u00e4 kaatonokka mahdollistaa sen sijoittamisen astiankuivaushyllyn pidemm\u00e4lle tai lyhyemm\u00e4lle sivulle, jotta vesi voi valua pesualtaaseen kummaltakin puolelta.Laadukas suorituskyky: Vankka alumiinirunko on ruostumaton ja eloksoitu, harjattu pinta kest\u00e4\u00e4 \u00f6ljy\u00e4 ja sormenj\u00e4lki\u00e4, joten voit pit\u00e4\u00e4 sen puhtaana v\u00e4h\u00e4ll\u00e4 huollolla. PP-muovista valmistettu tippakaukalo, jossa on erityinen pinnoite, jakaa veden tehokkaammin kuivattamiseksi.Tuotetiedot: V\u00e4ri: hopeanmusta Materiaali: alumiini, PP-muovi Koko: (53,5-71,6) x 32,3 x 33,3 cm (P x L x K) Paino: 2 kg Toimitus sis\u00e4lt\u00e4\u00e4: 1 x astiankuivaushylly 1 x lis\u00e4varustepaketti 1 x ohjeet<\/p>\n","protected":false},"excerpt":{"rendered":"<p>SONGMICS astiankuivaushylly, ruostumaton alumiini, laajennettava astiankuivausastia 53,5\u201371,6 cm, k\u00e4\u00e4ntyv\u00e4 valutusaukko, lasi- ja mukinpitimet, hopeanmusta KCS031E01<\/p>\n","protected":false},"featured_media":41165,"comment_status":"open","ping_status":"closed","template":"","meta":[],"product_brand":[],"product_cat":[32],"product_tag":[],"class_list":{"0":"post-32119","1":"product","2":"type-product","3":"status-publish","4":"has-post-thumbnail","6":"product_cat-uncategorized-fi","8":"first","9":"instock","10":"shipping-taxable","11":"purchasable","12":"product-type-simple"},"_links":{"self":[{"href":"https:\/\/nordicmart.andreevmaster.com\/fi\/wp-json\/wp\/v2\/product\/32119","targetHints":{"allow":["GET"]}}],"collection":[{"href":"https:\/\/nordicmart.andreevmaster.com\/fi\/wp-json\/wp\/v2\/product"}],"about":[{"href":"https:\/\/nordicmart.andreevmaster.com\/fi\/wp-json\/wp\/v2\/types\/product"}],"replies":[{"embeddable":true,"href":"https:\/\/nordicmart.andreevmaster.com\/fi\/wp-json\/wp\/v2\/comments?post=32119"}],"wp:featuredmedia":[{"embeddable":true,"href":"https:\/\/nordicmart.andreevmaster.com\/fi\/wp-json\/wp\/v2\/media\/41165"}],"wp:attachment":[{"href":"https:\/\/nordicmart.andreevmaster.com\/fi\/wp-json\/wp\/v2\/media?parent=32119"}],"wp:term":[{"taxonomy":"product_brand","embeddable":true,"href":"https:\/\/nordicmart.andreevmaster.com\/fi\/wp-json\/wp\/v2\/product_brand?post=32119"},{"taxonomy":"product_cat","embeddable":true,"href":"https:\/\/nordicmart.andreevmaster.com\/fi\/wp-json\/wp\/v2\/product_cat?post=32119"},{"taxonomy":"product_tag","embeddable":true,"href":"https:\/\/nordicmart.andreevmaster.com\/fi\/wp-json\/wp\/v2\/product_tag?post=32119"}],"curies":[{"name":"wp","href":"https:\/\/api.w.org\/{rel}","templated":true}]}}