{"id":32118,"date":"2026-02-27T00:16:03","date_gmt":"2026-02-27T00:16:03","guid":{"rendered":"https:\/\/nordicmart.andreevmaster.com\/product\/songmics-astiankuivaushylly-ruostumattomasta-teraksesta-sormenjalkia-hylkiva\/"},"modified":"2026-02-27T09:38:05","modified_gmt":"2026-02-27T09:38:05","slug":"songmics-astiankuivaushylly-ruostumattomasta-teraksesta-sormenjalkia-hylkiva","status":"publish","type":"product","link":"https:\/\/nordicmart.andreevmaster.com\/fi\/tuote\/songmics-astiankuivaushylly-ruostumattomasta-teraksesta-sormenjalkia-hylkiva\/","title":{"rendered":"SONGMICS astiankuivaushylly ruostumattomasta ter\u00e4ksest\u00e4, sormenj\u00e4lki\u00e4 hylkiv\u00e4"},"content":{"rendered":"<p>SONGMICS astiankuivaushylly, ruostumattomasta ter\u00e4ksest\u00e4 valmistettu astiankuivaushylly, k\u00e4\u00e4nnett\u00e4v\u00e4 valutusaukko, valutusastia, kupinpidin, sormenj\u00e4lki\u00e4 hylkiv\u00e4, keitti\u00f6\u00f6n, 31,7 x 57,2 cm<br \/>\nV\u00e4ri: hopeanharmaa<br \/>\nMateriaali: ruostumaton ter\u00e4s, PP-muovi<br \/>\nKoko: 31,7 x 57,2 x 24,6 cm (S x L x K)<br \/>\nPaino: 1,8 kg<\/p>\n","protected":false},"excerpt":{"rendered":"<p>SONGMICS astiankuivaushylly, ruostumattomasta ter\u00e4ksest\u00e4 valmistettu astiankuivaushylly, k\u00e4\u00e4nnett\u00e4v\u00e4 valutusaukko, valutusastia, kupinpidin, sormenj\u00e4lki\u00e4 hylkiv\u00e4, keitti\u00f6\u00f6n, 31,7 x 57,2 cm<\/p>\n","protected":false},"featured_media":41164,"comment_status":"open","ping_status":"closed","template":"","meta":[],"product_brand":[],"product_cat":[32],"product_tag":[],"class_list":{"0":"post-32118","1":"product","2":"type-product","3":"status-publish","4":"has-post-thumbnail","6":"product_cat-uncategorized-fi","8":"first","9":"instock","10":"shipping-taxable","11":"purchasable","12":"product-type-simple"},"_links":{"self":[{"href":"https:\/\/nordicmart.andreevmaster.com\/fi\/wp-json\/wp\/v2\/product\/32118","targetHints":{"allow":["GET"]}}],"collection":[{"href":"https:\/\/nordicmart.andreevmaster.com\/fi\/wp-json\/wp\/v2\/product"}],"about":[{"href":"https:\/\/nordicmart.andreevmaster.com\/fi\/wp-json\/wp\/v2\/types\/product"}],"replies":[{"embeddable":true,"href":"https:\/\/nordicmart.andreevmaster.com\/fi\/wp-json\/wp\/v2\/comments?post=32118"}],"wp:featuredmedia":[{"embeddable":true,"href":"https:\/\/nordicmart.andreevmaster.com\/fi\/wp-json\/wp\/v2\/media\/41164"}],"wp:attachment":[{"href":"https:\/\/nordicmart.andreevmaster.com\/fi\/wp-json\/wp\/v2\/media?parent=32118"}],"wp:term":[{"taxonomy":"product_brand","embeddable":true,"href":"https:\/\/nordicmart.andreevmaster.com\/fi\/wp-json\/wp\/v2\/product_brand?post=32118"},{"taxonomy":"product_cat","embeddable":true,"href":"https:\/\/nordicmart.andreevmaster.com\/fi\/wp-json\/wp\/v2\/product_cat?post=32118"},{"taxonomy":"product_tag","embeddable":true,"href":"https:\/\/nordicmart.andreevmaster.com\/fi\/wp-json\/wp\/v2\/product_tag?post=32118"}],"curies":[{"name":"wp","href":"https:\/\/api.w.org\/{rel}","templated":true}]}}