{"id":32115,"date":"2026-02-27T00:16:03","date_gmt":"2026-02-27T00:16:03","guid":{"rendered":"https:\/\/nordicmart.andreevmaster.com\/product\/songmics-maustehyllyt-metallikehyksella-2-kpl\/"},"modified":"2026-02-27T09:38:05","modified_gmt":"2026-02-27T09:38:05","slug":"songmics-maustehyllyt-metallikehyksella-2-kpl","status":"publish","type":"product","link":"https:\/\/nordicmart.andreevmaster.com\/fi\/tuote\/songmics-maustehyllyt-metallikehyksella-2-kpl\/","title":{"rendered":"SONGMICS maustehyllyt metallikehyksell\u00e4, 2 kpl"},"content":{"rendered":"<p>Keitti\u00f6ss\u00e4: Aseta hyllyt kaappiin tai keitti\u00f6n ty\u00f6tasolle, jotta saat lis\u00e4\u00e4 s\u00e4ilytystilaa ja s\u00e4ilytysmahdollisuuksia maustepurkkeille, lasille, kulhoille ja muille tavaroille. Keitti\u00f6ss\u00e4 ei voi koskaan olla liikaa s\u00e4ilytyshyllyj\u00e4, eik\u00f6 niin? 2 riitt\u00e4\u00e4 kuitenkin. Olohuoneessa: Luo siisti teepiste n\u00e4ill\u00e4 hyllyill\u00e4 \u2013 teekupit alhaalla ja teekannu ylh\u00e4\u00e4ll\u00e4. T\u00e4\u00e4lt\u00e4 l\u00f6yd\u00e4t tilaa kaikille teetarvikkeillesi. Toimistossa: Pinoa hyllyt p\u00e4\u00e4llekk\u00e4in ty\u00f6p\u00f6yd\u00e4llesi, jotta saat lis\u00e4\u00e4 s\u00e4ilytystilaa yl\u00f6sp\u00e4in. J\u00e4rjest\u00e4 mukisi, nitojasi, paperiliittimi\u00e4si ja muita p\u00e4ivitt\u00e4isi\u00e4 toimistotarvikkeitasi eri tasoille, jotta voit ty\u00f6skennell\u00e4 siistill\u00e4 ty\u00f6p\u00f6yd\u00e4ll\u00e4. Mit\u00e4 aiot tehd\u00e4 t\u00e4ll\u00e4 keitti\u00f6hyllysetill\u00e4? Tuotetiedot: V\u00e4ri: valkoinen-luonnonv\u00e4ri Materiaali: bambu, metalli Suuren hyllyn koko: 29,7 x 19,5 x 15,5 cm (P x L x K) Pienen hyllyn koko: 29,7 x 18,5 x 13,6 cm (P x L x K) Paino: 1,3 kg Maks. staattinen kantavuus per hylly: 15 kg Toimitus sis\u00e4lt\u00e4\u00e4: 2 x maustehylly 1 x lis\u00e4varustepaketti 1 x ohjeet SONGMICS Huomautukset: Nostaaksesi hyllyj\u00e4 p\u00e4\u00e4llekk\u00e4in, noudata ohjeita.V\u00e4lt\u00e4 pitk\u00e4aikaista k\u00e4ytt\u00f6\u00e4 kosteissa ymp\u00e4rist\u00f6iss\u00e4.<\/p>\n","protected":false},"excerpt":{"rendered":"<p>SONGMICS maustehylly, 2 kpl, keitti\u00f6hylly, keitti\u00f6n j\u00e4rjestelij\u00e4, laajennettava, maustepidike, pinottava, metallia ja bambua, valkoinen-luonnonv\u00e4ri KCS02NW<\/p>\n","protected":false},"featured_media":41162,"comment_status":"open","ping_status":"closed","template":"","meta":[],"product_brand":[],"product_cat":[32],"product_tag":[],"class_list":{"0":"post-32115","1":"product","2":"type-product","3":"status-publish","4":"has-post-thumbnail","6":"product_cat-uncategorized-fi","8":"first","9":"instock","10":"shipping-taxable","11":"purchasable","12":"product-type-simple"},"_links":{"self":[{"href":"https:\/\/nordicmart.andreevmaster.com\/fi\/wp-json\/wp\/v2\/product\/32115","targetHints":{"allow":["GET"]}}],"collection":[{"href":"https:\/\/nordicmart.andreevmaster.com\/fi\/wp-json\/wp\/v2\/product"}],"about":[{"href":"https:\/\/nordicmart.andreevmaster.com\/fi\/wp-json\/wp\/v2\/types\/product"}],"replies":[{"embeddable":true,"href":"https:\/\/nordicmart.andreevmaster.com\/fi\/wp-json\/wp\/v2\/comments?post=32115"}],"wp:featuredmedia":[{"embeddable":true,"href":"https:\/\/nordicmart.andreevmaster.com\/fi\/wp-json\/wp\/v2\/media\/41162"}],"wp:attachment":[{"href":"https:\/\/nordicmart.andreevmaster.com\/fi\/wp-json\/wp\/v2\/media?parent=32115"}],"wp:term":[{"taxonomy":"product_brand","embeddable":true,"href":"https:\/\/nordicmart.andreevmaster.com\/fi\/wp-json\/wp\/v2\/product_brand?post=32115"},{"taxonomy":"product_cat","embeddable":true,"href":"https:\/\/nordicmart.andreevmaster.com\/fi\/wp-json\/wp\/v2\/product_cat?post=32115"},{"taxonomy":"product_tag","embeddable":true,"href":"https:\/\/nordicmart.andreevmaster.com\/fi\/wp-json\/wp\/v2\/product_tag?post=32115"}],"curies":[{"name":"wp","href":"https:\/\/api.w.org\/{rel}","templated":true}]}}