{"id":32109,"date":"2026-02-27T00:16:01","date_gmt":"2026-02-27T00:16:01","guid":{"rendered":"https:\/\/nordicmart.andreevmaster.com\/product\/songmics-keittiohylly-2-kpln-sarja-pinottava-musta-ebonysmusta\/"},"modified":"2026-02-27T09:38:04","modified_gmt":"2026-02-27T09:38:04","slug":"songmics-keittiohylly-2-kpln-sarja-pinottava-musta-ebonysmusta","status":"publish","type":"product","link":"https:\/\/nordicmart.andreevmaster.com\/fi\/tuote\/songmics-keittiohylly-2-kpln-sarja-pinottava-musta-ebonysmusta\/","title":{"rendered":"SONGMICS keitti\u00f6hylly 2 kpl:n sarja, pinottava, musta-ebonysmusta"},"content":{"rendered":"<p>SONGMICS maustehylly, 2 kpl, keitti\u00f6hylly, keitti\u00f6n j\u00e4rjestelij\u00e4, laajennettava, maustepidike, pinottava, metallia ja bambua, valkoinen-luonnonv\u00e4ri KCS02NW<br \/>\nV\u00e4ri: muste-ebonys<br \/>\nMateriaali: metalli, puumateriaali<br \/>\nSuuren hyllyn koko: 19,5 x 29,7 x 15,8 cm (S x L x K)<br \/>\nPienen hyllyn koko: 18,5 x 29,7 x 13,7 cm (S x L x K)<br \/>\nKokonaispaino: 1,6 kg<br \/>\nHyllyn suurin staattinen kantavuus: 15 kg<\/p>\n","protected":false},"excerpt":{"rendered":"<p>SONGMICS maustehylly, 2 kpl, keitti\u00f6hylly, keitti\u00f6n j\u00e4rjestelij\u00e4, laajennettava, maustepidike, pinottava, metallia ja bambua, valkoinen-luonnonv\u00e4ri KCS02NW<\/p>\n","protected":false},"featured_media":41156,"comment_status":"open","ping_status":"closed","template":"","meta":[],"product_brand":[],"product_cat":[32],"product_tag":[],"class_list":{"0":"post-32109","1":"product","2":"type-product","3":"status-publish","4":"has-post-thumbnail","6":"product_cat-uncategorized-fi","8":"first","9":"instock","10":"shipping-taxable","11":"purchasable","12":"product-type-simple"},"_links":{"self":[{"href":"https:\/\/nordicmart.andreevmaster.com\/fi\/wp-json\/wp\/v2\/product\/32109","targetHints":{"allow":["GET"]}}],"collection":[{"href":"https:\/\/nordicmart.andreevmaster.com\/fi\/wp-json\/wp\/v2\/product"}],"about":[{"href":"https:\/\/nordicmart.andreevmaster.com\/fi\/wp-json\/wp\/v2\/types\/product"}],"replies":[{"embeddable":true,"href":"https:\/\/nordicmart.andreevmaster.com\/fi\/wp-json\/wp\/v2\/comments?post=32109"}],"wp:featuredmedia":[{"embeddable":true,"href":"https:\/\/nordicmart.andreevmaster.com\/fi\/wp-json\/wp\/v2\/media\/41156"}],"wp:attachment":[{"href":"https:\/\/nordicmart.andreevmaster.com\/fi\/wp-json\/wp\/v2\/media?parent=32109"}],"wp:term":[{"taxonomy":"product_brand","embeddable":true,"href":"https:\/\/nordicmart.andreevmaster.com\/fi\/wp-json\/wp\/v2\/product_brand?post=32109"},{"taxonomy":"product_cat","embeddable":true,"href":"https:\/\/nordicmart.andreevmaster.com\/fi\/wp-json\/wp\/v2\/product_cat?post=32109"},{"taxonomy":"product_tag","embeddable":true,"href":"https:\/\/nordicmart.andreevmaster.com\/fi\/wp-json\/wp\/v2\/product_tag?post=32109"}],"curies":[{"name":"wp","href":"https:\/\/api.w.org\/{rel}","templated":true}]}}