{"id":32104,"date":"2026-02-27T00:16:00","date_gmt":"2026-02-27T00:16:00","guid":{"rendered":"https:\/\/nordicmart.andreevmaster.com\/product\/songmics-maustehylly-4-kpln-sarja-metallikehyksella-musta-vintage-ruskea\/"},"modified":"2026-02-27T09:38:03","modified_gmt":"2026-02-27T09:38:03","slug":"songmics-maustehylly-4-kpln-sarja-metallikehyksella-musta-vintage-ruskea","status":"publish","type":"product","link":"https:\/\/nordicmart.andreevmaster.com\/fi\/tuote\/songmics-maustehylly-4-kpln-sarja-metallikehyksella-musta-vintage-ruskea\/","title":{"rendered":"SONGMICS maustehylly 4 kpl:n sarja metallikehyksell\u00e4, musta-vintage-ruskea"},"content":{"rendered":"<p>SONGMICS maustehyllyt, 4 kpl, keitti\u00f6hyllyt, laajennettava keitti\u00f6n j\u00e4rjestelij\u00e4, pinottava, metallia ja lastulevy\u00e4, hyllytyyny, keitti\u00f6n kaappiin, keitti\u00f6\u00f6n, vintage-ruskea-musta KCS021X01<br \/>\nV\u00e4ri: muste-musta-vintage-ruskea<br \/>\nMateriaali: metalli, puumateriaali<br \/>\nSuuren hyllyn koko: 19,5 x 39,7 x 15,5 cm (S x L x K)<br \/>\nPienen hyllyn koko: 18,5 x 39,7 x 13,6 cm (S x L x K)<br \/>\nKokonaispaino: 3,8 kg<br \/>\nHyllyn suurin staattinen kantavuus: 15 kg<\/p>\n","protected":false},"excerpt":{"rendered":"<p>SONGMICS maustehyllyt, 4 kpl, keitti\u00f6hyllyt, laajennettava keitti\u00f6n j\u00e4rjestelij\u00e4, pinottava, metallia ja lastulevy\u00e4, hyllytyyny, keitti\u00f6n kaappiin, keitti\u00f6\u00f6n, vintage-ruskea-musta KCS021X01<\/p>\n","protected":false},"featured_media":41151,"comment_status":"open","ping_status":"closed","template":"","meta":[],"product_brand":[],"product_cat":[32],"product_tag":[],"class_list":{"0":"post-32104","1":"product","2":"type-product","3":"status-publish","4":"has-post-thumbnail","6":"product_cat-uncategorized-fi","8":"first","9":"instock","10":"shipping-taxable","11":"purchasable","12":"product-type-simple"},"_links":{"self":[{"href":"https:\/\/nordicmart.andreevmaster.com\/fi\/wp-json\/wp\/v2\/product\/32104","targetHints":{"allow":["GET"]}}],"collection":[{"href":"https:\/\/nordicmart.andreevmaster.com\/fi\/wp-json\/wp\/v2\/product"}],"about":[{"href":"https:\/\/nordicmart.andreevmaster.com\/fi\/wp-json\/wp\/v2\/types\/product"}],"replies":[{"embeddable":true,"href":"https:\/\/nordicmart.andreevmaster.com\/fi\/wp-json\/wp\/v2\/comments?post=32104"}],"wp:featuredmedia":[{"embeddable":true,"href":"https:\/\/nordicmart.andreevmaster.com\/fi\/wp-json\/wp\/v2\/media\/41151"}],"wp:attachment":[{"href":"https:\/\/nordicmart.andreevmaster.com\/fi\/wp-json\/wp\/v2\/media?parent=32104"}],"wp:term":[{"taxonomy":"product_brand","embeddable":true,"href":"https:\/\/nordicmart.andreevmaster.com\/fi\/wp-json\/wp\/v2\/product_brand?post=32104"},{"taxonomy":"product_cat","embeddable":true,"href":"https:\/\/nordicmart.andreevmaster.com\/fi\/wp-json\/wp\/v2\/product_cat?post=32104"},{"taxonomy":"product_tag","embeddable":true,"href":"https:\/\/nordicmart.andreevmaster.com\/fi\/wp-json\/wp\/v2\/product_tag?post=32104"}],"curies":[{"name":"wp","href":"https:\/\/api.w.org\/{rel}","templated":true}]}}