{"id":32100,"date":"2026-02-27T00:16:00","date_gmt":"2026-02-27T00:16:00","guid":{"rendered":"https:\/\/nordicmart.andreevmaster.com\/product\/songmics-maustehylly-4-kpln-sarja-vintage-ruskea-musta\/"},"modified":"2026-02-27T09:38:03","modified_gmt":"2026-02-27T09:38:03","slug":"songmics-maustehylly-4-kpln-sarja-vintage-ruskea-musta","status":"publish","type":"product","link":"https:\/\/nordicmart.andreevmaster.com\/fi\/tuote\/songmics-maustehylly-4-kpln-sarja-vintage-ruskea-musta\/","title":{"rendered":"SONGMICS maustehylly 4 kpl:n sarja, vintage-ruskea-musta"},"content":{"rendered":"<p>Siivoa ty\u00f6tason tila: Ty\u00f6tason ep\u00e4j\u00e4rjestys voi aiheuttaa turhautumista ja vaikeuttaa oikean maustepurkin l\u00f6yt\u00e4mist\u00e4 sekunnin murto-osassa ruoanlaittoa varten. T\u00e4ss\u00e4 on ratkaisu: n\u00e4m\u00e4 vieh\u00e4tt\u00e4v\u00e4t hyllyt tarjoavat 4 tasoa, jotka palauttavat tilan, j\u00e4rjestyksen ja tyylin. Anna mielikuvituksesi lent\u00e4\u00e4: luo mini-teepiste olohuoneeseen, k\u00e4yt\u00e4 hyllyj\u00e4 kylpyhuoneessa hygieniatuotteiden ja meikkien s\u00e4ilytt\u00e4miseen tai laita p\u00e4ivitt\u00e4iset toimistotarvikkeet niille, jotta ty\u00f6p\u00f6yt\u00e4si pysyy siistin\u00e4. T\u00e4m\u00e4 hyllykk\u00f6setti ei ole suunniteltu vain maustepulloille ja lasille! Tuotetiedot: V\u00e4ri: vintage-ruskea-musta Materiaali: metalli, lastulevy Suuren hyllyn koko: 29,7 x 19,5 x 15,5 cm (P x L x K)Pienen hyllyn koko: 29,7 x 18,5 x 13,6 cm (P x L x K) Kokonaispaino: 2,6 kg Maks. staattinen kantavuus per hylly: 15 kg Toimitus sis\u00e4lt\u00e4\u00e4: 4 x maustehylly 1 x lis\u00e4varustepaketti 1 x ohjeet SONGMICS Huomautukset: Nostaaksesi hyllyj\u00e4 p\u00e4\u00e4llekk\u00e4in, noudata ohjeita.V\u00e4lt\u00e4 pitk\u00e4aikaista k\u00e4ytt\u00f6\u00e4 kosteissa ymp\u00e4rist\u00f6iss\u00e4.<\/p>\n","protected":false},"excerpt":{"rendered":"<p>SONGMICS maustehyllyt, 4 kpl, keitti\u00f6hyllyt, laajennettava keitti\u00f6n j\u00e4rjestelij\u00e4, pinottava, metallia ja lastulevy\u00e4, hyllytyyny, keitti\u00f6n kaappiin, keitti\u00f6\u00f6n, vintage-ruskea-musta KCS021X01<\/p>\n","protected":false},"featured_media":41147,"comment_status":"open","ping_status":"closed","template":"","meta":[],"product_brand":[],"product_cat":[32],"product_tag":[],"class_list":{"0":"post-32100","1":"product","2":"type-product","3":"status-publish","4":"has-post-thumbnail","6":"product_cat-uncategorized-fi","8":"first","9":"instock","10":"shipping-taxable","11":"purchasable","12":"product-type-simple"},"_links":{"self":[{"href":"https:\/\/nordicmart.andreevmaster.com\/fi\/wp-json\/wp\/v2\/product\/32100","targetHints":{"allow":["GET"]}}],"collection":[{"href":"https:\/\/nordicmart.andreevmaster.com\/fi\/wp-json\/wp\/v2\/product"}],"about":[{"href":"https:\/\/nordicmart.andreevmaster.com\/fi\/wp-json\/wp\/v2\/types\/product"}],"replies":[{"embeddable":true,"href":"https:\/\/nordicmart.andreevmaster.com\/fi\/wp-json\/wp\/v2\/comments?post=32100"}],"wp:featuredmedia":[{"embeddable":true,"href":"https:\/\/nordicmart.andreevmaster.com\/fi\/wp-json\/wp\/v2\/media\/41147"}],"wp:attachment":[{"href":"https:\/\/nordicmart.andreevmaster.com\/fi\/wp-json\/wp\/v2\/media?parent=32100"}],"wp:term":[{"taxonomy":"product_brand","embeddable":true,"href":"https:\/\/nordicmart.andreevmaster.com\/fi\/wp-json\/wp\/v2\/product_brand?post=32100"},{"taxonomy":"product_cat","embeddable":true,"href":"https:\/\/nordicmart.andreevmaster.com\/fi\/wp-json\/wp\/v2\/product_cat?post=32100"},{"taxonomy":"product_tag","embeddable":true,"href":"https:\/\/nordicmart.andreevmaster.com\/fi\/wp-json\/wp\/v2\/product_tag?post=32100"}],"curies":[{"name":"wp","href":"https:\/\/api.w.org\/{rel}","templated":true}]}}