{"id":32098,"date":"2026-02-27T00:15:59","date_gmt":"2026-02-27T00:15:59","guid":{"rendered":"https:\/\/nordicmart.andreevmaster.com\/product\/songmics-maustehylly-2-kpl-keittiohylly-keittion-jarjestelija-keittio-maustepidike-laajennettava-pinottava-pieni-hylly-metalli-valkoinen-kcs01wt\/"},"modified":"2026-02-27T09:38:02","modified_gmt":"2026-02-27T09:38:02","slug":"songmics-maustehylly-2-kpl-keittiohylly-keittion-jarjestelija-keittio-maustepidike-laajennettava-pinottava-pieni-hylly-metalli-valkoinen-kcs01wt","status":"publish","type":"product","link":"https:\/\/nordicmart.andreevmaster.com\/fi\/tuote\/songmics-maustehylly-2-kpl-keittiohylly-keittion-jarjestelija-keittio-maustepidike-laajennettava-pinottava-pieni-hylly-metalli-valkoinen-kcs01wt\/","title":{"rendered":"SONGMICS maustehylly, 2 kpl, keitti\u00f6hylly, keitti\u00f6n j\u00e4rjestelij\u00e4, keitti\u00f6, maustepidike, laajennettava, pinottava, pieni hylly, metalli, valkoinen KCS01WT"},"content":{"rendered":"<p>Tuotetiedot:<\/p>\n<p>V\u00e4ri: valkoinen<br \/>\nMateriaali: metalli<br \/>\nSuuren hyllyn koko: 22,9 x 32 x 15,4 cm (S x L x K)<br \/>\nPienen hyllyn koko: 21,9 x 32 x 13,7 cm (S x L x K)<br \/>\nKokonaispaino: 1,2 kg<br \/>\nHyllyn enimm\u00e4iskuormitus: 10 kg<br \/>\nToimitus sis\u00e4lt\u00e4\u00e4:<\/p>\n<p>2 x keitti\u00f6n j\u00e4rjestelij\u00e4<br \/>\n1 x lis\u00e4varustepaketti<br \/>\n1 x k\u00e4ytt\u00f6ohje<br \/>\nSONGMICS-ohjeet:<\/p>\n<p>Noudata ohjeita pinottaessa.<br \/>\nV\u00e4lt\u00e4 pitk\u00e4aikaista k\u00e4ytt\u00f6\u00e4 kosteissa ymp\u00e4rist\u00f6iss\u00e4.<\/p>\n","protected":false},"excerpt":{"rendered":"<p>Tuotetiedot: V\u00e4ri: valkoinen Materiaali: metalli Suuren hyllyn koko: 22,9 x 32 x 15,4 cm (S x L x K) Pienen hyllyn koko: 21,9 x 32 x 13,7 cm (S x L x K) Kokonaispaino: 1,2 kg Hyllyn enimm\u00e4iskuormitus: 10 kg Toimitus sis\u00e4lt\u00e4\u00e4: 2 x keitti\u00f6n j\u00e4rjestelij\u00e4 1 x lis\u00e4varustepaketti 1 x k\u00e4ytt\u00f6ohje SONGMICS-ohjeet: Noudata ohjeita [&hellip;]<\/p>\n","protected":false},"featured_media":41145,"comment_status":"open","ping_status":"closed","template":"","meta":[],"product_brand":[],"product_cat":[32],"product_tag":[],"class_list":{"0":"post-32098","1":"product","2":"type-product","3":"status-publish","4":"has-post-thumbnail","6":"product_cat-uncategorized-fi","8":"first","9":"instock","10":"shipping-taxable","11":"purchasable","12":"product-type-simple"},"_links":{"self":[{"href":"https:\/\/nordicmart.andreevmaster.com\/fi\/wp-json\/wp\/v2\/product\/32098","targetHints":{"allow":["GET"]}}],"collection":[{"href":"https:\/\/nordicmart.andreevmaster.com\/fi\/wp-json\/wp\/v2\/product"}],"about":[{"href":"https:\/\/nordicmart.andreevmaster.com\/fi\/wp-json\/wp\/v2\/types\/product"}],"replies":[{"embeddable":true,"href":"https:\/\/nordicmart.andreevmaster.com\/fi\/wp-json\/wp\/v2\/comments?post=32098"}],"wp:featuredmedia":[{"embeddable":true,"href":"https:\/\/nordicmart.andreevmaster.com\/fi\/wp-json\/wp\/v2\/media\/41145"}],"wp:attachment":[{"href":"https:\/\/nordicmart.andreevmaster.com\/fi\/wp-json\/wp\/v2\/media?parent=32098"}],"wp:term":[{"taxonomy":"product_brand","embeddable":true,"href":"https:\/\/nordicmart.andreevmaster.com\/fi\/wp-json\/wp\/v2\/product_brand?post=32098"},{"taxonomy":"product_cat","embeddable":true,"href":"https:\/\/nordicmart.andreevmaster.com\/fi\/wp-json\/wp\/v2\/product_cat?post=32098"},{"taxonomy":"product_tag","embeddable":true,"href":"https:\/\/nordicmart.andreevmaster.com\/fi\/wp-json\/wp\/v2\/product_tag?post=32098"}],"curies":[{"name":"wp","href":"https:\/\/api.w.org\/{rel}","templated":true}]}}