{"id":32097,"date":"2026-02-27T00:15:59","date_gmt":"2026-02-27T00:15:59","guid":{"rendered":"https:\/\/nordicmart.andreevmaster.com\/product\/2-tasoinen-maustehylly-hopea-2\/"},"modified":"2026-02-27T09:38:02","modified_gmt":"2026-02-27T09:38:02","slug":"2-tasoinen-maustehylly-hopea-2","status":"publish","type":"product","link":"https:\/\/nordicmart.andreevmaster.com\/fi\/tuote\/2-tasoinen-maustehylly-hopea-2\/","title":{"rendered":"2-tasoinen maustehylly, hopea"},"content":{"rendered":"<p>[Jaa ja p\u00e4\u00e4t\u00e4] Sinulla on suuri kaappi, mutta mausteille ja purkeille ei ole viel\u00e4k\u00e4\u00e4n tilaa Yrit\u00e4 jakaa kaapin tila n\u00e4ill\u00e4 j\u00e4rjestelij\u00f6ill\u00e4, jotta voit tuplata j\u00e4rjest\u00e4mistilasi.[Tyylik\u00e4s ulkon\u00e4k\u00f6] Et halua piilottaa t\u00e4t\u00e4 vieh\u00e4tt\u00e4v\u00e4\u00e4 hylly\u00e4 kaappiin, vaan voit sijoittaa sen my\u00f6s ty\u00f6tasolle, mik\u00e4 tekee siit\u00e4 k\u00e4yt\u00e4nn\u00f6llisen ja houkuttelevan ja kaunistaa keitti\u00f6t\u00e4si[Pieni hylly, suuri teho] Vaikka metallihyllyt ovat pieni\u00e4 ja yksinkertaisen rakenteisia, ne ovat riitt\u00e4v\u00e4n vahvoja kantamaan jopa 10 kg:n painon kukin; j\u00e4t\u00e4 ne kahvilaitteiden kanssa: Voit tehd\u00e4 sen<\/p>\n<p>[Yl\u00f6s, alas, oikealle, vasemmalle] Sijoita 4 hylly\u00e4 p\u00e4\u00e4llekk\u00e4in, p\u00e4\u00e4llekk\u00e4in, sivuttain tai L-muotoisesti tilasi mukaan; \u00e4lykk\u00e4\u00e4n muokattavan muotoilun ansiosta mielikuvituksesi on ainoa rajoittava tekij\u00e4.[Mit\u00e4 saat] 2 tyylik\u00e4st\u00e4 metallihylly\u00e4, joita voit pinota, laajentaa tai sijoittaa eri paikkoihin &#8211; loistava idea tilan maksimoimiseksi kaapissa tai tiskill\u00e4.Tuotetiedot:V\u00e4ri: hopeaMateriaali: metalliSuuren hyllyjen mitat: Materiaali: metallihylly: 22,9 x 32 x 15,4 cm (S x L x K)Pienen hyllyn mitat: 22,9 x 32 x 15,4 cm (S x L x K): Kokonaispaino: 1,2 kgMaksimi staattinen kuormitus hylly\u00e4 kohden: Toimituksen laajuus:2 x keitti\u00f6n j\u00e4rjestelij\u00e4t1 x tarvikepakkaus1 * Ohjeistus<\/p>\n","protected":false},"excerpt":{"rendered":"<p>[Jaa ja p\u00e4\u00e4t\u00e4] Sinulla on suuri kaappi, mutta mausteille ja purkeille ei ole viel\u00e4k\u00e4\u00e4n tilaa Yrit\u00e4 jakaa kaapin tila n\u00e4ill\u00e4 j\u00e4rjestelij\u00f6ill\u00e4, jotta voit tuplata j\u00e4rjest\u00e4mistilasi.[Tyylik\u00e4s ulkon\u00e4k\u00f6] Et halua piilottaa t\u00e4t\u00e4 vieh\u00e4tt\u00e4v\u00e4\u00e4 hylly\u00e4 kaappiin, vaan voit sijoittaa sen my\u00f6s ty\u00f6tasolle, mik\u00e4 tekee siit\u00e4 k\u00e4yt\u00e4nn\u00f6llisen ja houkuttelevan ja kaunistaa keitti\u00f6t\u00e4si[Pieni hylly, suuri teho] Vaikka metallihyllyt ovat pieni\u00e4 [&hellip;]<\/p>\n","protected":false},"featured_media":0,"comment_status":"open","ping_status":"closed","template":"","meta":[],"product_brand":[],"product_cat":[32],"product_tag":[],"class_list":{"0":"post-32097","1":"product","2":"type-product","3":"status-publish","5":"product_cat-uncategorized-fi","7":"first","8":"instock","9":"shipping-taxable","10":"purchasable","11":"product-type-simple"},"_links":{"self":[{"href":"https:\/\/nordicmart.andreevmaster.com\/fi\/wp-json\/wp\/v2\/product\/32097","targetHints":{"allow":["GET"]}}],"collection":[{"href":"https:\/\/nordicmart.andreevmaster.com\/fi\/wp-json\/wp\/v2\/product"}],"about":[{"href":"https:\/\/nordicmart.andreevmaster.com\/fi\/wp-json\/wp\/v2\/types\/product"}],"replies":[{"embeddable":true,"href":"https:\/\/nordicmart.andreevmaster.com\/fi\/wp-json\/wp\/v2\/comments?post=32097"}],"wp:attachment":[{"href":"https:\/\/nordicmart.andreevmaster.com\/fi\/wp-json\/wp\/v2\/media?parent=32097"}],"wp:term":[{"taxonomy":"product_brand","embeddable":true,"href":"https:\/\/nordicmart.andreevmaster.com\/fi\/wp-json\/wp\/v2\/product_brand?post=32097"},{"taxonomy":"product_cat","embeddable":true,"href":"https:\/\/nordicmart.andreevmaster.com\/fi\/wp-json\/wp\/v2\/product_cat?post=32097"},{"taxonomy":"product_tag","embeddable":true,"href":"https:\/\/nordicmart.andreevmaster.com\/fi\/wp-json\/wp\/v2\/product_tag?post=32097"}],"curies":[{"name":"wp","href":"https:\/\/api.w.org\/{rel}","templated":true}]}}