{"id":32094,"date":"2026-02-27T00:15:58","date_gmt":"2026-02-27T00:15:58","guid":{"rendered":"https:\/\/nordicmart.andreevmaster.com\/product\/songmics-keittionkaapin-jarjestelija-2-kpl-metallinhohtoinen-hopea\/"},"modified":"2026-02-27T09:38:02","modified_gmt":"2026-02-27T09:38:02","slug":"songmics-keittionkaapin-jarjestelija-2-kpl-metallinhohtoinen-hopea","status":"publish","type":"product","link":"https:\/\/nordicmart.andreevmaster.com\/fi\/tuote\/songmics-keittionkaapin-jarjestelija-2-kpl-metallinhohtoinen-hopea\/","title":{"rendered":"SONGMICS keitti\u00f6nkaapin j\u00e4rjestelij\u00e4, 2 kpl, metallinhohtoinen hopea"},"content":{"rendered":"<p>SONGMICS keitti\u00f6n j\u00e4rjestelij\u00e4, 2 ulosvedett\u00e4v\u00e4\u00e4 laatikkoa kaappeihin, pinottava laatikoiden j\u00e4rjestelij\u00e4, keitti\u00f6\u00f6n, kylpyhuoneeseen, hopea KCS017E01<br \/>\nV\u00e4ri: metallinhohtoinen hopea<br \/>\nMateriaali: ter\u00e4s<br \/>\nKoko<br \/>\n2 korilla kehyksen sis\u00e4ll\u00e4: 21 x 36,5 x 27,2 cm (S x L x K)<br \/>\nYksi iso kori ylimm\u00e4ll\u00e4 tasolla: 21 x 36,5 x 33,7 cm (S x L x K)<br \/>\nYlimm\u00e4ll\u00e4 tasolla pieni kori: 21 x 36,5 x 31,5 cm (S x L x K)<br \/>\nSuuren korin koko: 19 x 36,5 x 10 cm (S x L x K)<br \/>\nPienen korin koko: 18 x 36 x 8,5 cm (S x L x K)<br \/>\nKokonaispaino: 3,3 kg<br \/>\nKorin suurin staattinen kantavuus: 10 kg<\/p>\n","protected":false},"excerpt":{"rendered":"<p>SONGMICS keitti\u00f6n j\u00e4rjestelij\u00e4, 2 ulosvedett\u00e4v\u00e4\u00e4 laatikkoa kaappeihin, pinottava laatikoiden j\u00e4rjestelij\u00e4, keitti\u00f6\u00f6n, kylpyhuoneeseen, hopea KCS017E01<\/p>\n","protected":false},"featured_media":41144,"comment_status":"open","ping_status":"closed","template":"","meta":[],"product_brand":[],"product_cat":[32],"product_tag":[],"class_list":{"0":"post-32094","1":"product","2":"type-product","3":"status-publish","4":"has-post-thumbnail","6":"product_cat-uncategorized-fi","8":"first","9":"instock","10":"shipping-taxable","11":"purchasable","12":"product-type-simple"},"_links":{"self":[{"href":"https:\/\/nordicmart.andreevmaster.com\/fi\/wp-json\/wp\/v2\/product\/32094","targetHints":{"allow":["GET"]}}],"collection":[{"href":"https:\/\/nordicmart.andreevmaster.com\/fi\/wp-json\/wp\/v2\/product"}],"about":[{"href":"https:\/\/nordicmart.andreevmaster.com\/fi\/wp-json\/wp\/v2\/types\/product"}],"replies":[{"embeddable":true,"href":"https:\/\/nordicmart.andreevmaster.com\/fi\/wp-json\/wp\/v2\/comments?post=32094"}],"wp:featuredmedia":[{"embeddable":true,"href":"https:\/\/nordicmart.andreevmaster.com\/fi\/wp-json\/wp\/v2\/media\/41144"}],"wp:attachment":[{"href":"https:\/\/nordicmart.andreevmaster.com\/fi\/wp-json\/wp\/v2\/media?parent=32094"}],"wp:term":[{"taxonomy":"product_brand","embeddable":true,"href":"https:\/\/nordicmart.andreevmaster.com\/fi\/wp-json\/wp\/v2\/product_brand?post=32094"},{"taxonomy":"product_cat","embeddable":true,"href":"https:\/\/nordicmart.andreevmaster.com\/fi\/wp-json\/wp\/v2\/product_cat?post=32094"},{"taxonomy":"product_tag","embeddable":true,"href":"https:\/\/nordicmart.andreevmaster.com\/fi\/wp-json\/wp\/v2\/product_tag?post=32094"}],"curies":[{"name":"wp","href":"https:\/\/api.w.org\/{rel}","templated":true}]}}