{"id":32091,"date":"2026-02-27T00:15:58","date_gmt":"2026-02-27T00:15:58","guid":{"rendered":"https:\/\/nordicmart.andreevmaster.com\/product\/songmics-keittiohyllyt-2-kpl-luonnonvarinen-valkoinen\/"},"modified":"2026-02-27T09:38:01","modified_gmt":"2026-02-27T09:38:01","slug":"songmics-keittiohyllyt-2-kpl-luonnonvarinen-valkoinen","status":"publish","type":"product","link":"https:\/\/nordicmart.andreevmaster.com\/fi\/tuote\/songmics-keittiohyllyt-2-kpl-luonnonvarinen-valkoinen\/","title":{"rendered":"SONGMICS keitti\u00f6hyllyt, 2 kpl, luonnonv\u00e4rinen-valkoinen"},"content":{"rendered":"<p>3-tasoinen, ulosvedett\u00e4v\u00e4 maustehyllyset Sopii eri tiloihin, juuri sinun tarpeisiisi Pit\u00e4\u00e4 kaiken j\u00e4rjestyksess\u00e4 Helpottaa ruoanlaittoa ja tekee sinusta onnellisemman Kaossta j\u00e4rjestykseen: Yrtit ja mausteet tekev\u00e4t ruoasta maukkaampaa ja edist\u00e4v\u00e4t samalla terveytt\u00e4si. Mutta mit\u00e4 enemm\u00e4n mausteita sinulla on, sit\u00e4 vaikeampaa on lajitella niit\u00e4 kaikkia. K\u00e4yt\u00e4 n\u00e4it\u00e4 maustehyllyj\u00e4 pit\u00e4m\u00e4\u00e4n kaikki j\u00e4rjestyksess\u00e4 ja vapauttamaan kaappisi kaaoksesta. Sopivasti suunniteltu: Ulosvedett\u00e4v\u00e4n rakenteensa ansiosta voit mukauttaa maustehyllyt kaappisi ja mausteidesi mukaan. Voit my\u00f6s jakaa t\u00e4m\u00e4n sarjan kahteen erilliseen hyllyyn ja k\u00e4ytt\u00e4\u00e4 niit\u00e4 eri paikoissa \u2013 toista kaapissa, toista ty\u00f6tasolla. Tuotetiedot: V\u00e4ri: luonnonv\u00e4ri-valkoinen Materiaali: bambu, ter\u00e4s Suuren hyllyn koko: 32 x 24,5 x 11,2 cm (P x L x K) Pienen hyllyn koko: 32 x 24 x 9,5 cm (P x L x K) Paino: 1,2 kg Maks. staattinen kantavuus per hylly: 3 kg Toimitus sis\u00e4lt\u00e4\u00e4: 1 x maustehyllypaketti 1 x lis\u00e4varustepaketti 1 x ohjeet (DE, EN, FR, ES, IT)<\/p>\n","protected":false},"excerpt":{"rendered":"<p>SONGMICS maustehyllyt, keitti\u00f6hyllyt, 2 kpl, kussakin 3 hylly\u00e4, bambua, ulosvedett\u00e4v\u00e4t, pinottavat, ruokakomeroon, keitti\u00f6\u00f6n, ty\u00f6tasolle, luonnonv\u00e4ri-musta KCS016N01<\/p>\n","protected":false},"featured_media":0,"comment_status":"open","ping_status":"closed","template":"","meta":[],"product_brand":[],"product_cat":[32],"product_tag":[],"class_list":{"0":"post-32091","1":"product","2":"type-product","3":"status-publish","5":"product_cat-uncategorized-fi","7":"first","8":"instock","9":"shipping-taxable","10":"purchasable","11":"product-type-simple"},"_links":{"self":[{"href":"https:\/\/nordicmart.andreevmaster.com\/fi\/wp-json\/wp\/v2\/product\/32091","targetHints":{"allow":["GET"]}}],"collection":[{"href":"https:\/\/nordicmart.andreevmaster.com\/fi\/wp-json\/wp\/v2\/product"}],"about":[{"href":"https:\/\/nordicmart.andreevmaster.com\/fi\/wp-json\/wp\/v2\/types\/product"}],"replies":[{"embeddable":true,"href":"https:\/\/nordicmart.andreevmaster.com\/fi\/wp-json\/wp\/v2\/comments?post=32091"}],"wp:attachment":[{"href":"https:\/\/nordicmart.andreevmaster.com\/fi\/wp-json\/wp\/v2\/media?parent=32091"}],"wp:term":[{"taxonomy":"product_brand","embeddable":true,"href":"https:\/\/nordicmart.andreevmaster.com\/fi\/wp-json\/wp\/v2\/product_brand?post=32091"},{"taxonomy":"product_cat","embeddable":true,"href":"https:\/\/nordicmart.andreevmaster.com\/fi\/wp-json\/wp\/v2\/product_cat?post=32091"},{"taxonomy":"product_tag","embeddable":true,"href":"https:\/\/nordicmart.andreevmaster.com\/fi\/wp-json\/wp\/v2\/product_tag?post=32091"}],"curies":[{"name":"wp","href":"https:\/\/api.w.org\/{rel}","templated":true}]}}