{"id":32088,"date":"2026-02-27T00:15:57","date_gmt":"2026-02-27T00:15:57","guid":{"rendered":"https:\/\/nordicmart.andreevmaster.com\/product\/songmics-2-tasoinen-maustehylly-musta\/"},"modified":"2026-02-27T09:38:01","modified_gmt":"2026-02-27T09:38:01","slug":"songmics-2-tasoinen-maustehylly-musta","status":"publish","type":"product","link":"https:\/\/nordicmart.andreevmaster.com\/fi\/tuote\/songmics-2-tasoinen-maustehylly-musta\/","title":{"rendered":"SONGMICS 2-tasoinen maustehylly, musta"},"content":{"rendered":"<p>El\u00e4m\u00e4 on t\u00e4ynn\u00e4 mahdollisuuksia: Vain maustehylly? Ei! T\u00e4m\u00e4 2-tasoinen s\u00e4ilytyshylly on monik\u00e4ytt\u00f6inen \u2013 se sopii olohuoneen minikahvilaksi, kylpyhuoneen hygieniatuotteiden s\u00e4ilytyspaikaksi, meikkien, huonekasvien tai koriste-esineiden s\u00e4ilytyspaikaksi. T\u00e4m\u00e4 pieni hylly avaa sinulle monia mahdollisuuksia. T\u00e4m\u00e4n maustehyllyn edut: Kooltaan 31,5 x 18 x 38 cm, se vie vain v\u00e4h\u00e4n tilaa keitti\u00f6ss\u00e4, mutta tarjoaa 2 hyllyll\u00e4\u00e4n paljon tilaa mausteille ja vastaaville; Korotetut reunat suojaavat esineit\u00e4si putoamiselta; Helppo asentaa ilman ty\u00f6kaluja;Irrotettava s\u00e4ilytysastia ja 3 koukkua esineiden, kuten ruokailuv\u00e4lineiden, hammastahnan tai harjojen, s\u00e4ilytt\u00e4miseen ja ripustamiseen. 4 s\u00e4\u00e4dett\u00e4v\u00e4n jalan ansiosta hylly pysyy vakaana my\u00f6s hieman ep\u00e4tasaisilla pinnoilla.Tuotetiedot: V\u00e4ri: musta Materiaali: ter\u00e4s Koko: 31,5 x 18 x 38 cm (P x L x K) Paino: 0,9 kg Maks. staattinen kantavuus hylly\u00e4 kohti: 10 kg Toimitus sis\u00e4lt\u00e4\u00e4: 1 x maustehylly 1 x ruokailuv\u00e4lineiden pidike 3 x muovikoukku 1 x ohjeet (DE, EN, FR, ES, IT)<\/p>\n","protected":false},"excerpt":{"rendered":"<p>SONGMICS 2-tasoinen maustehylly, kylpyhuonehylly 3 koukulla, keitti\u00f6n j\u00e4rjestelij\u00e4 ruokailuv\u00e4linepidikkeell\u00e4, keitti\u00f6\u00f6n, kylpyhuoneeseen, hopea KCS015E01<\/p>\n","protected":false},"featured_media":41139,"comment_status":"open","ping_status":"closed","template":"","meta":[],"product_brand":[],"product_cat":[32],"product_tag":[],"class_list":{"0":"post-32088","1":"product","2":"type-product","3":"status-publish","4":"has-post-thumbnail","6":"product_cat-uncategorized-fi","8":"first","9":"instock","10":"shipping-taxable","11":"purchasable","12":"product-type-simple"},"_links":{"self":[{"href":"https:\/\/nordicmart.andreevmaster.com\/fi\/wp-json\/wp\/v2\/product\/32088","targetHints":{"allow":["GET"]}}],"collection":[{"href":"https:\/\/nordicmart.andreevmaster.com\/fi\/wp-json\/wp\/v2\/product"}],"about":[{"href":"https:\/\/nordicmart.andreevmaster.com\/fi\/wp-json\/wp\/v2\/types\/product"}],"replies":[{"embeddable":true,"href":"https:\/\/nordicmart.andreevmaster.com\/fi\/wp-json\/wp\/v2\/comments?post=32088"}],"wp:featuredmedia":[{"embeddable":true,"href":"https:\/\/nordicmart.andreevmaster.com\/fi\/wp-json\/wp\/v2\/media\/41139"}],"wp:attachment":[{"href":"https:\/\/nordicmart.andreevmaster.com\/fi\/wp-json\/wp\/v2\/media?parent=32088"}],"wp:term":[{"taxonomy":"product_brand","embeddable":true,"href":"https:\/\/nordicmart.andreevmaster.com\/fi\/wp-json\/wp\/v2\/product_brand?post=32088"},{"taxonomy":"product_cat","embeddable":true,"href":"https:\/\/nordicmart.andreevmaster.com\/fi\/wp-json\/wp\/v2\/product_cat?post=32088"},{"taxonomy":"product_tag","embeddable":true,"href":"https:\/\/nordicmart.andreevmaster.com\/fi\/wp-json\/wp\/v2\/product_tag?post=32088"}],"curies":[{"name":"wp","href":"https:\/\/api.w.org\/{rel}","templated":true}]}}