{"id":32084,"date":"2026-02-27T00:15:56","date_gmt":"2026-02-27T00:15:56","guid":{"rendered":"https:\/\/nordicmart.andreevmaster.com\/product\/songmics-maustehylly-2-tasoa-musta\/"},"modified":"2026-02-27T09:38:00","modified_gmt":"2026-02-27T09:38:00","slug":"songmics-maustehylly-2-tasoa-musta","status":"publish","type":"product","link":"https:\/\/nordicmart.andreevmaster.com\/fi\/tuote\/songmics-maustehylly-2-tasoa-musta\/","title":{"rendered":"SONGMICS maustehylly, 2 tasoa, musta"},"content":{"rendered":"<p>Ajoitus on kaikkein t\u00e4rkeint\u00e4 ruoanlaitossa. Menet\u00e4tk\u00f6 usein t\u00e4ydellisen hetken mausteiden lis\u00e4\u00e4miselle, kun kaivelet keitti\u00f6n kaaosta? \u00c4l\u00e4 huoli, t\u00e4m\u00e4 maustehylly auttaa sinua pulasta! Seuraavalla kerralla l\u00f6yd\u00e4t kaiken tarvitsemasi t\u00e4st\u00e4 telineest\u00e4. J\u00e4rjest\u00e4 kaikki siististi ja s\u00e4\u00e4st\u00e4t aikaa ruoanlaitossa. T\u00e4m\u00e4n maustehyllyn edut: Kooltaan 31 x 16 x 25,7 cm, se vie vain v\u00e4h\u00e4n tilaa keitti\u00f6ss\u00e4, mutta tarjoaa 2 hyllyll\u00e4\u00e4n paljon tilaa mausteille ja vastaaville.Korotetut reunat suojaavat esineit\u00e4si putoamiselta. Helppo asennus ei vaadi ty\u00f6kaluja. 2 helppohoitoista muovilevy\u00e4 takaavat tasaisen pinnan ja suojaavat pieni\u00e4 esineit\u00e4 putoamiselta tai juuttumiselta. 4 luistamatonta jalkaa est\u00e4v\u00e4t liukumisen ja suojaavat ty\u00f6tasojasi naarmuilta. Sopii my\u00f6s keitti\u00f6n kaappiin, ruokakomeroon, kylpyhuoneeseen tai ruokasaliin.Tuotetiedot: V\u00e4ri: musta Materiaali: ter\u00e4s Koko: 31 x 16 x 25,7 cm (P x L x K) Paino: 0,9 kg Toimitus sis\u00e4lt\u00e4\u00e4: 1 x maustehylly 2 x muovilevy 4 x luistamaton jalka 1 x ohjeet (DE, EN, FR, ES, IT)<\/p>\n","protected":false},"excerpt":{"rendered":"<p>SONGMICS 2-tasoinen maustehylly, metallinen keitti\u00f6hylly, muovilevyill\u00e4, liukumattomilla jaloilla, helppo asentaa, ty\u00f6tasolle, ruokakomeroon, kylpyhuoneeseen, keitti\u00f6\u00f6n, musta KCS013B01<\/p>\n","protected":false},"featured_media":41135,"comment_status":"open","ping_status":"closed","template":"","meta":[],"product_brand":[],"product_cat":[32],"product_tag":[],"class_list":{"0":"post-32084","1":"product","2":"type-product","3":"status-publish","4":"has-post-thumbnail","6":"product_cat-uncategorized-fi","8":"first","9":"instock","10":"shipping-taxable","11":"purchasable","12":"product-type-simple"},"_links":{"self":[{"href":"https:\/\/nordicmart.andreevmaster.com\/fi\/wp-json\/wp\/v2\/product\/32084","targetHints":{"allow":["GET"]}}],"collection":[{"href":"https:\/\/nordicmart.andreevmaster.com\/fi\/wp-json\/wp\/v2\/product"}],"about":[{"href":"https:\/\/nordicmart.andreevmaster.com\/fi\/wp-json\/wp\/v2\/types\/product"}],"replies":[{"embeddable":true,"href":"https:\/\/nordicmart.andreevmaster.com\/fi\/wp-json\/wp\/v2\/comments?post=32084"}],"wp:featuredmedia":[{"embeddable":true,"href":"https:\/\/nordicmart.andreevmaster.com\/fi\/wp-json\/wp\/v2\/media\/41135"}],"wp:attachment":[{"href":"https:\/\/nordicmart.andreevmaster.com\/fi\/wp-json\/wp\/v2\/media?parent=32084"}],"wp:term":[{"taxonomy":"product_brand","embeddable":true,"href":"https:\/\/nordicmart.andreevmaster.com\/fi\/wp-json\/wp\/v2\/product_brand?post=32084"},{"taxonomy":"product_cat","embeddable":true,"href":"https:\/\/nordicmart.andreevmaster.com\/fi\/wp-json\/wp\/v2\/product_cat?post=32084"},{"taxonomy":"product_tag","embeddable":true,"href":"https:\/\/nordicmart.andreevmaster.com\/fi\/wp-json\/wp\/v2\/product_tag?post=32084"}],"curies":[{"name":"wp","href":"https:\/\/api.w.org\/{rel}","templated":true}]}}