{"id":32070,"date":"2026-02-27T00:15:53","date_gmt":"2026-02-27T00:15:53","guid":{"rendered":"https:\/\/nordicmart.andreevmaster.com\/product\/songmics-kellolaatikko-6-lokeroa-lasikansi\/"},"modified":"2026-02-27T09:37:58","modified_gmt":"2026-02-27T09:37:58","slug":"songmics-kellolaatikko-6-lokeroa-lasikansi","status":"publish","type":"product","link":"https:\/\/nordicmart.andreevmaster.com\/fi\/tuote\/songmics-kellolaatikko-6-lokeroa-lasikansi\/","title":{"rendered":"SONGMICS kellolaatikko, 6 lokeroa, lasikansi"},"content":{"rendered":"<p>Kellolaatikko, 6 lokeroa, lasikansi, irrotettavat kellotyynyt, metallilukko, musta PU-p\u00e4\u00e4llinen, vihre\u00e4nharmaa samettivuori<br \/>\n&#8211; V\u00e4ri: musta PU-p\u00e4\u00e4llinen, musta samettivuori<br \/>\n&#8211; Materiaali: MDF (keskitihe\u00e4 kuitulevy), PU, sametti, lasi<br \/>\n&#8211; Koko: 11,2 x 30 x 8 cm (S x L x K)<br \/>\n&#8211; Paino: 0,6 kg<\/p>\n","protected":false},"excerpt":{"rendered":"<p>Kellolaatikko, 6 lokeroa, lasikansi, irrotettavat kellotyynyt, metallilukko, musta PU-p\u00e4\u00e4llinen, vihre\u00e4nharmaa samettivuori<\/p>\n","protected":false},"featured_media":41121,"comment_status":"open","ping_status":"closed","template":"","meta":[],"product_brand":[],"product_cat":[32],"product_tag":[],"class_list":{"0":"post-32070","1":"product","2":"type-product","3":"status-publish","4":"has-post-thumbnail","6":"product_cat-uncategorized-fi","8":"first","9":"instock","10":"shipping-taxable","11":"purchasable","12":"product-type-simple"},"_links":{"self":[{"href":"https:\/\/nordicmart.andreevmaster.com\/fi\/wp-json\/wp\/v2\/product\/32070","targetHints":{"allow":["GET"]}}],"collection":[{"href":"https:\/\/nordicmart.andreevmaster.com\/fi\/wp-json\/wp\/v2\/product"}],"about":[{"href":"https:\/\/nordicmart.andreevmaster.com\/fi\/wp-json\/wp\/v2\/types\/product"}],"replies":[{"embeddable":true,"href":"https:\/\/nordicmart.andreevmaster.com\/fi\/wp-json\/wp\/v2\/comments?post=32070"}],"wp:featuredmedia":[{"embeddable":true,"href":"https:\/\/nordicmart.andreevmaster.com\/fi\/wp-json\/wp\/v2\/media\/41121"}],"wp:attachment":[{"href":"https:\/\/nordicmart.andreevmaster.com\/fi\/wp-json\/wp\/v2\/media?parent=32070"}],"wp:term":[{"taxonomy":"product_brand","embeddable":true,"href":"https:\/\/nordicmart.andreevmaster.com\/fi\/wp-json\/wp\/v2\/product_brand?post=32070"},{"taxonomy":"product_cat","embeddable":true,"href":"https:\/\/nordicmart.andreevmaster.com\/fi\/wp-json\/wp\/v2\/product_cat?post=32070"},{"taxonomy":"product_tag","embeddable":true,"href":"https:\/\/nordicmart.andreevmaster.com\/fi\/wp-json\/wp\/v2\/product_tag?post=32070"}],"curies":[{"name":"wp","href":"https:\/\/api.w.org\/{rel}","templated":true}]}}