{"id":32069,"date":"2026-02-27T00:15:53","date_gmt":"2026-02-27T00:15:53","guid":{"rendered":"https:\/\/nordicmart.andreevmaster.com\/product\/songmicshome-kellolaatikko-9-kellolle-lasi-ikkuna-yla-ja-etupuolella-saadettavat-kellotelineet\/"},"modified":"2026-02-27T09:37:58","modified_gmt":"2026-02-27T09:37:58","slug":"songmicshome-kellolaatikko-9-kellolle-lasi-ikkuna-yla-ja-etupuolella-saadettavat-kellotelineet","status":"publish","type":"product","link":"https:\/\/nordicmart.andreevmaster.com\/fi\/tuote\/songmicshome-kellolaatikko-9-kellolle-lasi-ikkuna-yla-ja-etupuolella-saadettavat-kellotelineet\/","title":{"rendered":"SONGMICSHOME kellolaatikko 9 kellolle, lasi-ikkuna yl\u00e4- ja etupuolella, s\u00e4\u00e4dett\u00e4v\u00e4t kellotelineet"},"content":{"rendered":"<p>SONGMICS HOME RONNE -kokoelma \u2013 kellolaatikko 9 kellolle, lasi-ikkuna yl\u00e4- ja etupuolella, s\u00e4\u00e4dett\u00e4v\u00e4t kellotelineet, PU-keinonahka punottu, leijailu-efekti, lahjaidea, musta JWB026B01<br \/>\nTekniset tiedot:<br \/>\n&#8211; Mitat: 16,2 x 40 x 25,3 cm (S x L x K)<br \/>\n&#8211; Paino: 3,9 kg<br \/>\n&#8211; Materiaali: PU (polyuretaani), keinonahka, metalli, lasi<br \/>\n&#8211; V\u00e4ri: musta<\/p>\n","protected":false},"excerpt":{"rendered":"<p>SONGMICS HOME RONNE -kokoelma \u2013 kellolaatikko 9 kellolle, lasi-ikkuna yl\u00e4- ja etupuolella, s\u00e4\u00e4dett\u00e4v\u00e4t kellotelineet, PU-keinonahka punottu, leijailu-efekti, lahjaidea, musta JWB026B01<\/p>\n","protected":false},"featured_media":41120,"comment_status":"open","ping_status":"closed","template":"","meta":[],"product_brand":[],"product_cat":[32],"product_tag":[],"class_list":{"0":"post-32069","1":"product","2":"type-product","3":"status-publish","4":"has-post-thumbnail","6":"product_cat-uncategorized-fi","8":"first","9":"instock","10":"shipping-taxable","11":"purchasable","12":"product-type-simple"},"_links":{"self":[{"href":"https:\/\/nordicmart.andreevmaster.com\/fi\/wp-json\/wp\/v2\/product\/32069","targetHints":{"allow":["GET"]}}],"collection":[{"href":"https:\/\/nordicmart.andreevmaster.com\/fi\/wp-json\/wp\/v2\/product"}],"about":[{"href":"https:\/\/nordicmart.andreevmaster.com\/fi\/wp-json\/wp\/v2\/types\/product"}],"replies":[{"embeddable":true,"href":"https:\/\/nordicmart.andreevmaster.com\/fi\/wp-json\/wp\/v2\/comments?post=32069"}],"wp:featuredmedia":[{"embeddable":true,"href":"https:\/\/nordicmart.andreevmaster.com\/fi\/wp-json\/wp\/v2\/media\/41120"}],"wp:attachment":[{"href":"https:\/\/nordicmart.andreevmaster.com\/fi\/wp-json\/wp\/v2\/media?parent=32069"}],"wp:term":[{"taxonomy":"product_brand","embeddable":true,"href":"https:\/\/nordicmart.andreevmaster.com\/fi\/wp-json\/wp\/v2\/product_brand?post=32069"},{"taxonomy":"product_cat","embeddable":true,"href":"https:\/\/nordicmart.andreevmaster.com\/fi\/wp-json\/wp\/v2\/product_cat?post=32069"},{"taxonomy":"product_tag","embeddable":true,"href":"https:\/\/nordicmart.andreevmaster.com\/fi\/wp-json\/wp\/v2\/product_tag?post=32069"}],"curies":[{"name":"wp","href":"https:\/\/api.w.org\/{rel}","templated":true}]}}