{"id":32065,"date":"2026-02-27T00:15:52","date_gmt":"2026-02-27T00:15:52","guid":{"rendered":"https:\/\/nordicmart.andreevmaster.com\/product\/songmics-kellolaatikko-kellokotelo-lasikannella-2-tasoa-12-kellolle\/"},"modified":"2026-02-27T09:37:57","modified_gmt":"2026-02-27T09:37:57","slug":"songmics-kellolaatikko-kellokotelo-lasikannella-2-tasoa-12-kellolle","status":"publish","type":"product","link":"https:\/\/nordicmart.andreevmaster.com\/fi\/tuote\/songmics-kellolaatikko-kellokotelo-lasikannella-2-tasoa-12-kellolle\/","title":{"rendered":"SONGMICS kellolaatikko, kellokotelo lasikannella, 2 tasoa, 12 kellolle"},"content":{"rendered":"<p>Kellolaatikko, kellokotelo lasikannella, 2 tasoa, 12 kellolle, lukittava, 1 laatikko, sormuksille, rannekoruille, ruskea PU-p\u00e4\u00e4llinen, ruskea sis\u00e4vuori<br \/>\n&#8211; V\u00e4ri: musta PU-p\u00e4\u00e4llinen, musta sis\u00e4vuori<br \/>\n&#8211; Materiaali: MDF (keskitihe\u00e4 kuitulevy), sametti, PU, paperi, lasi<br \/>\n&#8211; Koko: 18,5 x 32,5 x 13,5 cm (S x L x K)<br \/>\n&#8211; Paino: 2 kg<\/p>\n","protected":false},"excerpt":{"rendered":"<p>Kellolaatikko, kellokotelo lasikannella, 2 tasoa, 12 kellolle, lukittava, 1 laatikko, sormuksille, rannekoruille, ruskea PU-p\u00e4\u00e4llinen, ruskea sis\u00e4vuori<\/p>\n","protected":false},"featured_media":41116,"comment_status":"open","ping_status":"closed","template":"","meta":[],"product_brand":[],"product_cat":[32],"product_tag":[],"class_list":{"0":"post-32065","1":"product","2":"type-product","3":"status-publish","4":"has-post-thumbnail","6":"product_cat-uncategorized-fi","8":"first","9":"instock","10":"shipping-taxable","11":"purchasable","12":"product-type-simple"},"_links":{"self":[{"href":"https:\/\/nordicmart.andreevmaster.com\/fi\/wp-json\/wp\/v2\/product\/32065","targetHints":{"allow":["GET"]}}],"collection":[{"href":"https:\/\/nordicmart.andreevmaster.com\/fi\/wp-json\/wp\/v2\/product"}],"about":[{"href":"https:\/\/nordicmart.andreevmaster.com\/fi\/wp-json\/wp\/v2\/types\/product"}],"replies":[{"embeddable":true,"href":"https:\/\/nordicmart.andreevmaster.com\/fi\/wp-json\/wp\/v2\/comments?post=32065"}],"wp:featuredmedia":[{"embeddable":true,"href":"https:\/\/nordicmart.andreevmaster.com\/fi\/wp-json\/wp\/v2\/media\/41116"}],"wp:attachment":[{"href":"https:\/\/nordicmart.andreevmaster.com\/fi\/wp-json\/wp\/v2\/media?parent=32065"}],"wp:term":[{"taxonomy":"product_brand","embeddable":true,"href":"https:\/\/nordicmart.andreevmaster.com\/fi\/wp-json\/wp\/v2\/product_brand?post=32065"},{"taxonomy":"product_cat","embeddable":true,"href":"https:\/\/nordicmart.andreevmaster.com\/fi\/wp-json\/wp\/v2\/product_cat?post=32065"},{"taxonomy":"product_tag","embeddable":true,"href":"https:\/\/nordicmart.andreevmaster.com\/fi\/wp-json\/wp\/v2\/product_tag?post=32065"}],"curies":[{"name":"wp","href":"https:\/\/api.w.org\/{rel}","templated":true}]}}