{"id":32062,"date":"2026-02-27T00:15:51","date_gmt":"2026-02-27T00:15:51","guid":{"rendered":"https:\/\/nordicmart.andreevmaster.com\/product\/songmics-kellolaatikko-10-lokeroa-kellokotelo-lasikansi\/"},"modified":"2026-02-27T09:37:57","modified_gmt":"2026-02-27T09:37:57","slug":"songmics-kellolaatikko-10-lokeroa-kellokotelo-lasikansi","status":"publish","type":"product","link":"https:\/\/nordicmart.andreevmaster.com\/fi\/tuote\/songmics-kellolaatikko-10-lokeroa-kellokotelo-lasikansi\/","title":{"rendered":"SONGMICS kellolaatikko, 10 lokeroa, kellokotelo, lasikansi"},"content":{"rendered":"<p>Arvokas kellokokoelmasi ansaitsee korkealaatuisen kellolaatikon. T\u00e4m\u00e4 SONGMICS-kellolaatikko on ihanteellinen valinta kaikille, joilla on paljon rannekelloja. Kellolaatikon edut yhdell\u00e4 silm\u00e4yksell\u00e4: &#8211; Kellotyynyill\u00e4: Kellotyynyt ovat pehmeit\u00e4 ja tukevia ja pit\u00e4v\u00e4t kellosi hyvin paikallaan, jotta ne pysyv\u00e4t muodossaan. &#8211; Ihanteellinen lahjaidea: Kellolaatikko sopii lahjaksi h\u00e4\u00e4p\u00e4iv\u00e4n\u00e4 tai valmistumisen kunniaksi. &#8211; Monik\u00e4ytt\u00f6inen: Kotelossa voi s\u00e4ilytt\u00e4\u00e4 paitsi kelloja my\u00f6s koruja, kuten sormuksia ja rannekoruja. &#8211; Metallinen lukko: Tukeva metallinen lukko on helppo ja k\u00e4tev\u00e4 avata yhdell\u00e4 k\u00e4dell\u00e4. Tuotetiedot:- V\u00e4ri: PU-p\u00e4\u00e4llinen musta, sis\u00e4vuori musta &#8211; Materiaali: MDF (keskitihe\u00e4 kuitulevy), PU, sametti, lasi &#8211; Koko: 20,2 x 25,5 x 7,8 cm (S x L x K) &#8211; Paino: 0,9 kg Toimitus sis\u00e4lt\u00e4\u00e4: &#8211; 1 x kellokotelo SONGMICS-ohjeet: &#8211; Suojaa kellokotelo kosteudelta.- Jos kellolaatikon pinnalla on p\u00f6ly\u00e4 k\u00e4yt\u00f6n j\u00e4lkeen, pyyhi pinta pehme\u00e4ll\u00e4 liinalla.<\/p>\n","protected":false},"excerpt":{"rendered":"<p>SONGMICS kellolaatikko 10 kellolle, lasi-ikkuna, musta JWB010<\/p>\n","protected":false},"featured_media":41114,"comment_status":"open","ping_status":"closed","template":"","meta":[],"product_brand":[],"product_cat":[32],"product_tag":[],"class_list":{"0":"post-32062","1":"product","2":"type-product","3":"status-publish","4":"has-post-thumbnail","6":"product_cat-uncategorized-fi","8":"first","9":"instock","10":"shipping-taxable","11":"purchasable","12":"product-type-simple"},"_links":{"self":[{"href":"https:\/\/nordicmart.andreevmaster.com\/fi\/wp-json\/wp\/v2\/product\/32062","targetHints":{"allow":["GET"]}}],"collection":[{"href":"https:\/\/nordicmart.andreevmaster.com\/fi\/wp-json\/wp\/v2\/product"}],"about":[{"href":"https:\/\/nordicmart.andreevmaster.com\/fi\/wp-json\/wp\/v2\/types\/product"}],"replies":[{"embeddable":true,"href":"https:\/\/nordicmart.andreevmaster.com\/fi\/wp-json\/wp\/v2\/comments?post=32062"}],"wp:featuredmedia":[{"embeddable":true,"href":"https:\/\/nordicmart.andreevmaster.com\/fi\/wp-json\/wp\/v2\/media\/41114"}],"wp:attachment":[{"href":"https:\/\/nordicmart.andreevmaster.com\/fi\/wp-json\/wp\/v2\/media?parent=32062"}],"wp:term":[{"taxonomy":"product_brand","embeddable":true,"href":"https:\/\/nordicmart.andreevmaster.com\/fi\/wp-json\/wp\/v2\/product_brand?post=32062"},{"taxonomy":"product_cat","embeddable":true,"href":"https:\/\/nordicmart.andreevmaster.com\/fi\/wp-json\/wp\/v2\/product_cat?post=32062"},{"taxonomy":"product_tag","embeddable":true,"href":"https:\/\/nordicmart.andreevmaster.com\/fi\/wp-json\/wp\/v2\/product_tag?post=32062"}],"curies":[{"name":"wp","href":"https:\/\/api.w.org\/{rel}","templated":true}]}}