{"id":32061,"date":"2026-02-27T00:15:51","date_gmt":"2026-02-27T00:15:51","guid":{"rendered":"https:\/\/nordicmart.andreevmaster.com\/product\/songmics-kellokotelo-8-kellolle\/"},"modified":"2026-02-27T09:37:56","modified_gmt":"2026-02-27T09:37:56","slug":"songmics-kellokotelo-8-kellolle","status":"publish","type":"product","link":"https:\/\/nordicmart.andreevmaster.com\/fi\/tuote\/songmics-kellokotelo-8-kellolle\/","title":{"rendered":"SONGMICS kellokotelo 8 kellolle"},"content":{"rendered":"<p>T\u00e4m\u00e4 tukeva kotelo 8 kellolle tarjoaa tyylikk\u00e4\u00e4n ja k\u00e4yt\u00e4nn\u00f6llisen tavan s\u00e4ilytt\u00e4\u00e4 ja kuljettaa kelloja. Kellokotelon hyv\u00e4 laatu n\u00e4kyy k\u00e4ytetyiss\u00e4 materiaaleissa, erinomaisessa suunnittelussa sek\u00e4 tarkassa ja huolellisessa k\u00e4sity\u00f6ss\u00e4. Kellot kiinnitet\u00e4\u00e4n yksitt\u00e4isiss\u00e4 lokeroissa lis\u00e4ksi kuminauhoilla. Kaunis kellokotelo suojaa arvokkaita lempikelloitasi p\u00f6lylt\u00e4 ja naarmuilta. Kellokotelo \u2013 k\u00e4yt\u00e4nn\u00f6llinen s\u00e4ilytysratkaisu jokap\u00e4iv\u00e4isess\u00e4 k\u00e4yt\u00f6ss\u00e4 oleville kelloille, todellinen katseenvangitsija ja t\u00e4ydellinen matkakumppani. Songmicsin tyylik\u00e4s s\u00e4ilytyskotelo on siististi valmistettu ja helppohoitoinen, ja se on ehdoton hankinta kaikille kellojen yst\u00e4ville. S\u00e4ilytys ja hoito: &#8211; Aseta kellolaatikko tuuletettuun tilaan ja v\u00e4lt\u00e4 j\u00e4tt\u00e4m\u00e4st\u00e4 laatikkoa pitk\u00e4ksi aikaa auringonvaloon tai kosteaan tilaan. Sopiva l\u00e4mp\u00f6tila: 10\u201340 \u2103. &#8211; Pinnan tahrat voidaan pyyhki\u00e4 pois hieman kostutetulla liinalla. V\u00e4lt\u00e4 veden p\u00e4\u00e4semist\u00e4 kellolaatikon sis\u00e4\u00e4n. &#8211; K\u00e4yt\u00e4 s\u00e4\u00e4nn\u00f6llisesti erityist\u00e4 nahkahuoltotuotetta, jotta nahka s\u00e4ilytt\u00e4\u00e4 kiiltonsa pitk\u00e4\u00e4n. &#8211; Suojaa kellolaatikko varastoinnin aikana puristukselta. &#8211; \u00c4l\u00e4 s\u00e4ilyt\u00e4 kellolaatikkoa kemikaalien kanssa. Tuotetiedot: &#8211; Tuotteen mitat: 24,5 x 18 x 5,5 cm (L x K x S) &#8211; Jokainen lokero: 14 x 3,5 cm (L x S) &#8211; Materiaali: keinonahka + keskitihe\u00e4 puukuitulevy + sametti &#8211; Nettopaino: 0,51 kg &#8211; V\u00e4ri: musta Toimitus sis\u00e4lt\u00e4\u00e4: &#8211; 1x kellokotelo<\/p>\n","protected":false},"excerpt":{"rendered":"<p>SONGMICS Uusi kellolaatikko 8 kellolle, musta JWB50B<\/p>\n","protected":false},"featured_media":41113,"comment_status":"open","ping_status":"closed","template":"","meta":[],"product_brand":[],"product_cat":[32],"product_tag":[],"class_list":{"0":"post-32061","1":"product","2":"type-product","3":"status-publish","4":"has-post-thumbnail","6":"product_cat-uncategorized-fi","8":"first","9":"instock","10":"shipping-taxable","11":"purchasable","12":"product-type-simple"},"_links":{"self":[{"href":"https:\/\/nordicmart.andreevmaster.com\/fi\/wp-json\/wp\/v2\/product\/32061","targetHints":{"allow":["GET"]}}],"collection":[{"href":"https:\/\/nordicmart.andreevmaster.com\/fi\/wp-json\/wp\/v2\/product"}],"about":[{"href":"https:\/\/nordicmart.andreevmaster.com\/fi\/wp-json\/wp\/v2\/types\/product"}],"replies":[{"embeddable":true,"href":"https:\/\/nordicmart.andreevmaster.com\/fi\/wp-json\/wp\/v2\/comments?post=32061"}],"wp:featuredmedia":[{"embeddable":true,"href":"https:\/\/nordicmart.andreevmaster.com\/fi\/wp-json\/wp\/v2\/media\/41113"}],"wp:attachment":[{"href":"https:\/\/nordicmart.andreevmaster.com\/fi\/wp-json\/wp\/v2\/media?parent=32061"}],"wp:term":[{"taxonomy":"product_brand","embeddable":true,"href":"https:\/\/nordicmart.andreevmaster.com\/fi\/wp-json\/wp\/v2\/product_brand?post=32061"},{"taxonomy":"product_cat","embeddable":true,"href":"https:\/\/nordicmart.andreevmaster.com\/fi\/wp-json\/wp\/v2\/product_cat?post=32061"},{"taxonomy":"product_tag","embeddable":true,"href":"https:\/\/nordicmart.andreevmaster.com\/fi\/wp-json\/wp\/v2\/product_tag?post=32061"}],"curies":[{"name":"wp","href":"https:\/\/api.w.org\/{rel}","templated":true}]}}