{"id":32060,"date":"2026-02-27T00:15:51","date_gmt":"2026-02-27T00:15:51","guid":{"rendered":"https:\/\/nordicmart.andreevmaster.com\/product\/songmics-kellokotelo-8-kellolle-peililla\/"},"modified":"2026-02-27T09:37:56","modified_gmt":"2026-02-27T09:37:56","slug":"songmics-kellokotelo-8-kellolle-peililla","status":"publish","type":"product","link":"https:\/\/nordicmart.andreevmaster.com\/fi\/tuote\/songmics-kellokotelo-8-kellolle-peililla\/","title":{"rendered":"SONGMICS kellokotelo 8 kellolle, peilill\u00e4"},"content":{"rendered":"<p>Songmicsin tyylik\u00e4s s\u00e4ilytyslaatikko on huolellisesti valmistettu ja helppo puhdistaa, ja se on ehdoton hankinta kaikille kellojen yst\u00e4ville! Tuotetiedot: &#8211; Materiaali: pinta: keinonahka; runko: keskitihe\u00e4 kuitulevy; sis\u00e4osa: sametti &#8211; V\u00e4ri: musta (ulkopuoli) &#8211; Mitat: 33,3 x 9,5 x 19,3 cm (L x K x S) &#8211; Kellotyynyn mitat: 4,5 x 7,5 x 4 cm &#8211; Lokeron mitat: 9 x 4,5 cm &#8211; Nettopaino: 1,4 kg Toimitus sis\u00e4lt\u00e4\u00e4: &#8211; 1x korurasia (ilman koruja) &#8211; 2x avain S\u00e4ilytys ja hoito: &#8211; S\u00e4ilyt\u00e4 korurasia ilmastoidussa tilassa ja v\u00e4lt\u00e4 pit\u00e4m\u00e4st\u00e4 rasiaa pitk\u00e4\u00e4n auringossa tai kosteassa tilassa. Sopiva l\u00e4mp\u00f6tila: 10\u201340 \u2103. &#8211; Pinnan tahrat voidaan pyyhki\u00e4 pois hieman kostutetulla liinalla. V\u00e4lt\u00e4 veden p\u00e4\u00e4sy\u00e4 korurasiaan. &#8211; K\u00e4yt\u00e4 s\u00e4\u00e4nn\u00f6llisesti erityist\u00e4 nahkahuoltotuotetta, jotta nahka s\u00e4ilytt\u00e4\u00e4 kiiltonsa pitk\u00e4\u00e4n. &#8211; Suojaa korurasia varastoinnin aikana puristukselta. &#8211; \u00c4l\u00e4 s\u00e4ilyt\u00e4 korurasiaa kemikaalien kanssa. <\/p>\n","protected":false},"excerpt":{"rendered":"<p>SONGMICS kellokotelo peilill\u00e4 ja koukulla, musta, 8 kelloa JWB41B<\/p>\n","protected":false},"featured_media":41112,"comment_status":"open","ping_status":"closed","template":"","meta":[],"product_brand":[],"product_cat":[32],"product_tag":[],"class_list":{"0":"post-32060","1":"product","2":"type-product","3":"status-publish","4":"has-post-thumbnail","6":"product_cat-uncategorized-fi","8":"first","9":"instock","10":"shipping-taxable","11":"purchasable","12":"product-type-simple"},"_links":{"self":[{"href":"https:\/\/nordicmart.andreevmaster.com\/fi\/wp-json\/wp\/v2\/product\/32060","targetHints":{"allow":["GET"]}}],"collection":[{"href":"https:\/\/nordicmart.andreevmaster.com\/fi\/wp-json\/wp\/v2\/product"}],"about":[{"href":"https:\/\/nordicmart.andreevmaster.com\/fi\/wp-json\/wp\/v2\/types\/product"}],"replies":[{"embeddable":true,"href":"https:\/\/nordicmart.andreevmaster.com\/fi\/wp-json\/wp\/v2\/comments?post=32060"}],"wp:featuredmedia":[{"embeddable":true,"href":"https:\/\/nordicmart.andreevmaster.com\/fi\/wp-json\/wp\/v2\/media\/41112"}],"wp:attachment":[{"href":"https:\/\/nordicmart.andreevmaster.com\/fi\/wp-json\/wp\/v2\/media?parent=32060"}],"wp:term":[{"taxonomy":"product_brand","embeddable":true,"href":"https:\/\/nordicmart.andreevmaster.com\/fi\/wp-json\/wp\/v2\/product_brand?post=32060"},{"taxonomy":"product_cat","embeddable":true,"href":"https:\/\/nordicmart.andreevmaster.com\/fi\/wp-json\/wp\/v2\/product_cat?post=32060"},{"taxonomy":"product_tag","embeddable":true,"href":"https:\/\/nordicmart.andreevmaster.com\/fi\/wp-json\/wp\/v2\/product_tag?post=32060"}],"curies":[{"name":"wp","href":"https:\/\/api.w.org\/{rel}","templated":true}]}}