{"id":32059,"date":"2026-02-27T00:15:51","date_gmt":"2026-02-27T00:15:51","guid":{"rendered":"https:\/\/nordicmart.andreevmaster.com\/product\/songmics-kellolaatikko-12-kellolle-musta\/"},"modified":"2026-02-27T09:37:56","modified_gmt":"2026-02-27T09:37:56","slug":"songmics-kellolaatikko-12-kellolle-musta","status":"publish","type":"product","link":"https:\/\/nordicmart.andreevmaster.com\/fi\/tuote\/songmics-kellolaatikko-12-kellolle-musta\/","title":{"rendered":"SONGMICS kellolaatikko 12 kellolle, musta"},"content":{"rendered":"<p>Upea kotelo kellojen ker\u00e4ilij\u00f6ille: \u00c4l\u00e4 en\u00e4\u00e4 etsi sopivaa kellokoteloa. Olet jo l\u00f6yt\u00e4nyt t\u00e4ydellisen! Tyylikk\u00e4\u00e4n ulkon\u00e4\u00f6n ja k\u00e4yt\u00e4nn\u00f6llisten ominaisuuksien ansiosta t\u00e4m\u00e4 SONGMICS-kellolaatikko pit\u00e4\u00e4 kellosi siistin\u00e4 ja kauniisti esill\u00e4. V\u00e4hemm\u00e4n on enemm\u00e4n: Verrattuna kirkkaanv\u00e4risiin kellolaatikoihin t\u00e4m\u00e4 kellolaatikko on hillitty mutta tyylik\u00e4s, ja siin\u00e4 yhdistyv\u00e4t optimaalisesti klassinen musta v\u00e4ri ja puumainen PU-pinnoite. Jos olet DIY-harrastaja, voit my\u00f6s koristella t\u00e4m\u00e4n yksinkertaisen laatikon omien luovien ideoidesi mukaan. Suuret kellot mahtuvat my\u00f6s sis\u00e4\u00e4n: 12 lokerolla (52 x 52 mm) t\u00e4m\u00e4 kellolaatikko t\u00e4ytt\u00e4\u00e4 kelloker\u00e4ilij\u00f6iden erilaiset tarpeet. Kaikentyyppiset kellot, olivatpa ne sitten suuria urheilu- ja sotilaskelloja tai pieni\u00e4 naistenkelloja, ovat nyt saaneet oman kodin.\u00c4l\u00e4 ep\u00e4r\u00f6i en\u00e4\u00e4 hetke\u00e4k\u00e4\u00e4n, vaan klikkaa nyt &#8221;Lis\u00e4\u00e4 ostoskoriin&#8221;! Tuotetiedot: V\u00e4ri: musta Materiaali: MDF-levyt, PU-verhoilu, lasikansi Mitat: 36,2 x 9 x 21,3 cm (L x K x S) Paino: 2 kg Toimitus sis\u00e4lt\u00e4\u00e4: 1 x kellolaatikko<\/p>\n","protected":false},"excerpt":{"rendered":"<p>SONGMICS kellolaatikko 12 lokerolla, iso kellolaatikko lasikannella, PU-p\u00e4\u00e4llyste, samettivuori, metallilukko, upea lahja rakkaimmille, 36,2 x 9 x 21,3 cm, musta, JWB302H<\/p>\n","protected":false},"featured_media":41111,"comment_status":"open","ping_status":"closed","template":"","meta":[],"product_brand":[],"product_cat":[32],"product_tag":[],"class_list":{"0":"post-32059","1":"product","2":"type-product","3":"status-publish","4":"has-post-thumbnail","6":"product_cat-uncategorized-fi","8":"first","9":"instock","10":"shipping-taxable","11":"purchasable","12":"product-type-simple"},"_links":{"self":[{"href":"https:\/\/nordicmart.andreevmaster.com\/fi\/wp-json\/wp\/v2\/product\/32059","targetHints":{"allow":["GET"]}}],"collection":[{"href":"https:\/\/nordicmart.andreevmaster.com\/fi\/wp-json\/wp\/v2\/product"}],"about":[{"href":"https:\/\/nordicmart.andreevmaster.com\/fi\/wp-json\/wp\/v2\/types\/product"}],"replies":[{"embeddable":true,"href":"https:\/\/nordicmart.andreevmaster.com\/fi\/wp-json\/wp\/v2\/comments?post=32059"}],"wp:featuredmedia":[{"embeddable":true,"href":"https:\/\/nordicmart.andreevmaster.com\/fi\/wp-json\/wp\/v2\/media\/41111"}],"wp:attachment":[{"href":"https:\/\/nordicmart.andreevmaster.com\/fi\/wp-json\/wp\/v2\/media?parent=32059"}],"wp:term":[{"taxonomy":"product_brand","embeddable":true,"href":"https:\/\/nordicmart.andreevmaster.com\/fi\/wp-json\/wp\/v2\/product_brand?post=32059"},{"taxonomy":"product_cat","embeddable":true,"href":"https:\/\/nordicmart.andreevmaster.com\/fi\/wp-json\/wp\/v2\/product_cat?post=32059"},{"taxonomy":"product_tag","embeddable":true,"href":"https:\/\/nordicmart.andreevmaster.com\/fi\/wp-json\/wp\/v2\/product_tag?post=32059"}],"curies":[{"name":"wp","href":"https:\/\/api.w.org\/{rel}","templated":true}]}}