{"id":32058,"date":"2026-02-27T00:15:50","date_gmt":"2026-02-27T00:15:50","guid":{"rendered":"https:\/\/nordicmart.andreevmaster.com\/product\/songmics-kellolaatikko-20-kellolle-laatikolla\/"},"modified":"2026-02-27T09:37:56","modified_gmt":"2026-02-27T09:37:56","slug":"songmics-kellolaatikko-20-kellolle-laatikolla","status":"publish","type":"product","link":"https:\/\/nordicmart.andreevmaster.com\/fi\/tuote\/songmics-kellolaatikko-20-kellolle-laatikolla\/","title":{"rendered":"SONGMICS kellolaatikko 20 kellolle, laatikolla"},"content":{"rendered":"<p>Tuotetiedot:- Materiaali: PU + keskitihe\u00e4 puukuitulevy (MDF) + lasi &#8211; Tuotteen mitat: 28 x 15 x 20 cm (L x K x S) &#8211; Lokeron koko: 4,5 x 9 cm &#8211; Tyynyn mitat: 4,5 x 7,5 x 4 cm &#8211; Nettopaino: 2,58 kg &#8211; V\u00e4ri: musta Toimitus sis\u00e4lt\u00e4\u00e4:- 1 x kellolaatikko &#8211; 2 x avain S\u00e4ilytys ja hoito:- Aseta kellolaatikko tuuletettuun tilaan ja v\u00e4lt\u00e4 j\u00e4tt\u00e4m\u00e4st\u00e4 laatikkoa pitk\u00e4ksi aikaa auringonvaloon tai kosteaan tilaan. Sopiva l\u00e4mp\u00f6tila: 10\u201340 \u2103 &#8211; Pinnan tahrat voidaan pyyhki\u00e4 pois hieman kostutetulla liinalla. V\u00e4lt\u00e4 veden p\u00e4\u00e4sy\u00e4 kellolaatikkoon.- K\u00e4yt\u00e4 s\u00e4\u00e4nn\u00f6llisesti keinonahalle tarkoitettua erityist\u00e4 hoitotuotetta, jotta keinonahan kiilto s\u00e4ilyy pitk\u00e4\u00e4n. &#8211; Suojaa kellolaatikko varastoinnin aikana puristukselta. &#8211; \u00c4l\u00e4 s\u00e4ilyt\u00e4 kellolaatikkoa kemikaalien kanssa.<\/p>\n","protected":false},"excerpt":{"rendered":"<p>SONGMICS kellokotelo, kellolaatikko, 20 kellon esittelyyn JWB301<\/p>\n","protected":false},"featured_media":41110,"comment_status":"open","ping_status":"closed","template":"","meta":[],"product_brand":[],"product_cat":[32],"product_tag":[],"class_list":{"0":"post-32058","1":"product","2":"type-product","3":"status-publish","4":"has-post-thumbnail","6":"product_cat-uncategorized-fi","8":"first","9":"instock","10":"shipping-taxable","11":"purchasable","12":"product-type-simple"},"_links":{"self":[{"href":"https:\/\/nordicmart.andreevmaster.com\/fi\/wp-json\/wp\/v2\/product\/32058","targetHints":{"allow":["GET"]}}],"collection":[{"href":"https:\/\/nordicmart.andreevmaster.com\/fi\/wp-json\/wp\/v2\/product"}],"about":[{"href":"https:\/\/nordicmart.andreevmaster.com\/fi\/wp-json\/wp\/v2\/types\/product"}],"replies":[{"embeddable":true,"href":"https:\/\/nordicmart.andreevmaster.com\/fi\/wp-json\/wp\/v2\/comments?post=32058"}],"wp:featuredmedia":[{"embeddable":true,"href":"https:\/\/nordicmart.andreevmaster.com\/fi\/wp-json\/wp\/v2\/media\/41110"}],"wp:attachment":[{"href":"https:\/\/nordicmart.andreevmaster.com\/fi\/wp-json\/wp\/v2\/media?parent=32058"}],"wp:term":[{"taxonomy":"product_brand","embeddable":true,"href":"https:\/\/nordicmart.andreevmaster.com\/fi\/wp-json\/wp\/v2\/product_brand?post=32058"},{"taxonomy":"product_cat","embeddable":true,"href":"https:\/\/nordicmart.andreevmaster.com\/fi\/wp-json\/wp\/v2\/product_cat?post=32058"},{"taxonomy":"product_tag","embeddable":true,"href":"https:\/\/nordicmart.andreevmaster.com\/fi\/wp-json\/wp\/v2\/product_tag?post=32058"}],"curies":[{"name":"wp","href":"https:\/\/api.w.org\/{rel}","templated":true}]}}