{"id":32057,"date":"2026-02-27T00:15:50","date_gmt":"2026-02-27T00:15:50","guid":{"rendered":"https:\/\/nordicmart.andreevmaster.com\/product\/songmics-valkoinen-kellolaatikko-12-kellolle\/"},"modified":"2026-02-27T09:37:56","modified_gmt":"2026-02-27T09:37:56","slug":"songmics-valkoinen-kellolaatikko-12-kellolle","status":"publish","type":"product","link":"https:\/\/nordicmart.andreevmaster.com\/fi\/tuote\/songmics-valkoinen-kellolaatikko-12-kellolle\/","title":{"rendered":"SONGMICS Valkoinen kellolaatikko  12 kellolle"},"content":{"rendered":"<p>Kellolaatikko \u2013 tyylik\u00e4s suoja kellokokoelmallesi, todellinen katseenvangitsija jokaisessa modernissa kodissa! Helppohoitoinen: Lasilevyll\u00e4 varustettu kellolaatikko on kaunis. Pinnan tahrat voidaan pyyhki\u00e4 helposti hieman kostutetulla liinalla. Songmicsin tyylik\u00e4s s\u00e4ilytyslaatikko on siististi valmistettu ja helppo puhdistaa, ja se on ehdoton hankinta kaikille kellojen yst\u00e4ville! Tuotetiedot: Tuotteen mitat: 32,5 x 19 x 8,5 cm Pakkauksen mitat: 37 x 24 x 13,5 cm Lokeron koko: 4,5 x 9 cm n. 12 tyyny\u00e4 (kukin 4,5 x 7,5 x 4 cm) Nettopaino: 1,6 kg Toimitus sis\u00e4lt\u00e4\u00e4: 1 x kellolaatikko 2 x avain<\/p>\n","protected":false},"excerpt":{"rendered":"<p>SONGMICS kellolaatikko 12 kellolle, kellolaatikko, valkoinen JWB202<\/p>\n","protected":false},"featured_media":41109,"comment_status":"open","ping_status":"closed","template":"","meta":[],"product_brand":[],"product_cat":[32],"product_tag":[],"class_list":{"0":"post-32057","1":"product","2":"type-product","3":"status-publish","4":"has-post-thumbnail","6":"product_cat-uncategorized-fi","8":"first","9":"instock","10":"shipping-taxable","11":"purchasable","12":"product-type-simple"},"_links":{"self":[{"href":"https:\/\/nordicmart.andreevmaster.com\/fi\/wp-json\/wp\/v2\/product\/32057","targetHints":{"allow":["GET"]}}],"collection":[{"href":"https:\/\/nordicmart.andreevmaster.com\/fi\/wp-json\/wp\/v2\/product"}],"about":[{"href":"https:\/\/nordicmart.andreevmaster.com\/fi\/wp-json\/wp\/v2\/types\/product"}],"replies":[{"embeddable":true,"href":"https:\/\/nordicmart.andreevmaster.com\/fi\/wp-json\/wp\/v2\/comments?post=32057"}],"wp:featuredmedia":[{"embeddable":true,"href":"https:\/\/nordicmart.andreevmaster.com\/fi\/wp-json\/wp\/v2\/media\/41109"}],"wp:attachment":[{"href":"https:\/\/nordicmart.andreevmaster.com\/fi\/wp-json\/wp\/v2\/media?parent=32057"}],"wp:term":[{"taxonomy":"product_brand","embeddable":true,"href":"https:\/\/nordicmart.andreevmaster.com\/fi\/wp-json\/wp\/v2\/product_brand?post=32057"},{"taxonomy":"product_cat","embeddable":true,"href":"https:\/\/nordicmart.andreevmaster.com\/fi\/wp-json\/wp\/v2\/product_cat?post=32057"},{"taxonomy":"product_tag","embeddable":true,"href":"https:\/\/nordicmart.andreevmaster.com\/fi\/wp-json\/wp\/v2\/product_tag?post=32057"}],"curies":[{"name":"wp","href":"https:\/\/api.w.org\/{rel}","templated":true}]}}