{"id":32056,"date":"2026-02-27T00:15:50","date_gmt":"2026-02-27T00:15:50","guid":{"rendered":"https:\/\/nordicmart.andreevmaster.com\/product\/songmics-kellolaatikko-20-kellolle-valkoinen\/"},"modified":"2026-02-27T09:37:56","modified_gmt":"2026-02-27T09:37:56","slug":"songmics-kellolaatikko-20-kellolle-valkoinen","status":"publish","type":"product","link":"https:\/\/nordicmart.andreevmaster.com\/fi\/tuote\/songmics-kellolaatikko-20-kellolle-valkoinen\/","title":{"rendered":"SONGMICS kellolaatikko 20 kellolle, valkoinen"},"content":{"rendered":"<p>Kellolaatikko \u2013 tyylik\u00e4s suoja kellokokoelmallesi, todellinen katseenvangitsija jokaisessa modernissa kodissa! Kellolaatikko, jossa on aito lasi-ikkuna, tarjoaa tyylikk\u00e4\u00e4n ja k\u00e4yt\u00e4nn\u00f6llisen tavan s\u00e4ilytt\u00e4\u00e4 kelloja. T\u00e4m\u00e4n kellolaatikon hyv\u00e4 laatu n\u00e4kyy k\u00e4ytetyiss\u00e4 materiaaleissa, erinomaisessa suunnittelussa sek\u00e4 tarkassa ja huolellisessa k\u00e4sity\u00f6ss\u00e4. Se ei vain n\u00e4yt\u00e4 hyv\u00e4lt\u00e4, vaan my\u00f6s suojaa arvokkaita lempiesineit\u00e4si p\u00f6lylt\u00e4 ja naarmuilta. Siististi valmistettu ja helppo puhdistaa, t\u00e4m\u00e4 tyylik\u00e4s s\u00e4ilytyslaatikko Songmicsilt\u00e4 on pakollinen hankinta kaikille kellojen yst\u00e4ville. \ufeffTuotetiedot:- Tuotteen mitat: 28,5 x 15 x 20,5 cm (L x K x S) &#8211; Lokeron koko: 4,5 x 9 cm &#8211; Tyynyn mitat: 4,5 x 7,5 x 4 cm &#8211; Materiaali: MDF + sametti + keinonahka + lasi Toimitus sis\u00e4lt\u00e4\u00e4: &#8211; 1 x kellolaatikko &#8211; 2 x avain S\u00e4ilytys ja hoito:- S\u00e4ilyt\u00e4 kellolaatikko tuuletetussa tilassa ja v\u00e4lt\u00e4 j\u00e4tt\u00e4m\u00e4st\u00e4 laatikkoa pitk\u00e4ksi aikaa auringonvaloon tai kosteaan tilaan. Sopiva l\u00e4mp\u00f6tila: 10\u201340 \u2103. &#8211; Pinnan tahrat voidaan pyyhki\u00e4 pois hieman kostutetulla liinalla. V\u00e4lt\u00e4 veden p\u00e4\u00e4sy\u00e4 kellolaatikon sis\u00e4\u00e4n.- K\u00e4yt\u00e4 s\u00e4\u00e4nn\u00f6llisesti erityist\u00e4 nahkahuoltotuotetta, jotta nahka s\u00e4ilytt\u00e4\u00e4 kiiltonsa pitk\u00e4\u00e4n. &#8211; Suojaa kellolaatikko varastoinnin aikana puristukselta. &#8211; \u00c4l\u00e4 s\u00e4ilyt\u00e4 kellolaatikkoa kemikaalien kanssa.<\/p>\n","protected":false},"excerpt":{"rendered":"<p>SONGMICS kellolaatikko 20 kellolle, kellokotelo, valkoinen JWB201<\/p>\n","protected":false},"featured_media":41108,"comment_status":"open","ping_status":"closed","template":"","meta":[],"product_brand":[],"product_cat":[32],"product_tag":[],"class_list":{"0":"post-32056","1":"product","2":"type-product","3":"status-publish","4":"has-post-thumbnail","6":"product_cat-uncategorized-fi","8":"first","9":"instock","10":"shipping-taxable","11":"purchasable","12":"product-type-simple"},"_links":{"self":[{"href":"https:\/\/nordicmart.andreevmaster.com\/fi\/wp-json\/wp\/v2\/product\/32056","targetHints":{"allow":["GET"]}}],"collection":[{"href":"https:\/\/nordicmart.andreevmaster.com\/fi\/wp-json\/wp\/v2\/product"}],"about":[{"href":"https:\/\/nordicmart.andreevmaster.com\/fi\/wp-json\/wp\/v2\/types\/product"}],"replies":[{"embeddable":true,"href":"https:\/\/nordicmart.andreevmaster.com\/fi\/wp-json\/wp\/v2\/comments?post=32056"}],"wp:featuredmedia":[{"embeddable":true,"href":"https:\/\/nordicmart.andreevmaster.com\/fi\/wp-json\/wp\/v2\/media\/41108"}],"wp:attachment":[{"href":"https:\/\/nordicmart.andreevmaster.com\/fi\/wp-json\/wp\/v2\/media?parent=32056"}],"wp:term":[{"taxonomy":"product_brand","embeddable":true,"href":"https:\/\/nordicmart.andreevmaster.com\/fi\/wp-json\/wp\/v2\/product_brand?post=32056"},{"taxonomy":"product_cat","embeddable":true,"href":"https:\/\/nordicmart.andreevmaster.com\/fi\/wp-json\/wp\/v2\/product_cat?post=32056"},{"taxonomy":"product_tag","embeddable":true,"href":"https:\/\/nordicmart.andreevmaster.com\/fi\/wp-json\/wp\/v2\/product_tag?post=32056"}],"curies":[{"name":"wp","href":"https:\/\/api.w.org\/{rel}","templated":true}]}}