{"id":32055,"date":"2026-02-27T00:15:50","date_gmt":"2026-02-27T00:15:50","guid":{"rendered":"https:\/\/nordicmart.andreevmaster.com\/product\/songmics-tyylikas-kellolaatikko-11-kellolle\/"},"modified":"2026-02-27T09:37:55","modified_gmt":"2026-02-27T09:37:55","slug":"songmics-tyylikas-kellolaatikko-11-kellolle","status":"publish","type":"product","link":"https:\/\/nordicmart.andreevmaster.com\/fi\/tuote\/songmics-tyylikas-kellolaatikko-11-kellolle\/","title":{"rendered":"SONGMICS Tyylik\u00e4s kellolaatikko 11 kellolle"},"content":{"rendered":"<p>Tyylik\u00e4s kotelo suosikkikellojesi esillepanoon. T\u00e4n\u00e4\u00e4n tapaat yst\u00e4vi\u00e4si. Ennen kuin l\u00e4hdet kotoa, huomaat yht\u00e4kki\u00e4, ett\u00e4 et l\u00f6yd\u00e4 sopivaa kelloa ja etsit sit\u00e4 kaikkialta, mik\u00e4 vie paljon aikaa. T\u00e4ll\u00f6in kellokotelo on k\u00e4tev\u00e4 apulainen. T\u00e4m\u00e4 SONGMICS-kellokotelo t\u00e4ytt\u00e4\u00e4 s\u00e4ilytystarpeesi. Se on valmistettu MDF-levyist\u00e4, p\u00e4\u00e4llystetty tyylikk\u00e4\u00e4ll\u00e4 mustalla PU-pinnoitteella, ja sen sis\u00e4vuori suojaa suosikkikelloitasi hyvin. Sen suuri tilavuus (30 x 8 x 20 cm L\/K\/S) on suuri etu, sill\u00e4 6 tavallisessa lokerossa ja 5 suuremmassa lokerossa on tilaa kaikille kelloillesi. \u00c4l\u00e4 ep\u00e4r\u00f6i, vaan hanki se heti! Nauti t\u00e4st\u00e4 kellolaatikosta, joka osoittaa rakkautta yksityiskohtiin! Tuotetiedot: V\u00e4ri: musta Materiaali: MDF-levyt, PU, sametti, lasi Mitat: 30 x 8 x 20 cm (L x K x S) Paino: 1,2 kg Toimitus sis\u00e4lt\u00e4\u00e4: 1 x kellolaatikko SONGMICS-ohjeet: \u00c4l\u00e4 altista tuotetta suoralle auringonvalolle.Pid\u00e4 tuote poissa ter\u00e4vien esineiden l\u00e4heisyydest\u00e4, jotta v\u00e4lt\u00e4t naarmuja tai muita vaurioita.<\/p>\n","protected":false},"excerpt":{"rendered":"<p>SONGMICS kellolaatikko, kellokotelo, s\u00e4ilytyslaatikko suurilla lokeroilla, PU-p\u00e4\u00e4llyste, samettivuori ja lasi-ikkuna, ihanteellinen lahjaksi, musta JWB14BK<\/p>\n","protected":false},"featured_media":41107,"comment_status":"open","ping_status":"closed","template":"","meta":[],"product_brand":[],"product_cat":[32],"product_tag":[],"class_list":{"0":"post-32055","1":"product","2":"type-product","3":"status-publish","4":"has-post-thumbnail","6":"product_cat-uncategorized-fi","8":"first","9":"instock","10":"shipping-taxable","11":"purchasable","12":"product-type-simple"},"_links":{"self":[{"href":"https:\/\/nordicmart.andreevmaster.com\/fi\/wp-json\/wp\/v2\/product\/32055","targetHints":{"allow":["GET"]}}],"collection":[{"href":"https:\/\/nordicmart.andreevmaster.com\/fi\/wp-json\/wp\/v2\/product"}],"about":[{"href":"https:\/\/nordicmart.andreevmaster.com\/fi\/wp-json\/wp\/v2\/types\/product"}],"replies":[{"embeddable":true,"href":"https:\/\/nordicmart.andreevmaster.com\/fi\/wp-json\/wp\/v2\/comments?post=32055"}],"wp:featuredmedia":[{"embeddable":true,"href":"https:\/\/nordicmart.andreevmaster.com\/fi\/wp-json\/wp\/v2\/media\/41107"}],"wp:attachment":[{"href":"https:\/\/nordicmart.andreevmaster.com\/fi\/wp-json\/wp\/v2\/media?parent=32055"}],"wp:term":[{"taxonomy":"product_brand","embeddable":true,"href":"https:\/\/nordicmart.andreevmaster.com\/fi\/wp-json\/wp\/v2\/product_brand?post=32055"},{"taxonomy":"product_cat","embeddable":true,"href":"https:\/\/nordicmart.andreevmaster.com\/fi\/wp-json\/wp\/v2\/product_cat?post=32055"},{"taxonomy":"product_tag","embeddable":true,"href":"https:\/\/nordicmart.andreevmaster.com\/fi\/wp-json\/wp\/v2\/product_tag?post=32055"}],"curies":[{"name":"wp","href":"https:\/\/api.w.org\/{rel}","templated":true}]}}