{"id":32054,"date":"2026-02-27T00:15:49","date_gmt":"2026-02-27T00:15:49","guid":{"rendered":"https:\/\/nordicmart.andreevmaster.com\/product\/songmics-kellolaatikko-lasikannella\/"},"modified":"2026-02-27T09:37:55","modified_gmt":"2026-02-27T09:37:55","slug":"songmics-kellolaatikko-lasikannella","status":"publish","type":"product","link":"https:\/\/nordicmart.andreevmaster.com\/fi\/tuote\/songmics-kellolaatikko-lasikannella\/","title":{"rendered":"SONGMICS kellolaatikko lasikannella"},"content":{"rendered":"<p>Yksi vakaville asuille, yksi vapaa-ajan vaatteille&#8230;: Monet ihmiset omistavat useita kelloja, jotka sopivat eri tilanteisiin. T\u00e4ll\u00e4 kellolaatikolla SONGMICS tarjoaa mukavan kodin koko kellokokoelmallesi. Irrotettavat kellotyynyt Kellotyynyt sopivat t\u00e4ydellisesti laatikon lokeroihin, joten kellosi pysyv\u00e4t aina paikoillaan liikkumatta ja eiv\u00e4t vahingoitu iskuista. Ilman tyynyj\u00e4 t\u00e4m\u00e4 laatikko muuttuu korulaatikoksi, jossa voi s\u00e4ilytt\u00e4\u00e4 koruja, pieni\u00e4 asusteita jne. Erinomainen lahjaidea T\u00e4m\u00e4 tyylik\u00e4s kellolaatikko sopii erinomaisesti lahjaksi syntym\u00e4p\u00e4iville, h\u00e4\u00e4p\u00e4iville jne. Jos annat t\u00e4m\u00e4n kellolaatikon is\u00e4llesi is\u00e4np\u00e4iv\u00e4lahjaksi, h\u00e4n varmasti ilahtuu siit\u00e4.T\u00e4m\u00e4 investointi kannattaa Kellolaatikko ei vain suojaa arvokkaita kelloja lialta, naarmuilta, vaurioilta jne., vaan toimii my\u00f6s tyylikk\u00e4\u00e4n\u00e4 sisustuksena huoneessasi. \u00c4l\u00e4 siis ep\u00e4r\u00f6i, vaan osta heti! Et tule katumaan! Useita vaihtoehtoja Tarjoamme laajan valikoiman kellolaatikoita eri kokoina ja v\u00e4rein\u00e4. Etsi vain hakusanalla &#8221;SONGMICS kellolaatikko&#8221; saadaksesi lis\u00e4tietoja. Tuotetiedot: &#8211; V\u00e4ri: musta &#8211; Materiaali: MDF (keskitihe\u00e4 kuitulevy), PU (polyuretaani), sametti, lasi &#8211; Koko: 32 x 18,6 x 8,5 cm (P x L x K) &#8211; Paino: 1,05 kg Toimitus sis\u00e4lt\u00e4\u00e4: &#8211; 1 x kellolaatikko SONGMICS-ohjeet: &#8211; \u00c4l\u00e4 altista tuotetta suoralle auringonvalolle. &#8211; Pid\u00e4 tuote poissa ter\u00e4vien esineiden l\u00e4heisyydest\u00e4 naarmujen v\u00e4ltt\u00e4miseksi.<\/p>\n","protected":false},"excerpt":{"rendered":"<p>SONGMICS kellolaatikko 12 lokerolla, lukittava kellolaatikko lasikannella, kellokotelo irrotettavilla kellotyynyill\u00e4, keinonahkaa, musta JWB12B<\/p>\n","protected":false},"featured_media":41106,"comment_status":"open","ping_status":"closed","template":"","meta":[],"product_brand":[],"product_cat":[32],"product_tag":[],"class_list":{"0":"post-32054","1":"product","2":"type-product","3":"status-publish","4":"has-post-thumbnail","6":"product_cat-uncategorized-fi","8":"first","9":"instock","10":"shipping-taxable","11":"purchasable","12":"product-type-simple"},"_links":{"self":[{"href":"https:\/\/nordicmart.andreevmaster.com\/fi\/wp-json\/wp\/v2\/product\/32054","targetHints":{"allow":["GET"]}}],"collection":[{"href":"https:\/\/nordicmart.andreevmaster.com\/fi\/wp-json\/wp\/v2\/product"}],"about":[{"href":"https:\/\/nordicmart.andreevmaster.com\/fi\/wp-json\/wp\/v2\/types\/product"}],"replies":[{"embeddable":true,"href":"https:\/\/nordicmart.andreevmaster.com\/fi\/wp-json\/wp\/v2\/comments?post=32054"}],"wp:featuredmedia":[{"embeddable":true,"href":"https:\/\/nordicmart.andreevmaster.com\/fi\/wp-json\/wp\/v2\/media\/41106"}],"wp:attachment":[{"href":"https:\/\/nordicmart.andreevmaster.com\/fi\/wp-json\/wp\/v2\/media?parent=32054"}],"wp:term":[{"taxonomy":"product_brand","embeddable":true,"href":"https:\/\/nordicmart.andreevmaster.com\/fi\/wp-json\/wp\/v2\/product_brand?post=32054"},{"taxonomy":"product_cat","embeddable":true,"href":"https:\/\/nordicmart.andreevmaster.com\/fi\/wp-json\/wp\/v2\/product_cat?post=32054"},{"taxonomy":"product_tag","embeddable":true,"href":"https:\/\/nordicmart.andreevmaster.com\/fi\/wp-json\/wp\/v2\/product_tag?post=32054"}],"curies":[{"name":"wp","href":"https:\/\/api.w.org\/{rel}","templated":true}]}}