{"id":32052,"date":"2026-02-27T00:15:49","date_gmt":"2026-02-27T00:15:49","guid":{"rendered":"https:\/\/nordicmart.andreevmaster.com\/product\/songmics-tyylikas-kellolaatikko-12-kellolle\/"},"modified":"2026-02-27T09:37:55","modified_gmt":"2026-02-27T09:37:55","slug":"songmics-tyylikas-kellolaatikko-12-kellolle","status":"publish","type":"product","link":"https:\/\/nordicmart.andreevmaster.com\/fi\/tuote\/songmics-tyylikas-kellolaatikko-12-kellolle\/","title":{"rendered":"SONGMICS Tyylik\u00e4s kellolaatikko  12 kellolle"},"content":{"rendered":"<p>Menestyksen avain piilee yksityiskohdissa: t\u00e4m\u00e4 SONGMICS-kellolaatikko on suunniteltu pienint\u00e4 yksityiskohtaa my\u00f6ten. Kellojen suojaamiseksi vieraiden k\u00e4silt\u00e4 se on varustettu lukolla. Lis\u00e4ksi olemme vahvistaneet kellojen lokeroiden v\u00e4lisi\u00e4 v\u00e4liseini\u00e4, mik\u00e4 antaa kelloillesi tukevan pidon.Yksinkertaisen ulkokuoren takana piilee kellojen unelmakoti: kellolaatikko n\u00e4ytt\u00e4\u00e4 yksinkertaiselta ja hillitylt\u00e4, mutta kun avaat kannen, sen ylellinen sisustus yll\u00e4tt\u00e4\u00e4 sinut: laatikko on vuorattu pehme\u00e4ll\u00e4 samettivuorauksella ja my\u00f6s kellotyynyt on p\u00e4\u00e4llystetty sametilla. T\u00e4\u00e4lt\u00e4 kellosi tai rannekellosi l\u00f6yt\u00e4v\u00e4t sopivan kodin. Irrotettavien kellotyynyjen ansiosta voit s\u00e4ilytt\u00e4\u00e4 laatikossa my\u00f6s muita koruja, mik\u00e4 on toinen t\u00e4m\u00e4n laatikon kohokohta. Investointi kannattaa: kellolaatikko suojaa arvokkaita kelloja lialta, naarmuilta, vaurioilta jne. N\u00e4in s\u00e4\u00e4st\u00e4t kellon korjaus- tai huoltokustannuksissa. Ei siis ole ep\u00e4ilyst\u00e4k\u00e4\u00e4n siit\u00e4, ett\u00e4 kellolaatikon ostaminen on j\u00e4rkev\u00e4 sijoitus. Tuotetiedot: V\u00e4ri: musta Materiaali: MDF, PU, sametti, lasi Kokonaismitat: 30 x 21 x 8,5 cm (P x L x K) Mitat kellokoteloa kohti: 7 x 4,8 cm Mitat kellotyyny\u00e4 kohti: 7 x 3,5 x 4,8 cm (L x K x S) Paino: 1,12 kg Toimitus sis\u00e4lt\u00e4\u00e4: 1 x kellolaatikko<\/p>\n","protected":false},"excerpt":{"rendered":"<p>SONGMICS kellolaatikko 12 lokerolla, lukittava kellolaatikko lasikannella, kellokotelo irrotettavilla kellotyynyill\u00e4, keinonahkaa, musta JWB12B<\/p>\n","protected":false},"featured_media":41104,"comment_status":"open","ping_status":"closed","template":"","meta":[],"product_brand":[],"product_cat":[32],"product_tag":[],"class_list":{"0":"post-32052","1":"product","2":"type-product","3":"status-publish","4":"has-post-thumbnail","6":"product_cat-uncategorized-fi","8":"first","9":"instock","10":"shipping-taxable","11":"purchasable","12":"product-type-simple"},"_links":{"self":[{"href":"https:\/\/nordicmart.andreevmaster.com\/fi\/wp-json\/wp\/v2\/product\/32052","targetHints":{"allow":["GET"]}}],"collection":[{"href":"https:\/\/nordicmart.andreevmaster.com\/fi\/wp-json\/wp\/v2\/product"}],"about":[{"href":"https:\/\/nordicmart.andreevmaster.com\/fi\/wp-json\/wp\/v2\/types\/product"}],"replies":[{"embeddable":true,"href":"https:\/\/nordicmart.andreevmaster.com\/fi\/wp-json\/wp\/v2\/comments?post=32052"}],"wp:featuredmedia":[{"embeddable":true,"href":"https:\/\/nordicmart.andreevmaster.com\/fi\/wp-json\/wp\/v2\/media\/41104"}],"wp:attachment":[{"href":"https:\/\/nordicmart.andreevmaster.com\/fi\/wp-json\/wp\/v2\/media?parent=32052"}],"wp:term":[{"taxonomy":"product_brand","embeddable":true,"href":"https:\/\/nordicmart.andreevmaster.com\/fi\/wp-json\/wp\/v2\/product_brand?post=32052"},{"taxonomy":"product_cat","embeddable":true,"href":"https:\/\/nordicmart.andreevmaster.com\/fi\/wp-json\/wp\/v2\/product_cat?post=32052"},{"taxonomy":"product_tag","embeddable":true,"href":"https:\/\/nordicmart.andreevmaster.com\/fi\/wp-json\/wp\/v2\/product_tag?post=32052"}],"curies":[{"name":"wp","href":"https:\/\/api.w.org\/{rel}","templated":true}]}}