{"id":32049,"date":"2026-02-27T00:15:48","date_gmt":"2026-02-27T00:15:48","guid":{"rendered":"https:\/\/nordicmart.andreevmaster.com\/product\/songmics-korurasia-kellotaskuilla\/"},"modified":"2026-02-27T09:37:55","modified_gmt":"2026-02-27T09:37:55","slug":"songmics-korurasia-kellotaskuilla","status":"publish","type":"product","link":"https:\/\/nordicmart.andreevmaster.com\/fi\/tuote\/songmics-korurasia-kellotaskuilla\/","title":{"rendered":"SONGMICS korurasia kellotaskuilla"},"content":{"rendered":"<p>Laadukas materiaali: &#8211; MDF (keskitihe\u00e4 kuitulevy) + sametti (sis\u00e4puoli) + keinonahka (ulkopuoli) + lasi (n\u00e4kyv\u00e4 ikkuna) Monipuolinen k\u00e4ytt\u00f6: &#8211; T\u00e4ydellinen henkil\u00f6kohtaiseen ja yritysk\u00e4ytt\u00f6\u00f6n. Laatikko on ihanteellinen kellojen esittelyyn tai s\u00e4ilytykseen. Kellosi ovat siististi ja tilaa s\u00e4\u00e4st\u00e4en s\u00e4ilytettyin\u00e4 ja aina k\u00e4den ulottuvilla. S\u00e4ilytys ja hoito:- Aseta kellolaatikko tuuletettuun tilaan ja v\u00e4lt\u00e4 j\u00e4tt\u00e4m\u00e4st\u00e4 laatikkoa pitk\u00e4ksi aikaa auringonvaloon tai kosteaan tilaan. Sopiva l\u00e4mp\u00f6tila: 10-40 \u2103. &#8211; Pinnan tahrat voidaan pyyhki\u00e4 pois hieman kostutetulla liinalla. V\u00e4lt\u00e4 veden p\u00e4\u00e4sy\u00e4 kellolaatikkoon.- K\u00e4yt\u00e4 s\u00e4\u00e4nn\u00f6llisesti erityist\u00e4 nahkahuoltotuotetta, jotta nahka s\u00e4ilytt\u00e4\u00e4 kiiltonsa pitk\u00e4\u00e4n. &#8211; Suojaa kellolaatikko varastoinnin aikana puristukselta. &#8211; \u00c4l\u00e4 s\u00e4ilyt\u00e4 kellolaatikkoa kemikaalien kanssa. Toimitussis\u00e4lt\u00f6: &#8211; 1 x kellolaatikko &#8211; 2 x avain<\/p>\n","protected":false},"excerpt":{"rendered":"<p>SONGMICS kellolaatikko korulaatikko 6 kellolle, laatikolla JWB11B<\/p>\n","protected":false},"featured_media":41102,"comment_status":"open","ping_status":"closed","template":"","meta":[],"product_brand":[],"product_cat":[32],"product_tag":[],"class_list":{"0":"post-32049","1":"product","2":"type-product","3":"status-publish","4":"has-post-thumbnail","6":"product_cat-uncategorized-fi","8":"first","9":"instock","10":"shipping-taxable","11":"purchasable","12":"product-type-simple"},"_links":{"self":[{"href":"https:\/\/nordicmart.andreevmaster.com\/fi\/wp-json\/wp\/v2\/product\/32049","targetHints":{"allow":["GET"]}}],"collection":[{"href":"https:\/\/nordicmart.andreevmaster.com\/fi\/wp-json\/wp\/v2\/product"}],"about":[{"href":"https:\/\/nordicmart.andreevmaster.com\/fi\/wp-json\/wp\/v2\/types\/product"}],"replies":[{"embeddable":true,"href":"https:\/\/nordicmart.andreevmaster.com\/fi\/wp-json\/wp\/v2\/comments?post=32049"}],"wp:featuredmedia":[{"embeddable":true,"href":"https:\/\/nordicmart.andreevmaster.com\/fi\/wp-json\/wp\/v2\/media\/41102"}],"wp:attachment":[{"href":"https:\/\/nordicmart.andreevmaster.com\/fi\/wp-json\/wp\/v2\/media?parent=32049"}],"wp:term":[{"taxonomy":"product_brand","embeddable":true,"href":"https:\/\/nordicmart.andreevmaster.com\/fi\/wp-json\/wp\/v2\/product_brand?post=32049"},{"taxonomy":"product_cat","embeddable":true,"href":"https:\/\/nordicmart.andreevmaster.com\/fi\/wp-json\/wp\/v2\/product_cat?post=32049"},{"taxonomy":"product_tag","embeddable":true,"href":"https:\/\/nordicmart.andreevmaster.com\/fi\/wp-json\/wp\/v2\/product_tag?post=32049"}],"curies":[{"name":"wp","href":"https:\/\/api.w.org\/{rel}","templated":true}]}}