{"id":32046,"date":"2026-02-27T00:15:48","date_gmt":"2026-02-27T00:15:48","guid":{"rendered":"https:\/\/nordicmart.andreevmaster.com\/product\/songmics-kellolaatikko-lasikannella-musta\/"},"modified":"2026-02-27T09:37:54","modified_gmt":"2026-02-27T09:37:54","slug":"songmics-kellolaatikko-lasikannella-musta","status":"publish","type":"product","link":"https:\/\/nordicmart.andreevmaster.com\/fi\/tuote\/songmics-kellolaatikko-lasikannella-musta\/","title":{"rendered":"SONGMICS kellolaatikko lasikannella, musta"},"content":{"rendered":"<p>Miss\u00e4 ihmeess\u00e4 kelloni on? Unohdatko sin\u00e4kin aina, mihin olet laittanut kellosi? T\u00e4m\u00e4 klassinen, tyylik\u00e4s kellolaatikko lasikannella tarjoaa tilaa kuudelle kellolle, jotka aiemmin ker\u00e4siv\u00e4t p\u00f6ly\u00e4 y\u00f6p\u00f6yd\u00e4ll\u00e4si tai lojuivat lipastossa.  Suojaus on etusijalla Olitpa sitten innokas kellofani tai vasta aloittanut ker\u00e4ilyn, sinun tulee suojata korusi. T\u00e4m\u00e4n kellolaatikon korkealaatuinen samettivuori, ohuet tyynyt ja lasikansi ovat ihanteellisia suojaamaan kelloja naarmuilta. Lis\u00e4ksi laatikko tarjoaa t\u00e4ydellisen esittelytilan kellollesi, jotta voit ihailla niit\u00e4 milloin tahansa tai n\u00e4ytt\u00e4\u00e4 niit\u00e4 yst\u00e4villesi.  T\u00e4ydellinen lahjaidea Tunnetko kellojen yst\u00e4v\u00e4n? T\u00e4m\u00e4 kellojen s\u00e4ilytyslaatikko on t\u00e4ydellinen lahja is\u00e4llesi, yst\u00e4v\u00e4llesi tai aviomiehellesi \u2013 olipa kyseess\u00e4 sitten syntym\u00e4p\u00e4iv\u00e4, is\u00e4np\u00e4iv\u00e4, yst\u00e4v\u00e4np\u00e4iv\u00e4, yliopistosta valmistuminen tai joulu. Jos s\u00e4ilyt\u00e4t t\u00e4ll\u00e4 hetkell\u00e4 omaa kelloasi tytt\u00f6yst\u00e4v\u00e4si korulaatikossa, voit my\u00f6s hemmotella itse\u00e4si t\u00e4ll\u00e4 tyylikk\u00e4\u00e4ll\u00e4 lis\u00e4varusteella. Tuotetiedot: &#8211; V\u00e4ri: musta p\u00e4\u00e4llinen, beige samettivuori &#8211; Materiaali: MDF (keskitihe\u00e4 kuitulevy), sametti, PU, lasi &#8211; Koko: 30 x 11,2 x 8 cm (P x L x K) &#8211; Paino: 0,6 kg Toimitus sis\u00e4lt\u00e4\u00e4: &#8211; 1 x kellolaatikko<\/p>\n","protected":false},"excerpt":{"rendered":"<p>SONGMICS kellolaatikko 6 kellolle, kellolaatikko lasikannella, samettiset kellotyynyt, kellokotelo lukolla, 30 x 11,2 x 8 cm, musta JWB06BK<\/p>\n","protected":false},"featured_media":41099,"comment_status":"open","ping_status":"closed","template":"","meta":[],"product_brand":[],"product_cat":[32],"product_tag":[],"class_list":{"0":"post-32046","1":"product","2":"type-product","3":"status-publish","4":"has-post-thumbnail","6":"product_cat-uncategorized-fi","8":"first","9":"instock","10":"shipping-taxable","11":"purchasable","12":"product-type-simple"},"_links":{"self":[{"href":"https:\/\/nordicmart.andreevmaster.com\/fi\/wp-json\/wp\/v2\/product\/32046","targetHints":{"allow":["GET"]}}],"collection":[{"href":"https:\/\/nordicmart.andreevmaster.com\/fi\/wp-json\/wp\/v2\/product"}],"about":[{"href":"https:\/\/nordicmart.andreevmaster.com\/fi\/wp-json\/wp\/v2\/types\/product"}],"replies":[{"embeddable":true,"href":"https:\/\/nordicmart.andreevmaster.com\/fi\/wp-json\/wp\/v2\/comments?post=32046"}],"wp:featuredmedia":[{"embeddable":true,"href":"https:\/\/nordicmart.andreevmaster.com\/fi\/wp-json\/wp\/v2\/media\/41099"}],"wp:attachment":[{"href":"https:\/\/nordicmart.andreevmaster.com\/fi\/wp-json\/wp\/v2\/media?parent=32046"}],"wp:term":[{"taxonomy":"product_brand","embeddable":true,"href":"https:\/\/nordicmart.andreevmaster.com\/fi\/wp-json\/wp\/v2\/product_brand?post=32046"},{"taxonomy":"product_cat","embeddable":true,"href":"https:\/\/nordicmart.andreevmaster.com\/fi\/wp-json\/wp\/v2\/product_cat?post=32046"},{"taxonomy":"product_tag","embeddable":true,"href":"https:\/\/nordicmart.andreevmaster.com\/fi\/wp-json\/wp\/v2\/product_tag?post=32046"}],"curies":[{"name":"wp","href":"https:\/\/api.w.org\/{rel}","templated":true}]}}