{"id":32043,"date":"2026-02-27T00:15:47","date_gmt":"2026-02-27T00:15:47","guid":{"rendered":"https:\/\/nordicmart.andreevmaster.com\/product\/songmics-kellolaatikko-2-tasoa-pu-paallinen-ja-musta-sisavuori\/"},"modified":"2026-02-27T09:37:54","modified_gmt":"2026-02-27T09:37:54","slug":"songmics-kellolaatikko-2-tasoa-pu-paallinen-ja-musta-sisavuori","status":"publish","type":"product","link":"https:\/\/nordicmart.andreevmaster.com\/fi\/tuote\/songmics-kellolaatikko-2-tasoa-pu-paallinen-ja-musta-sisavuori\/","title":{"rendered":"SONGMICS kellolaatikko, 2 tasoa, PU-p\u00e4\u00e4llinen ja musta sis\u00e4vuori"},"content":{"rendered":"<p>SONGMICS kellolaatikko, kellokotelo lasikannella, 2 tasoa, 6 kellolle, lukittava, 1 laatikko, sormuksille, rannekoruille, lahjaidea, PU-p\u00e4\u00e4llinen musta, sis\u00e4vuori musta JWB060B02<br \/>\nV\u00e4ri: PU-p\u00e4\u00e4llinen musta, samettivuori musta<br \/>\nMateriaali: MDF (keskitihe\u00e4 kuitulevy), sametti, PU, paperi, lasi<br \/>\nKoko: 10 x 32,5 x 13,5 cm (S x L x K)<br \/>\nPaino: 1,2 kg<\/p>\n","protected":false},"excerpt":{"rendered":"<p>SONGMICS kellolaatikko, kellokotelo lasikannella, 2 tasoa, 6 kellolle, lukittava, 1 laatikko, sormuksille, rannekoruille, lahjaidea, PU-p\u00e4\u00e4llinen musta, sis\u00e4vuori musta JWB060B02<\/p>\n","protected":false},"featured_media":41096,"comment_status":"open","ping_status":"closed","template":"","meta":[],"product_brand":[],"product_cat":[32],"product_tag":[],"class_list":{"0":"post-32043","1":"product","2":"type-product","3":"status-publish","4":"has-post-thumbnail","6":"product_cat-uncategorized-fi","8":"first","9":"instock","10":"shipping-taxable","11":"purchasable","12":"product-type-simple"},"_links":{"self":[{"href":"https:\/\/nordicmart.andreevmaster.com\/fi\/wp-json\/wp\/v2\/product\/32043","targetHints":{"allow":["GET"]}}],"collection":[{"href":"https:\/\/nordicmart.andreevmaster.com\/fi\/wp-json\/wp\/v2\/product"}],"about":[{"href":"https:\/\/nordicmart.andreevmaster.com\/fi\/wp-json\/wp\/v2\/types\/product"}],"replies":[{"embeddable":true,"href":"https:\/\/nordicmart.andreevmaster.com\/fi\/wp-json\/wp\/v2\/comments?post=32043"}],"wp:featuredmedia":[{"embeddable":true,"href":"https:\/\/nordicmart.andreevmaster.com\/fi\/wp-json\/wp\/v2\/media\/41096"}],"wp:attachment":[{"href":"https:\/\/nordicmart.andreevmaster.com\/fi\/wp-json\/wp\/v2\/media?parent=32043"}],"wp:term":[{"taxonomy":"product_brand","embeddable":true,"href":"https:\/\/nordicmart.andreevmaster.com\/fi\/wp-json\/wp\/v2\/product_brand?post=32043"},{"taxonomy":"product_cat","embeddable":true,"href":"https:\/\/nordicmart.andreevmaster.com\/fi\/wp-json\/wp\/v2\/product_cat?post=32043"},{"taxonomy":"product_tag","embeddable":true,"href":"https:\/\/nordicmart.andreevmaster.com\/fi\/wp-json\/wp\/v2\/product_tag?post=32043"}],"curies":[{"name":"wp","href":"https:\/\/api.w.org\/{rel}","templated":true}]}}