{"id":32042,"date":"2026-02-27T00:15:47","date_gmt":"2026-02-27T00:15:47","guid":{"rendered":"https:\/\/nordicmart.andreevmaster.com\/product\/songmics-suorakulmainen-kellolaatikko-5-kellolle\/"},"modified":"2026-02-27T09:37:54","modified_gmt":"2026-02-27T09:37:54","slug":"songmics-suorakulmainen-kellolaatikko-5-kellolle","status":"publish","type":"product","link":"https:\/\/nordicmart.andreevmaster.com\/fi\/tuote\/songmics-suorakulmainen-kellolaatikko-5-kellolle\/","title":{"rendered":"SONGMICS suorakulmainen kellolaatikko 5 kellolle"},"content":{"rendered":"<p>Tuotekuvaus: Kellolaatikko, jossa on l\u00e4pin\u00e4kyv\u00e4 lasi, sopii erinomaisesti rannekellojen s\u00e4ilytykseen. Kirkas lasi on eritt\u00e4in k\u00e4yt\u00e4nn\u00f6llinen, sill\u00e4 sen ansiosta n\u00e4et suoraan, mitk\u00e4 kellot laatikossa ovat. Jakoristikon ja pehmustettujen kellotyynyjen ansiosta kellot voidaan s\u00e4ilytt\u00e4\u00e4 siististi. Kellotyynyt ovat eritt\u00e4in miellytt\u00e4v\u00e4n tuntuista ja pit\u00e4v\u00e4t kellot hyvin paikoillaan. Kun otat kellotyynyt pois, kotelosta tulee pieni s\u00e4ilytyslaatikko tai korurasia, joka sopii erinomaisesti nappien, korvakoruiden, sormusten, kaulakorujen ja muiden korujen s\u00e4ilytykseen. Moderni ja houkutteleva ulkon\u00e4k\u00f6, hyvin suunniteltu, t\u00e4ydellinen lahja yst\u00e4villesi ja perheellesi, naisille tai miehille. Koko &#8211; Tuotteen mitat: 26,5 x 11 x 8,5 cm &#8211; Lokeron koko: 4,5 x 9 cm &#8211; 5 tyyny\u00e4 (kukin 4,5 x 7,5 x 4 cm) S\u00e4ilytys ja hoito:- S\u00e4ilyt\u00e4 kellolaatikko tuuletetussa tilassa, jonka l\u00e4mp\u00f6tila on 10\u201340 \u2103, ja v\u00e4lt\u00e4 j\u00e4tt\u00e4m\u00e4st\u00e4 laatikkoa pitk\u00e4ksi aikaa auringonvaloon tai kosteisiin tiloihin.- Pinnan tahrat voidaan pyyhki\u00e4 pois hieman kostutetulla liinalla. V\u00e4lt\u00e4 veden p\u00e4\u00e4sy\u00e4 kellolaatikkoon. &#8211; Nesteet on poistettava v\u00e4litt\u00f6m\u00e4sti k\u00e4sin tai pehme\u00e4ll\u00e4 liinalla ja annettava pinnan kuivua viile\u00e4ss\u00e4 l\u00e4mp\u00f6tilassa. &#8211; K\u00e4yt\u00e4 s\u00e4\u00e4nn\u00f6llisesti keinonahalle tarkoitettuja hoitoaineita, jotta kiilto s\u00e4ilyy pitk\u00e4\u00e4n.- \u00c4l\u00e4 taivuta tai paina koteloa k\u00e4yt\u00f6n aikana tai kun se ei ole k\u00e4yt\u00f6ss\u00e4. &#8211; \u00c4l\u00e4 s\u00e4ilyt\u00e4 kellokoteloa kemikaalien kanssa. Toimitussis\u00e4lt\u00f6: &#8211; 1 x kellokotelo &#8211; Ilman kelloja ja koruja<\/p>\n","protected":false},"excerpt":{"rendered":"<p>SONGMICS kellolaatikko, 5 lokeroa, lasikansi, kellokotelo pehme\u00e4ll\u00e4 samettivuorauksella, kellojen esittely ja s\u00e4ilytys, lukolla ja avaimilla, JWB05B<\/p>\n","protected":false},"featured_media":41095,"comment_status":"open","ping_status":"closed","template":"","meta":[],"product_brand":[],"product_cat":[32],"product_tag":[],"class_list":{"0":"post-32042","1":"product","2":"type-product","3":"status-publish","4":"has-post-thumbnail","6":"product_cat-uncategorized-fi","8":"first","9":"instock","10":"shipping-taxable","11":"purchasable","12":"product-type-simple"},"_links":{"self":[{"href":"https:\/\/nordicmart.andreevmaster.com\/fi\/wp-json\/wp\/v2\/product\/32042","targetHints":{"allow":["GET"]}}],"collection":[{"href":"https:\/\/nordicmart.andreevmaster.com\/fi\/wp-json\/wp\/v2\/product"}],"about":[{"href":"https:\/\/nordicmart.andreevmaster.com\/fi\/wp-json\/wp\/v2\/types\/product"}],"replies":[{"embeddable":true,"href":"https:\/\/nordicmart.andreevmaster.com\/fi\/wp-json\/wp\/v2\/comments?post=32042"}],"wp:featuredmedia":[{"embeddable":true,"href":"https:\/\/nordicmart.andreevmaster.com\/fi\/wp-json\/wp\/v2\/media\/41095"}],"wp:attachment":[{"href":"https:\/\/nordicmart.andreevmaster.com\/fi\/wp-json\/wp\/v2\/media?parent=32042"}],"wp:term":[{"taxonomy":"product_brand","embeddable":true,"href":"https:\/\/nordicmart.andreevmaster.com\/fi\/wp-json\/wp\/v2\/product_brand?post=32042"},{"taxonomy":"product_cat","embeddable":true,"href":"https:\/\/nordicmart.andreevmaster.com\/fi\/wp-json\/wp\/v2\/product_cat?post=32042"},{"taxonomy":"product_tag","embeddable":true,"href":"https:\/\/nordicmart.andreevmaster.com\/fi\/wp-json\/wp\/v2\/product_tag?post=32042"}],"curies":[{"name":"wp","href":"https:\/\/api.w.org\/{rel}","templated":true}]}}