{"id":32040,"date":"2026-02-27T00:15:46","date_gmt":"2026-02-27T00:15:46","guid":{"rendered":"https:\/\/nordicmart.andreevmaster.com\/product\/songmics-kellonpyorittaja-led-valolla-ja-lukolla-automaattikelloille\/"},"modified":"2026-02-27T09:37:53","modified_gmt":"2026-02-27T09:37:53","slug":"songmics-kellonpyorittaja-led-valolla-ja-lukolla-automaattikelloille","status":"publish","type":"product","link":"https:\/\/nordicmart.andreevmaster.com\/fi\/tuote\/songmics-kellonpyorittaja-led-valolla-ja-lukolla-automaattikelloille\/","title":{"rendered":"SONGMICS kellonpy\u00f6ritt\u00e4j\u00e4 LED-valolla ja lukolla automaattikelloille"},"content":{"rendered":"<p>SONGMICS kellonpy\u00f6ritt\u00e4j\u00e4, automaattinen kellonpy\u00f6ritt\u00e4j\u00e4 1 kello, kellolaatikko, premium-moottori, LED-valo, s\u00e4\u00e4dett\u00e4v\u00e4 kellotyyny, lukko, 4 py\u00f6rimistilaa, USB-C-latauskaapeli, musta JWB030B01<br \/>\nV\u00e4ri: musta<br \/>\nMateriaali: MDF (keskitihe\u00e4 kuitulevy), akryyli, sametti, PU<br \/>\nKoko: 12,2 x 12,9 x 15,9 cm (S x L x K)<br \/>\nPaino: 0,8 kg<\/p>\n","protected":false},"excerpt":{"rendered":"<p>SONGMICS kellonpy\u00f6ritt\u00e4j\u00e4, automaattinen kellonpy\u00f6ritt\u00e4j\u00e4 1 kello, kellolaatikko, premium-moottori, LED-valo, s\u00e4\u00e4dett\u00e4v\u00e4 kellotyyny, lukko, 4 py\u00f6rimistilaa, USB-C-latauskaapeli, musta JWB030B01<\/p>\n","protected":false},"featured_media":41093,"comment_status":"open","ping_status":"closed","template":"","meta":[],"product_brand":[],"product_cat":[32],"product_tag":[],"class_list":{"0":"post-32040","1":"product","2":"type-product","3":"status-publish","4":"has-post-thumbnail","6":"product_cat-uncategorized-fi","8":"first","9":"instock","10":"shipping-taxable","11":"purchasable","12":"product-type-simple"},"_links":{"self":[{"href":"https:\/\/nordicmart.andreevmaster.com\/fi\/wp-json\/wp\/v2\/product\/32040","targetHints":{"allow":["GET"]}}],"collection":[{"href":"https:\/\/nordicmart.andreevmaster.com\/fi\/wp-json\/wp\/v2\/product"}],"about":[{"href":"https:\/\/nordicmart.andreevmaster.com\/fi\/wp-json\/wp\/v2\/types\/product"}],"replies":[{"embeddable":true,"href":"https:\/\/nordicmart.andreevmaster.com\/fi\/wp-json\/wp\/v2\/comments?post=32040"}],"wp:featuredmedia":[{"embeddable":true,"href":"https:\/\/nordicmart.andreevmaster.com\/fi\/wp-json\/wp\/v2\/media\/41093"}],"wp:attachment":[{"href":"https:\/\/nordicmart.andreevmaster.com\/fi\/wp-json\/wp\/v2\/media?parent=32040"}],"wp:term":[{"taxonomy":"product_brand","embeddable":true,"href":"https:\/\/nordicmart.andreevmaster.com\/fi\/wp-json\/wp\/v2\/product_brand?post=32040"},{"taxonomy":"product_cat","embeddable":true,"href":"https:\/\/nordicmart.andreevmaster.com\/fi\/wp-json\/wp\/v2\/product_cat?post=32040"},{"taxonomy":"product_tag","embeddable":true,"href":"https:\/\/nordicmart.andreevmaster.com\/fi\/wp-json\/wp\/v2\/product_tag?post=32040"}],"curies":[{"name":"wp","href":"https:\/\/api.w.org\/{rel}","templated":true}]}}