{"id":32037,"date":"2026-02-27T00:15:46","date_gmt":"2026-02-27T00:15:46","guid":{"rendered":"https:\/\/nordicmart.andreevmaster.com\/product\/ronne-collection-2-tasoinen-kellolaatikko-8-paikkainen-kellokotelo-travel-watch-kassi-kudottu-kohokuvioitu-pu-nahka-kelluva-vaikutus-joululahja-ink-black-u\/"},"modified":"2026-02-27T09:37:53","modified_gmt":"2026-02-27T09:37:53","slug":"ronne-collection-2-tasoinen-kellolaatikko-8-paikkainen-kellokotelo-travel-watch-kassi-kudottu-kohokuvioitu-pu-nahka-kelluva-vaikutus-joululahja-ink-black-u","status":"publish","type":"product","link":"https:\/\/nordicmart.andreevmaster.com\/fi\/tuote\/ronne-collection-2-tasoinen-kellolaatikko-8-paikkainen-kellokotelo-travel-watch-kassi-kudottu-kohokuvioitu-pu-nahka-kelluva-vaikutus-joululahja-ink-black-u\/","title":{"rendered":"RONNE Collection &#8211; 2-tasoinen kellolaatikko, 8-paikkainen kellokotelo, Travel Watch -kassi, kudottu kohokuvioitu PU-nahka, kelluva vaikutus, joululahja, Ink Black U"},"content":{"rendered":"<p>ESITTELE TYYLI\u00c4si\u3011Ajaton tyylikkyys kohtaa modernin ylellisyyden t\u00e4ss\u00e4 SONGMICS HOME RONNE -malliston 8-paikkaisessa kellolaatikossa. Yhdist\u00e4m\u00e4ll\u00e4 leikattu kulma muotoilu kudotulla kohokuvioidulla PU-nahalla, jota korostetaan patonkileikkauksesta inspiroituneella laitteistolla, se on sinun tyyli-ilmoituksesi<\/p>\n<p>\u3010KAKSIKERROKSINEN, MONIPUOLINEN S\u00c4ILYTYS\u3011S\u00e4ilyt\u00e4 kellosi 8-aukkoisella p\u00e4\u00e4llimm\u00e4isell\u00e4 kerroksella kaikenkokoisille kelloille ja j\u00e4rjest\u00e4 tarvikkeesi tyypin mukaan laatikossa, jossa on useita lokeroita. Kellokellot, sormukset, rintakorut, kellonauhat ja muutkin &#8211; kaikilla on paikkansa&#8230;\u3010EXTRA WATCH POUCH, CONVENIENCE ON THE GO\u3011Kellokotelo sis\u00e4lt\u00e4\u00e4 kannettavan kellopussin, johon mahtuu 1 kello ja 2 ranneketta. Kompakti ja kevyt, voit helposti sujauttaa sen laukkuun ja ottaa kellosi mukaan ty\u00f6matkalle tai lomalle<\/p>\n<p>\u3010SUOJAA AARTEESI\u3011J\u00e4yk\u00e4ss\u00e4 ulkopinnassa ja pehme\u00e4n tuntuisella tekomokkanahalla vuorattuna t\u00e4m\u00e4 kellonj\u00e4rjest\u00e4j\u00e4 suojaa arvoesineit\u00e4si naarmuilta ja onnettomuuksilta. Yl\u00e4osan lasi-ikkuna pit\u00e4\u00e4 p\u00f6lyn loitolla samalla kun se esittelee arvokasta kokoelmaasi.\u3010LAHJA, JOKA VAIKUTTAA\u3011Klassinen ja toiminnallinen, t\u00e4m\u00e4 2-tasoinen kelloteline on syd\u00e4men voittanut lahja syntym\u00e4p\u00e4iville, vuosip\u00e4iville tai mihin tahansa erityiseen tilaisuuteen, olipa kyseess\u00e4 sitten kokenut ker\u00e4ilij\u00e4 tai kellojen maailmaan vasta tutustunut tulokas.Tekniset tiedot: V\u00e4ri: Muste musta Materiaali: PU (polyuretaani) nahka, mokkanahka, metalli, lasi.Tuotteen koko: 7,7&#8243; D x 10,7&#8243; W x 5,7&#8243; H (19,5 x 27,3 x 14,5 cm). Tuotteen paino: 2,4 kg (5,3 lb).<\/p>\n<p>Pakkauksen sis\u00e4lt\u00f6:<\/p>\n<p>1 x kellolaatikko<\/p>\n","protected":false},"excerpt":{"rendered":"<p>ESITTELE TYYLI\u00c4si\u3011Ajaton tyylikkyys kohtaa modernin ylellisyyden t\u00e4ss\u00e4 SONGMICS HOME RONNE -malliston 8-paikkaisessa kellolaatikossa. Yhdist\u00e4m\u00e4ll\u00e4 leikattu kulma muotoilu kudotulla kohokuvioidulla PU-nahalla, jota korostetaan patonkileikkauksesta inspiroituneella laitteistolla, se on sinun tyyli-ilmoituksesi \u3010KAKSIKERROKSINEN, MONIPUOLINEN S\u00c4ILYTYS\u3011S\u00e4ilyt\u00e4 kellosi 8-aukkoisella p\u00e4\u00e4llimm\u00e4isell\u00e4 kerroksella kaikenkokoisille kelloille ja j\u00e4rjest\u00e4 tarvikkeesi tyypin mukaan laatikossa, jossa on useita lokeroita. Kellokellot, sormukset, rintakorut, kellonauhat ja muutkin &#8211; [&hellip;]<\/p>\n","protected":false},"featured_media":0,"comment_status":"open","ping_status":"closed","template":"","meta":[],"product_brand":[],"product_cat":[32],"product_tag":[],"class_list":{"0":"post-32037","1":"product","2":"type-product","3":"status-publish","5":"product_cat-uncategorized-fi","7":"first","8":"instock","9":"shipping-taxable","10":"product-type-simple"},"_links":{"self":[{"href":"https:\/\/nordicmart.andreevmaster.com\/fi\/wp-json\/wp\/v2\/product\/32037","targetHints":{"allow":["GET"]}}],"collection":[{"href":"https:\/\/nordicmart.andreevmaster.com\/fi\/wp-json\/wp\/v2\/product"}],"about":[{"href":"https:\/\/nordicmart.andreevmaster.com\/fi\/wp-json\/wp\/v2\/types\/product"}],"replies":[{"embeddable":true,"href":"https:\/\/nordicmart.andreevmaster.com\/fi\/wp-json\/wp\/v2\/comments?post=32037"}],"wp:attachment":[{"href":"https:\/\/nordicmart.andreevmaster.com\/fi\/wp-json\/wp\/v2\/media?parent=32037"}],"wp:term":[{"taxonomy":"product_brand","embeddable":true,"href":"https:\/\/nordicmart.andreevmaster.com\/fi\/wp-json\/wp\/v2\/product_brand?post=32037"},{"taxonomy":"product_cat","embeddable":true,"href":"https:\/\/nordicmart.andreevmaster.com\/fi\/wp-json\/wp\/v2\/product_cat?post=32037"},{"taxonomy":"product_tag","embeddable":true,"href":"https:\/\/nordicmart.andreevmaster.com\/fi\/wp-json\/wp\/v2\/product_tag?post=32037"}],"curies":[{"name":"wp","href":"https:\/\/api.w.org\/{rel}","templated":true}]}}