{"id":32036,"date":"2026-02-27T00:15:45","date_gmt":"2026-02-27T00:15:45","guid":{"rendered":"https:\/\/nordicmart.andreevmaster.com\/product\/songmics-lukittava-kellolaatikko-24-lokeroa-musta\/"},"modified":"2026-02-27T09:37:53","modified_gmt":"2026-02-27T09:37:53","slug":"songmics-lukittava-kellolaatikko-24-lokeroa-musta","status":"publish","type":"product","link":"https:\/\/nordicmart.andreevmaster.com\/fi\/tuote\/songmics-lukittava-kellolaatikko-24-lokeroa-musta\/","title":{"rendered":"SONGMICS Lukittava kellolaatikko, 24 lokeroa, musta"},"content":{"rendered":"<p>SONGMICS Uusi musta 24 rannekellojen s\u00e4ilytyslaatikko kotelo rannekoru rannekoru esittelytarjotin JWB024<br \/>\nV\u00e4ri: PU-p\u00e4\u00e4llinen musta, samettivuori musta<br \/>\nMateriaali: MDF (keskitihe\u00e4 kuitulevy), sametti, PU, lasi<br \/>\nKoko: 29,5 x 43 x 8 cm (S x L x K)<br \/>\nPaino: 2,4 kg<\/p>\n","protected":false},"excerpt":{"rendered":"<p>SONGMICS Uusi musta 24 rannekellojen s\u00e4ilytyslaatikko kotelo rannekoru rannekoru esittelytarjotin JWB024<\/p>\n","protected":false},"featured_media":41090,"comment_status":"open","ping_status":"closed","template":"","meta":[],"product_brand":[],"product_cat":[32],"product_tag":[],"class_list":{"0":"post-32036","1":"product","2":"type-product","3":"status-publish","4":"has-post-thumbnail","6":"product_cat-uncategorized-fi","8":"first","9":"instock","10":"shipping-taxable","11":"purchasable","12":"product-type-simple"},"_links":{"self":[{"href":"https:\/\/nordicmart.andreevmaster.com\/fi\/wp-json\/wp\/v2\/product\/32036","targetHints":{"allow":["GET"]}}],"collection":[{"href":"https:\/\/nordicmart.andreevmaster.com\/fi\/wp-json\/wp\/v2\/product"}],"about":[{"href":"https:\/\/nordicmart.andreevmaster.com\/fi\/wp-json\/wp\/v2\/types\/product"}],"replies":[{"embeddable":true,"href":"https:\/\/nordicmart.andreevmaster.com\/fi\/wp-json\/wp\/v2\/comments?post=32036"}],"wp:featuredmedia":[{"embeddable":true,"href":"https:\/\/nordicmart.andreevmaster.com\/fi\/wp-json\/wp\/v2\/media\/41090"}],"wp:attachment":[{"href":"https:\/\/nordicmart.andreevmaster.com\/fi\/wp-json\/wp\/v2\/media?parent=32036"}],"wp:term":[{"taxonomy":"product_brand","embeddable":true,"href":"https:\/\/nordicmart.andreevmaster.com\/fi\/wp-json\/wp\/v2\/product_brand?post=32036"},{"taxonomy":"product_cat","embeddable":true,"href":"https:\/\/nordicmart.andreevmaster.com\/fi\/wp-json\/wp\/v2\/product_cat?post=32036"},{"taxonomy":"product_tag","embeddable":true,"href":"https:\/\/nordicmart.andreevmaster.com\/fi\/wp-json\/wp\/v2\/product_tag?post=32036"}],"curies":[{"name":"wp","href":"https:\/\/api.w.org\/{rel}","templated":true}]}}