{"id":32035,"date":"2026-02-27T00:15:45","date_gmt":"2026-02-27T00:15:45","guid":{"rendered":"https:\/\/nordicmart.andreevmaster.com\/product\/songmics-suuri-kellolaatikko-24-kellolle\/"},"modified":"2026-02-27T09:37:52","modified_gmt":"2026-02-27T09:37:52","slug":"songmics-suuri-kellolaatikko-24-kellolle","status":"publish","type":"product","link":"https:\/\/nordicmart.andreevmaster.com\/fi\/tuote\/songmics-suuri-kellolaatikko-24-kellolle\/","title":{"rendered":"SONGMICS Suuri kellolaatikko 24 kellolle"},"content":{"rendered":"<p>Tuotteen p\u00e4\u00e4ominaisuus &#8211; Lasinen ikkuna: helppo puhdistaa, ei naarmuunnu. &#8211; Kehys: mustalla keinonahalla p\u00e4\u00e4llystetty, valkoisilla kontrastiompeleilla. &#8211; Optimaalinen suoja lukittavan napsautuslukon ansiosta, mukana 2 avainta &#8211; Kehyksen paksuus: 0,70 cm &#8211; Sis\u00e4tila: pitk\u00e4 sametti, suojaa kelloja paremmin Kuvaus:- T\u00e4m\u00e4 k\u00e4yt\u00e4nn\u00f6llinen ja tyylik\u00e4s kellolaatikko suojaa kellokokoelmaasi p\u00f6lylt\u00e4 ja naarmuilta. &#8211; Tilaa 24 rannekellolle &#8211; Lasikansi esittely\u00e4 varten &#8211; Varustettu lukolla &#8211; 24 irrotettavaa veluurityyny\u00e4 Toimitus sis\u00e4lt\u00e4\u00e4: &#8211; 1 x kellolaatikko &#8211; Ilman kelloja ja koruja<\/p>\n","protected":false},"excerpt":{"rendered":"<p>SONGMICS Uusi musta 24 rannekellojen s\u00e4ilytyslaatikko kotelo rannekoru rannekoru esittelytarjotin JWB024<\/p>\n","protected":false},"featured_media":41089,"comment_status":"open","ping_status":"closed","template":"","meta":[],"product_brand":[],"product_cat":[32],"product_tag":[],"class_list":{"0":"post-32035","1":"product","2":"type-product","3":"status-publish","4":"has-post-thumbnail","6":"product_cat-uncategorized-fi","8":"first","9":"instock","10":"shipping-taxable","11":"purchasable","12":"product-type-simple"},"_links":{"self":[{"href":"https:\/\/nordicmart.andreevmaster.com\/fi\/wp-json\/wp\/v2\/product\/32035","targetHints":{"allow":["GET"]}}],"collection":[{"href":"https:\/\/nordicmart.andreevmaster.com\/fi\/wp-json\/wp\/v2\/product"}],"about":[{"href":"https:\/\/nordicmart.andreevmaster.com\/fi\/wp-json\/wp\/v2\/types\/product"}],"replies":[{"embeddable":true,"href":"https:\/\/nordicmart.andreevmaster.com\/fi\/wp-json\/wp\/v2\/comments?post=32035"}],"wp:featuredmedia":[{"embeddable":true,"href":"https:\/\/nordicmart.andreevmaster.com\/fi\/wp-json\/wp\/v2\/media\/41089"}],"wp:attachment":[{"href":"https:\/\/nordicmart.andreevmaster.com\/fi\/wp-json\/wp\/v2\/media?parent=32035"}],"wp:term":[{"taxonomy":"product_brand","embeddable":true,"href":"https:\/\/nordicmart.andreevmaster.com\/fi\/wp-json\/wp\/v2\/product_brand?post=32035"},{"taxonomy":"product_cat","embeddable":true,"href":"https:\/\/nordicmart.andreevmaster.com\/fi\/wp-json\/wp\/v2\/product_cat?post=32035"},{"taxonomy":"product_tag","embeddable":true,"href":"https:\/\/nordicmart.andreevmaster.com\/fi\/wp-json\/wp\/v2\/product_tag?post=32035"}],"curies":[{"name":"wp","href":"https:\/\/api.w.org\/{rel}","templated":true}]}}